{"id":698,"date":"2026-03-26T13:20:14","date_gmt":"2026-03-26T17:20:14","guid":{"rendered":"https:\/\/www.cssk.ca\/?page_id=698"},"modified":"2026-03-26T14:19:41","modified_gmt":"2026-03-26T18:19:41","slug":"krajane-v-montrealu","status":"publish","type":"page","link":"https:\/\/www.cssk.ca\/sk\/our-community\/krajane-v-montrealu\/","title":{"rendered":"Krajan\u00e9"},"content":{"rendered":"\n<p>V Montrealu nen\u00ed \u010desk\u00fd konzul\u00e1t; nejbli\u017e\u0161\u00ed pracovi\u0161t\u011b je <a href=\"https:\/\/mzv.gov.cz\/ottawa\/cz\/index.html\" target=\"_blank\" rel=\"noreferrer noopener\">ambas\u00e1da<\/a> v Ottaw\u011b.<\/p>\n\n\n\n<p>V Montrealu je <a href=\"https:\/\/www.consulate-montreal.com\/info\/Slovakia-Mission-Montreal\" target=\"_blank\" rel=\"noreferrer noopener\">slovensk\u00fd konzul\u00e1t,<\/a> <a href=\"https:\/\/www.mzv.sk\/web\/Ottawa\" target=\"_blank\" rel=\"noreferrer noopener\">ambas\u00e1da<\/a> pot\u00e9 v Ottaw\u011b.<\/p>\n\n\n\n<div class=\"wp-block-columns is-layout-flex wp-container-core-columns-is-layout-9d6595d7 wp-block-columns-is-layout-flex\">\n<div class=\"wp-block-column is-layout-flow wp-block-column-is-layout-flow\">\n<figure class=\"wp-block-image size-full is-resized\"><img loading=\"lazy\" decoding=\"async\" width=\"975\" height=\"471\" src=\"https:\/\/www.cssk.ca\/wp-content\/uploads\/2026\/03\/Screen-Shot-2026-03-26-at-1.39.43-PM.png\" alt=\"\" class=\"wp-image-711\" style=\"aspect-ratio:2.0702218762164266;width:275px;height:auto\" srcset=\"https:\/\/www.cssk.ca\/wp-content\/uploads\/2026\/03\/Screen-Shot-2026-03-26-at-1.39.43-PM.png 975w, https:\/\/www.cssk.ca\/wp-content\/uploads\/2026\/03\/Screen-Shot-2026-03-26-at-1.39.43-PM-300x145.png 300w, https:\/\/www.cssk.ca\/wp-content\/uploads\/2026\/03\/Screen-Shot-2026-03-26-at-1.39.43-PM-768x371.png 768w\" sizes=\"auto, (max-width: 975px) 100vw, 975px\" \/><\/figure>\n<\/div>\n\n\n\n<div class=\"wp-block-column is-layout-flow wp-block-column-is-layout-flow\">\n<p>Na Facebooku funguje <a href=\"https:\/\/www.facebook.com\/groups\/5715543605\" target=\"_blank\" rel=\"noreferrer noopener\">skupina<\/a> \u010cech\u016f a Slov\u00e1k\u016f v Montrealu, kde se m\u016f\u017eete spojit s krajany \u010di se dozv\u011bd\u011bt d\u016fle\u017eit\u00e9 informace.<\/p>\n<\/div>\n<\/div>\n\n\n\n<p>Na t\u00e9to <a href=\"https:\/\/www.google.com\/maps\/d\/u\/2\/edit?mid=1mO0Uq_MxvrVP3Vti-yVpJSgB6jvUFdNs&amp;ll=49.63406494742421%2C-115.40184009999999&amp;z=4\" target=\"_blank\" rel=\"noreferrer noopener\">webov\u00e9 str\u00e1nce<\/a> najdete interaktivn\u00ed mapu, kde lze vyhled\u00e1vat stopy krajan\u016f v Kanad\u011b.<\/p>\n\n\n\n<figure class=\"wp-block-image size-full\"><img loading=\"lazy\" decoding=\"async\" width=\"1017\" height=\"510\" src=\"https:\/\/www.cssk.ca\/wp-content\/uploads\/2026\/03\/Screen-Shot-2026-03-26-at-1.19.01-PM.png\" alt=\"\" class=\"wp-image-699\" srcset=\"https:\/\/www.cssk.ca\/wp-content\/uploads\/2026\/03\/Screen-Shot-2026-03-26-at-1.19.01-PM.png 1017w, https:\/\/www.cssk.ca\/wp-content\/uploads\/2026\/03\/Screen-Shot-2026-03-26-at-1.19.01-PM-300x150.png 300w, https:\/\/www.cssk.ca\/wp-content\/uploads\/2026\/03\/Screen-Shot-2026-03-26-at-1.19.01-PM-768x385.png 768w\" sizes=\"auto, (max-width: 1017px) 100vw, 1017px\" \/><\/figure>\n\n\n\n<h2 class=\"wp-block-heading\">\u010cesk\u00e9 a slovensk\u00e9 zbo\u017e\u00ed v Montrealu<\/h2>\n\n\n\n<p>V n\u00ed\u017ee uveden\u00fdch obchodech m\u016f\u017eete naj\u00edt \u010desk\u00e9, slovensk\u00e9, polsk\u00e9, slovinsk\u00e9 a jin\u00e9 zbo\u017e\u00ed ze st\u0159edn\u00ed a v\u00fdchodn\u00ed Evropy, kter\u00e9 V\u00e1m m\u016f\u017ee pomoci zahnat stezk po \u010cech\u00e1ch.<\/p>\n\n\n\n<ul class=\"wp-block-list\">\n<li>\u010cesk\u00e9 a slovensk\u00e9 dovozov\u00e9 zbo\u017e\u00ed:\n<ul class=\"wp-block-list\">\n<li>Boucherie Hongroise (1984) &#8211; 3843 Boul. Saint-Laurent, Montr\u00e9al, QC H2W 1X9<\/li>\n\n\n\n<li>March\u00e9 Balkan &#8211; 1220 Bd Cur\u00e9-Labelle, Laval, QC H7V 2V5<\/li>\n<\/ul>\n<\/li>\n\n\n\n<li>Restaurace &amp; bary:\n<ul class=\"wp-block-list\">\n<li><a href=\"http:\/\/bohemiaresto.ca\/acceuil.html\" target=\"_blank\" rel=\"noreferrer noopener\">Restaurant Bohemia <\/a>&#8211; 1725 Ch. des Prairies, Brossard, QC J4X 1G2 <\/li>\n\n\n\n<li><a href=\"https:\/\/www.bilykun.com\/\" target=\"_blank\" rel=\"noreferrer noopener\">B\u00edl\u00fd K\u016f\u0148<\/a> &#8211; 354 Avenue du Mont-Royal E, Montr\u00e9al, QC H2T 1P9 <\/li>\n\n\n\n<li><a href=\"https:\/\/bieresilo.com\/\" target=\"_blank\" rel=\"noreferrer noopener\">Silo<\/a> &#8211; Brasserie &#8211; 109 Rue de Louvain O, Montr\u00e9al, QC H2N 1A3<\/li>\n<\/ul>\n<\/li>\n<\/ul>\n\n\n\n<h2 class=\"wp-block-heading\">Praktick\u00e9 kontakty<\/h2>\n\n\n\n<ul class=\"wp-block-list\">\n<li>PhDr. OLGA AJVAZOV\u00c1 &#8211; Ofici\u00e1ln\u00ed tlumo\u010dnice a p\u0159ekladatelka jazyk\u016f \u010desk\u00e9ho, slovensk\u00e9ho, anglick\u00e9ho, francouzsk\u00e9ho, \u0161pan\u011blsk\u00e9ho a rusk\u00e9ho. \n<ul class=\"wp-block-list\">\n<li>5254 C\u00f4te St. Antoine, Montr\u00e9al, QC H4A 1P4<\/li>\n\n\n\n<li>Telefon: (514) 481-3333<\/li>\n\n\n\n<li>E-mail: olgatranslation@sympatico.ca<\/li>\n<\/ul>\n<\/li>\n<\/ul>\n","protected":false},"excerpt":{"rendered":"<p>V Montrealu nen\u00ed \u010desk\u00fd konzul\u00e1t; nejbli\u017e\u0161\u00ed pracovi\u0161t\u011b je ambas\u00e1da v Ottaw\u011b. V Montrealu je slovensk\u00fd konzul\u00e1t, ambas\u00e1da pot\u00e9 v Ottaw\u011b. Na Facebooku funguje skupina \u010cech\u016f a Slov\u00e1k\u016f v Montrealu, kde se m\u016f\u017eete spojit s krajany \u010di se dozv\u011bd\u011bt d\u016fle\u017eit\u00e9 informace. Na t\u00e9to webov\u00e9 str\u00e1nce najdete interaktivn\u00ed mapu, kde lze vyhled\u00e1vat stopy krajan\u016f v Kanad\u011b. \u010cesk\u00e9 [&hellip;]<\/p>\n","protected":false},"author":6,"featured_media":0,"parent":15,"menu_order":0,"comment_status":"closed","ping_status":"closed","template":"","meta":{"footnotes":""},"class_list":["post-698","page","type-page","status-publish","hentry","branch-montreal"],"_links":{"self":[{"href":"https:\/\/www.cssk.ca\/sk\/wp-json\/wp\/v2\/pages\/698","targetHints":{"allow":["GET"]}}],"collection":[{"href":"https:\/\/www.cssk.ca\/sk\/wp-json\/wp\/v2\/pages"}],"about":[{"href":"https:\/\/www.cssk.ca\/sk\/wp-json\/wp\/v2\/types\/page"}],"author":[{"embeddable":true,"href":"https:\/\/www.cssk.ca\/sk\/wp-json\/wp\/v2\/users\/6"}],"replies":[{"embeddable":true,"href":"https:\/\/www.cssk.ca\/sk\/wp-json\/wp\/v2\/comments?post=698"}],"version-history":[{"count":11,"href":"https:\/\/www.cssk.ca\/sk\/wp-json\/wp\/v2\/pages\/698\/revisions"}],"predecessor-version":[{"id":724,"href":"https:\/\/www.cssk.ca\/sk\/wp-json\/wp\/v2\/pages\/698\/revisions\/724"}],"up":[{"embeddable":true,"href":"https:\/\/www.cssk.ca\/sk\/wp-json\/wp\/v2\/pages\/15"}],"wp:attachment":[{"href":"https:\/\/www.cssk.ca\/sk\/wp-json\/wp\/v2\/media?parent=698"}],"curies":[{"name":"wp","href":"https:\/\/api.w.org\/{rel}","templated":true}]}}