{"id":217,"date":"2025-03-22T16:35:34","date_gmt":"2025-03-22T20:35:34","guid":{"rendered":"https:\/\/www.cssk.ca\/new\/?page_id=217"},"modified":"2025-03-22T16:35:34","modified_gmt":"2025-03-22T20:35:34","slug":"yukon-board","status":"publish","type":"page","link":"https:\/\/www.cssk.ca\/sk\/our-community\/yukon-board\/","title":{"rendered":"V\u00fdbor"},"content":{"rendered":"<h2 data-start=\"35\" data-end=\"68\">V\u00fdbor CSAC Yukon pre rok 2021<\/h2>\n<ul>\n<li data-start=\"70\" data-end=\"237\"><strong data-start=\"70\" data-end=\"82\">Predseda<\/strong>: Patrik Pik\u00e1lek<\/li>\n<li data-start=\"70\" data-end=\"237\"><strong data-start=\"101\" data-end=\"116\">Podpredseda<\/strong>: Ji\u0159\u00ed \u201eMikin\u201c B\u00edlina<\/li>\n<li data-start=\"70\" data-end=\"237\"><strong data-start=\"140\" data-end=\"153\">Pokladn\u00edk<\/strong>: Daniel Dreisetl<\/li>\n<li data-start=\"70\" data-end=\"237\"><strong data-start=\"173\" data-end=\"185\" data-is-only-node=\"\">Tajomn\u00edk<\/strong>: Vlastimil Adam<\/li>\n<li data-start=\"70\" data-end=\"237\"><strong data-start=\"204\" data-end=\"217\">Rev\u00edzorka<\/strong>: Monika Kozlerov\u00e1<\/li>\n<\/ul>\n<h3 data-start=\"239\" data-end=\"269\">\u010clen v\u00fdboru<\/h3>\n<ul>\n<li data-start=\"239\" data-end=\"269\">Ond\u0159ej Culen<\/li>\n<\/ul>\n","protected":false},"excerpt":{"rendered":"<p>V\u00fdbor CSAC Yukon pre rok 2021 Predseda: Patrik Pik\u00e1lek Podpredseda: Ji\u0159\u00ed \u201eMikin\u201c B\u00edlina Pokladn\u00edk: Daniel Dreisetl Tajomn\u00edk: Vlastimil Adam Rev\u00edzorka: Monika Kozlerov\u00e1 \u010clen v\u00fdboru Ond\u0159ej Culen<\/p>\n","protected":false},"author":2,"featured_media":0,"parent":15,"menu_order":0,"comment_status":"closed","ping_status":"closed","template":"","meta":{"footnotes":""},"class_list":["post-217","page","type-page","status-publish","hentry","branch-yukon"],"_links":{"self":[{"href":"https:\/\/www.cssk.ca\/sk\/wp-json\/wp\/v2\/pages\/217","targetHints":{"allow":["GET"]}}],"collection":[{"href":"https:\/\/www.cssk.ca\/sk\/wp-json\/wp\/v2\/pages"}],"about":[{"href":"https:\/\/www.cssk.ca\/sk\/wp-json\/wp\/v2\/types\/page"}],"author":[{"embeddable":true,"href":"https:\/\/www.cssk.ca\/sk\/wp-json\/wp\/v2\/users\/2"}],"replies":[{"embeddable":true,"href":"https:\/\/www.cssk.ca\/sk\/wp-json\/wp\/v2\/comments?post=217"}],"version-history":[{"count":1,"href":"https:\/\/www.cssk.ca\/sk\/wp-json\/wp\/v2\/pages\/217\/revisions"}],"predecessor-version":[{"id":218,"href":"https:\/\/www.cssk.ca\/sk\/wp-json\/wp\/v2\/pages\/217\/revisions\/218"}],"up":[{"embeddable":true,"href":"https:\/\/www.cssk.ca\/sk\/wp-json\/wp\/v2\/pages\/15"}],"wp:attachment":[{"href":"https:\/\/www.cssk.ca\/sk\/wp-json\/wp\/v2\/media?parent=217"}],"curies":[{"name":"wp","href":"https:\/\/api.w.org\/{rel}","templated":true}]}}