{"id":213,"date":"2025-03-22T16:31:42","date_gmt":"2025-03-22T20:31:42","guid":{"rendered":"https:\/\/www.cssk.ca\/new\/?page_id=213"},"modified":"2025-03-23T00:45:05","modified_gmt":"2025-03-23T04:45:05","slug":"winnipeg-history","status":"publish","type":"page","link":"https:\/\/www.cssk.ca\/sk\/our-community\/winnipeg-history\/","title":{"rendered":"Hist\u00f3ria"},"content":{"rendered":"<p class=\"p1\"><span class=\"s1\"><b>Prv\u00fd z\u00e1znam o zdru\u017eovan\u00ed a organizovan\u00ed \u010cechov a Slov\u00e1kov v Manitobe poch\u00e1dza z roku 1907<\/b><\/span>, ke\u010f bolo vytvoren\u00e9 prv\u00e9 hudobn\u00e9 teleso, ktor\u00e9 si r\u00fdchlo z\u00edskalo popularitu na krajansk\u00fdch besiedkach. V roku 1913 sa 70 na\u0161ich krajanov rozhodlo zalo\u017ei\u0165 krajansk\u00fa organiz\u00e1ciu, z ktor\u00fdch 54 sa stalo zakladaj\u00facimi \u010dlenmi \u010cesko-Slovanskej Podporuj\u00facej Jednoty. Po\u010das prvej svetovej vojny mnoh\u00ed \u010dlenovia pova\u017eovali za nevyhnutn\u00e9 vytvori\u0165 pobo\u010dku N\u00e1rodn\u00e9ho Zdru\u017eenia, ktor\u00e1 \u00fazko spolupracovala s N\u00e1rodn\u00fdm Zdru\u017een\u00edm, N\u00e1rodn\u00fdm zv\u00e4zom \u010desk\u00fdch katol\u00edkov a Slovenskou Ligou (v\u0161etko chicagsk\u00e9 organiz\u00e1cie) a spolo\u010dne sa postavili za vznik \u010ceskoslovenskej republiky.<\/p>\n<p class=\"p1\"><span class=\"s1\"><b>V rokoch 1918\u20131938 \u010dinnos\u0165 Zdru\u017eenia ut\u00edchla<\/b><\/span> a v\u00e4\u010d\u0161ina \u010dlenov sa op\u00e4\u0165 zapojila do pr\u00e1ce v Podporuj\u00facej Jednote, ktor\u00e1 sa na\u010falej venovala osvete \u010deskej a slovenskej komunity a predov\u0161etk\u00fdm pomoci nov\u00fdm emigrantom do Manitoby.<\/p>\n<p class=\"p1\"><span class=\"s1\"><b>D\u0148a 2. apr\u00edla 1939 gener\u00e1lny konzul \u010ceskoslovenskej republiky v Kanade zvolal z\u00e1stupcov na\u0161ich krajanov na gener\u00e1lny konzul\u00e1t<\/b><\/span>, kde sa diskutovalo o zalo\u017een\u00ed odbojovej organiz\u00e1cie. Valn\u00e9 zhroma\u017edenie bolo zvolan\u00e9 na 30. apr\u00edla, kde bol zvolen\u00fd prv\u00fd v\u00fdbor nov\u00e9ho \u010ceskoslovensk\u00e9ho Zdru\u017eenia, ktor\u00fd sa stretol na ustanovuj\u00facom kongrese v Toronte 24.\u201325. m\u00e1ja 1939. Organiz\u00e1cia bola pomenovan\u00e1 <span class=\"s1\"><b>N\u00e1rodn\u00e9 Zdru\u017eenie Slov\u00e1kov, \u010cechov a Podkarpatsk\u00fdch Rus\u00ednov v Kanade<\/b><\/span>, a a\u017e nesk\u00f4r premenovan\u00e1 na <span class=\"s1\"><b>\u010ceskoslovensk\u00e9 N\u00e1rodn\u00e9 zdru\u017eenie v Kanade<\/b><\/span>.<\/p>\n<p class=\"p1\"><span class=\"s1\"><b>Winnipe\u017esk\u00e1 pobo\u010dka bola zalo\u017een\u00e1 25. m\u00e1ja 1939 a mala 124 zap\u00edsan\u00fdch \u010dlenov.<\/b><\/span> Prv\u00fdm predsedom sa stal Franti\u0161ek Doj\u00e1\u010dek a organiz\u00e1cia po\u010das vojnov\u00fdch rokov usporad\u00favala jednu v\u00fdnosn\u00fa akciu za druhou na podporu \u010cerven\u00e9ho kr\u00ed\u017ea, kanadsk\u00fdch a \u010desk\u00fdch vojensk\u00fdch jednotiek a \u010fal\u0161\u00edch. Po\u010das vojny sa celokanadsk\u00e1 organiz\u00e1cia rozr\u00e1stla na 91 pobo\u010diek s 2000 \u010dlenmi a v Manitobe, okrem Winnipegu, p\u00f4sobila aj vo Flin Flon, Morden, Steinbach, Dominion City a Minetonas. <span class=\"s1\"><b>Na takzvanom V\u00ed\u0165aznom Kongrese v roku 1945 n\u00e1vrh na rozpustenie organiz\u00e1cie nepre\u0161iel.<\/b><b><\/b><\/span><\/p>\n<p class=\"p1\"><span class=\"s1\"><b>Povojnov\u00e9 roky priniesli op\u00e4tovn\u00fd \u00fatlm \u010dinnosti.<\/b><\/span> Vo Winnipegu toto obdobie trvalo a\u017e do roku 1956. V decembri toho roku 17 obnovuj\u00facich \u010dlenov ustanovilo\/obnovilo pobo\u010dku N\u00e1rodn\u00e9ho zdru\u017eenia. V roku 1963 mala organiz\u00e1cia 105 \u010dlenov a za predsedu bol zvolen\u00fd Franti\u0161ek Baleja. V\u0161etky pobo\u010dky mimo Winnipegu boli zru\u0161en\u00e9 a reprezentovali ich obvodn\u00ed d\u00f4vern\u00edci. I\u0161lo o distrikty: Cloverleaf, Darlingford-Morden, Dominion City, Dufresne, Glenboro, Grande Pointe, Ridgeville, Sanford, Sperling a Transcona.<\/p>\n<p class=\"p3\"><b>N\u00e1rodn\u00e9 Zdru\u017eenie fungovalo v p\u00f4vodnej forme a\u017e do 28. septembra 1960<\/b><span class=\"s2\">, ke\u010f bolo celo\u0161t\u00e1tne inkorporovan\u00e9. <\/span><b>Kanadsk\u00e1 vl\u00e1da ofici\u00e1lne odovzdala organiz\u00e1cii jej chartu d\u0148a 11. marca 1961 na 8. kongrese v Hamiltone.<\/b><b><\/b><\/p>\n<p class=\"p1\"><span class=\"s1\"><b>Pod veden\u00edm Franti\u0161ka Baleju bola winnipe\u017esk\u00e1 pobo\u010dka pripraven\u00e1 v\u00edta\u0165 a pom\u00e1ha\u0165 novej vlne emigrantov v roku 1968.<\/b><\/span> Ke\u010f sa brat Baleja rozhodol za\u010diatkom sedemdesiatych rokov odst\u00fapi\u0165 z poz\u00edcie predsedu, Adolf Klimek, dlhoro\u010dn\u00fd priate\u013e Franti\u0161ka z povojnovej emigr\u00e1cie, prevzal predsedn\u00edctvo. <span class=\"s1\"><b>Po bratovi Klimkovi u\u017e vedenie prevzala nov\u00e1 vlna \u010desko-kanadsk\u00fdch emigrantov.<\/b><\/span> Boli to: Miroslav Folta, Franti\u0161ek Kadlec, Gabriel Adamec, Josef Dobrovoln\u00fd, Jan Slav\u00ed\u010dek, Miroslav N\u011bme\u010dek, Vil\u00e9m Kun, Richard Pe\u0161\u00edk, Franti\u0161ek Hlubu\u010dek a dnes Eva Sailerov\u00e1.<\/p>\n<p class=\"p3\"><b>Sp\u00edsala M\u00ed\u0161a Gogelov\u00e1<br \/>\n<\/b><\/p>\n<p class=\"p1\"><b>Predsedovia winnipe\u017eskej pobo\u010dky:<\/b><b><\/b><\/p>\n<ul>\n<li>1939 \u2014 1963 Franti\u0161ek DOJ\u00c1\u010cEK<\/li>\n<li>1963 \u2014 1970 Franti\u0161ek&nbsp;BALEJA<\/li>\n<li>1971 \u2014 1973 Adolf&nbsp;KL\u00cdMEK<\/li>\n<li>1973 \u2014 1976 Judr. Miroslav&nbsp;FOLTA<\/li>\n<li>1976 \u2014 1978 Ing. Franti\u0161ek&nbsp;KADLEC<\/li>\n<li>1978 \u2014 1979 Gabriel&nbsp;ADAMEC<\/li>\n<li>1979 \u2014 1980 Jan SLAVI\u010cEK<\/li>\n<li>1980 \u2014 1981 Judr. Miroslav&nbsp;FOLTA<\/li>\n<li>1981 \u2014 1983 Josef&nbsp;DOBROVOLN\u00dd<\/li>\n<li>1983 \u2014 1987 Miroslav N\u011aME\u010cEK<\/li>\n<li>1988 \u2014 1990 Jan SLAV\u00cd\u010cEK<\/li>\n<li>1990 \u2014 1994 Vil\u00e9m&nbsp;KUN<\/li>\n<li>1994 \u2014 1995 Richard PE\u0160\u00cdK<\/li>\n<li>1995 \u2014 2000 Franti\u0161ek HLUBU\u010cEK<\/li>\n<li>2000 \u2014 2012 Dr. Eva&nbsp;SAILEROV\u00c1<\/li>\n<li>2012 \u2014 dodnes Misha&nbsp;GOGELOV\u00c1<\/li>\n<\/ul>\n<p class=\"p3\"><b>&nbsp;<\/b><\/p>\n","protected":false},"excerpt":{"rendered":"<p>Prv\u00fd z\u00e1znam o zdru\u017eovan\u00ed a organizovan\u00ed \u010cechov a Slov\u00e1kov v Manitobe poch\u00e1dza z roku 1907, ke\u010f bolo vytvoren\u00e9 prv\u00e9 hudobn\u00e9 teleso, ktor\u00e9 si r\u00fdchlo z\u00edskalo popularitu na krajansk\u00fdch besiedkach. V roku 1913 sa 70 na\u0161ich krajanov rozhodlo zalo\u017ei\u0165 krajansk\u00fa organiz\u00e1ciu, z ktor\u00fdch 54 sa stalo zakladaj\u00facimi \u010dlenmi \u010cesko-Slovanskej Podporuj\u00facej Jednoty. Po\u010das prvej svetovej vojny mnoh\u00ed [&hellip;]<\/p>\n","protected":false},"author":2,"featured_media":0,"parent":15,"menu_order":0,"comment_status":"closed","ping_status":"closed","template":"","meta":{"footnotes":""},"class_list":["post-213","page","type-page","status-publish","hentry","branch-winnipeg"],"_links":{"self":[{"href":"https:\/\/www.cssk.ca\/sk\/wp-json\/wp\/v2\/pages\/213","targetHints":{"allow":["GET"]}}],"collection":[{"href":"https:\/\/www.cssk.ca\/sk\/wp-json\/wp\/v2\/pages"}],"about":[{"href":"https:\/\/www.cssk.ca\/sk\/wp-json\/wp\/v2\/types\/page"}],"author":[{"embeddable":true,"href":"https:\/\/www.cssk.ca\/sk\/wp-json\/wp\/v2\/users\/2"}],"replies":[{"embeddable":true,"href":"https:\/\/www.cssk.ca\/sk\/wp-json\/wp\/v2\/comments?post=213"}],"version-history":[{"count":2,"href":"https:\/\/www.cssk.ca\/sk\/wp-json\/wp\/v2\/pages\/213\/revisions"}],"predecessor-version":[{"id":230,"href":"https:\/\/www.cssk.ca\/sk\/wp-json\/wp\/v2\/pages\/213\/revisions\/230"}],"up":[{"embeddable":true,"href":"https:\/\/www.cssk.ca\/sk\/wp-json\/wp\/v2\/pages\/15"}],"wp:attachment":[{"href":"https:\/\/www.cssk.ca\/sk\/wp-json\/wp\/v2\/media?parent=213"}],"curies":[{"name":"wp","href":"https:\/\/api.w.org\/{rel}","templated":true}]}}