{"id":211,"date":"2025-03-22T16:29:24","date_gmt":"2025-03-22T20:29:24","guid":{"rendered":"https:\/\/www.cssk.ca\/new\/?page_id=211"},"modified":"2025-03-22T16:29:24","modified_gmt":"2025-03-22T20:29:24","slug":"vancouver-board","status":"publish","type":"page","link":"https:\/\/www.cssk.ca\/sk\/our-community\/vancouver-board\/","title":{"rendered":"V\u00fdbor"},"content":{"rendered":"<h2 data-start=\"31\" data-end=\"76\">V\u00fdbor CSAC Vancouver za obdobie 2019\u20132020<\/h2>\n<ul>\n<li data-start=\"78\" data-end=\"467\"><strong data-start=\"78\" data-end=\"91\">Prezident<\/strong>: Pavel K\u0159\u00ed\u017eka<\/li>\n<li data-start=\"78\" data-end=\"467\"><strong data-start=\"108\" data-end=\"128\">\u010cestn\u00fd prezident<\/strong>: Milo\u0161 Zach<\/li>\n<li data-start=\"78\" data-end=\"467\"><strong data-start=\"143\" data-end=\"162\">Viceprezidentka<\/strong>: Dana Cline<\/li>\n<li data-start=\"78\" data-end=\"467\"><strong data-start=\"177\" data-end=\"200\" data-is-only-node=\"\">Pokladn\u00edk, redakcia<\/strong>: Jan Mikul\u00e1\u0161t\u00edk<\/li>\n<li data-start=\"78\" data-end=\"467\"><strong data-start=\"219\" data-end=\"235\">Redak\u010dn\u00fd t\u00edm<\/strong>: Marta Jamborov\u00e1, Romana Zemanov\u00e1<\/li>\n<li data-start=\"78\" data-end=\"467\"><strong data-start=\"272\" data-end=\"301\">Ved\u00faci turistick\u00e9ho klubu<\/strong>: Zuzana a Pavel K\u0159\u00ed\u017eka<\/li>\n<li data-start=\"78\" data-end=\"467\"><strong data-start=\"327\" data-end=\"368\">Administr\u00e1tori Facebooku a MailChimpu<\/strong>: Blanka Olivov\u00e1, Pavel K\u0159\u00ed\u017eka<\/li>\n<li data-start=\"78\" data-end=\"467\"><strong data-start=\"401\" data-end=\"410\">\u0160port<\/strong>: Jan Jarol\u00edm<\/li>\n<li data-start=\"78\" data-end=\"467\"><strong data-start=\"426\" data-end=\"447\">Aktivity pre deti<\/strong>: Radka Vrecenkov\u00e1<\/li>\n<\/ul>\n<h3 data-start=\"469\" data-end=\"494\">Rev\u00edzor<\/h3>\n<ul>\n<li data-start=\"469\" data-end=\"494\">Jan Jarol\u00edm<\/li>\n<\/ul>\n","protected":false},"excerpt":{"rendered":"<p>V\u00fdbor CSAC Vancouver za obdobie 2019\u20132020 Prezident: Pavel K\u0159\u00ed\u017eka \u010cestn\u00fd prezident: Milo\u0161 Zach Viceprezidentka: Dana Cline Pokladn\u00edk, redakcia: Jan Mikul\u00e1\u0161t\u00edk Redak\u010dn\u00fd t\u00edm: Marta Jamborov\u00e1, Romana Zemanov\u00e1 Ved\u00faci turistick\u00e9ho klubu: Zuzana a Pavel K\u0159\u00ed\u017eka Administr\u00e1tori Facebooku a MailChimpu: Blanka Olivov\u00e1, Pavel K\u0159\u00ed\u017eka \u0160port: Jan Jarol\u00edm Aktivity pre deti: Radka Vrecenkov\u00e1 Rev\u00edzor Jan Jarol\u00edm<\/p>\n","protected":false},"author":2,"featured_media":0,"parent":15,"menu_order":0,"comment_status":"closed","ping_status":"closed","template":"","meta":{"footnotes":""},"class_list":["post-211","page","type-page","status-publish","hentry","branch-vancouver"],"_links":{"self":[{"href":"https:\/\/www.cssk.ca\/sk\/wp-json\/wp\/v2\/pages\/211","targetHints":{"allow":["GET"]}}],"collection":[{"href":"https:\/\/www.cssk.ca\/sk\/wp-json\/wp\/v2\/pages"}],"about":[{"href":"https:\/\/www.cssk.ca\/sk\/wp-json\/wp\/v2\/types\/page"}],"author":[{"embeddable":true,"href":"https:\/\/www.cssk.ca\/sk\/wp-json\/wp\/v2\/users\/2"}],"replies":[{"embeddable":true,"href":"https:\/\/www.cssk.ca\/sk\/wp-json\/wp\/v2\/comments?post=211"}],"version-history":[{"count":1,"href":"https:\/\/www.cssk.ca\/sk\/wp-json\/wp\/v2\/pages\/211\/revisions"}],"predecessor-version":[{"id":212,"href":"https:\/\/www.cssk.ca\/sk\/wp-json\/wp\/v2\/pages\/211\/revisions\/212"}],"up":[{"embeddable":true,"href":"https:\/\/www.cssk.ca\/sk\/wp-json\/wp\/v2\/pages\/15"}],"wp:attachment":[{"href":"https:\/\/www.cssk.ca\/sk\/wp-json\/wp\/v2\/media?parent=211"}],"curies":[{"name":"wp","href":"https:\/\/api.w.org\/{rel}","templated":true}]}}