{"id":197,"date":"2025-03-22T16:18:35","date_gmt":"2025-03-22T20:18:35","guid":{"rendered":"https:\/\/www.cssk.ca\/new\/?page_id=197"},"modified":"2026-03-25T17:01:57","modified_gmt":"2026-03-25T21:01:57","slug":"montreal-board","status":"publish","type":"page","link":"https:\/\/www.cssk.ca\/sk\/our-community\/montreal-board\/","title":{"rendered":"V\u00fdbor"},"content":{"rendered":"<h2 data-start=\"31\" data-end=\"77\">V\u00fdbor CSAC Montreal za obdobie 2022 \u2014 2023<\/h2>\n<ul>\n<li data-start=\"79\" data-end=\"448\"><strong data-start=\"79\" data-end=\"94\">Prezidentka<\/strong>: Andrea Larocque<\/li>\n<li data-start=\"79\" data-end=\"448\"><strong data-start=\"114\" data-end=\"131\">Viceprezident<\/strong>: Ludv\u00edk Martin\u016f<\/li>\n<li data-start=\"79\" data-end=\"448\"><strong data-start=\"150\" data-end=\"162\">Tajomn\u00edk<\/strong>: Anton\u00edn Matou\u0161ek<\/li>\n<li data-start=\"79\" data-end=\"448\"><strong data-start=\"183\" data-end=\"198\">Pokladn\u00ed\u010dka<\/strong>: Kate\u0159ina Kwasniakov\u00e1<\/li>\n<li data-start=\"79\" data-end=\"448\"><strong data-start=\"223\" data-end=\"240\">Registr\u00e1torka<\/strong>: Alena Martin\u016f<\/li>\n<li data-start=\"79\" data-end=\"448\"><strong data-start=\"258\" data-end=\"297\">Referentka pre z\u00e1le\u017eitosti seniorov<\/strong>: Iva Radokov\u00e1<\/li>\n<li data-start=\"79\" data-end=\"448\"><strong data-start=\"314\" data-end=\"336\">Tla\u010dov\u00e1 referentka<\/strong>: Alena Martin\u016f<\/li>\n<li data-start=\"79\" data-end=\"448\"><strong data-start=\"354\" data-end=\"384\">Koordin\u00e1torka \u010ceskej \u0161koly<\/strong>: Krist\u00fdna Pol\u00e1\u010dkov\u00e1<\/li>\n<li data-start=\"79\" data-end=\"448\"><strong data-start=\"407\" data-end=\"431\">Koordin\u00e1torka baz\u00e1ru<\/strong>: Alice Havlov\u00e1<\/li>\n<li data-start=\"79\" data-end=\"448\"><strong data-start=\"450\" data-end=\"469\">Rev\u00edzorky \u00fa\u010dtov<\/strong>: Vesna Alin\u010de, Jitka Kirchnerov\u00e1<\/li>\n<li data-start=\"79\" data-end=\"448\"><strong data-start=\"506\" data-end=\"550\">\u010cestn\u00e9 \u010dlenky v\u00fdboru (zvolen\u00e9 do\u017eivotne)<\/strong>: M\u00ed\u0161a Fuchsov\u00e1, Ema Ko\u0161ack\u00e1<\/li>\n<\/ul>\n","protected":false},"excerpt":{"rendered":"<p>V\u00fdbor CSAC Montreal za obdobie 2022 \u2014 2023 Prezidentka: Andrea Larocque Viceprezident: Ludv\u00edk Martin\u016f Tajomn\u00edk: Anton\u00edn Matou\u0161ek Pokladn\u00ed\u010dka: Kate\u0159ina Kwasniakov\u00e1 Registr\u00e1torka: Alena Martin\u016f Referentka pre z\u00e1le\u017eitosti seniorov: Iva Radokov\u00e1 Tla\u010dov\u00e1 referentka: Alena Martin\u016f Koordin\u00e1torka \u010ceskej \u0161koly: Krist\u00fdna Pol\u00e1\u010dkov\u00e1 Koordin\u00e1torka baz\u00e1ru: Alice Havlov\u00e1 Rev\u00edzorky \u00fa\u010dtov: Vesna Alin\u010de, Jitka Kirchnerov\u00e1 \u010cestn\u00e9 \u010dlenky v\u00fdboru (zvolen\u00e9 do\u017eivotne): M\u00ed\u0161a Fuchsov\u00e1, [&hellip;]<\/p>\n","protected":false},"author":2,"featured_media":0,"parent":15,"menu_order":0,"comment_status":"closed","ping_status":"closed","template":"","meta":{"footnotes":""},"class_list":["post-197","page","type-page","status-publish","hentry","branch-montreal"],"_links":{"self":[{"href":"https:\/\/www.cssk.ca\/sk\/wp-json\/wp\/v2\/pages\/197","targetHints":{"allow":["GET"]}}],"collection":[{"href":"https:\/\/www.cssk.ca\/sk\/wp-json\/wp\/v2\/pages"}],"about":[{"href":"https:\/\/www.cssk.ca\/sk\/wp-json\/wp\/v2\/types\/page"}],"author":[{"embeddable":true,"href":"https:\/\/www.cssk.ca\/sk\/wp-json\/wp\/v2\/users\/2"}],"replies":[{"embeddable":true,"href":"https:\/\/www.cssk.ca\/sk\/wp-json\/wp\/v2\/comments?post=197"}],"version-history":[{"count":8,"href":"https:\/\/www.cssk.ca\/sk\/wp-json\/wp\/v2\/pages\/197\/revisions"}],"predecessor-version":[{"id":672,"href":"https:\/\/www.cssk.ca\/sk\/wp-json\/wp\/v2\/pages\/197\/revisions\/672"}],"up":[{"embeddable":true,"href":"https:\/\/www.cssk.ca\/sk\/wp-json\/wp\/v2\/pages\/15"}],"wp:attachment":[{"href":"https:\/\/www.cssk.ca\/sk\/wp-json\/wp\/v2\/media?parent=197"}],"curies":[{"name":"wp","href":"https:\/\/api.w.org\/{rel}","templated":true}]}}