{"id":185,"date":"2025-03-22T15:21:23","date_gmt":"2025-03-22T19:21:23","guid":{"rendered":"https:\/\/www.cssk.ca\/new\/?page_id=185"},"modified":"2025-03-22T15:21:24","modified_gmt":"2025-03-22T19:21:24","slug":"calgary-magazine","status":"publish","type":"page","link":"https:\/\/www.cssk.ca\/sk\/our-community\/calgary-magazine\/","title":{"rendered":"Magazine"},"content":{"rendered":"\n<p>\u010casopis <strong>CALGARSK\u00c9 LISTY<\/strong> \u2014 vyd\u00e1v\u00e1me 4x do roka. Z\u00e1jemci o tento krajany v Calgary a okol\u00ed obl\u00edben\u00fd \u010dasopis se mohou p\u0159ihl\u00e1sit u redaktora Calgarsk\u00fdch List\u016f p. Vladim\u00edra Ma\u0161aty na tel. 289\u20117244 nebo email: vlamasata@gmail.com<\/p>\n\n\n\n<p>O \u010dasopis si m\u016f\u017eete napsat na Czech and Slovak Association 243 Queensland Rd SE CALGARY, AB T2J 3S1<\/p>\n","protected":false},"excerpt":{"rendered":"<p>\u010casopis CALGARSK\u00c9 LISTY \u2014 vyd\u00e1v\u00e1me 4x do roka. Z\u00e1jemci o tento krajany v Calgary a okol\u00ed obl\u00edben\u00fd \u010dasopis se mohou p\u0159ihl\u00e1sit u redaktora Calgarsk\u00fdch List\u016f p. Vladim\u00edra Ma\u0161aty na tel. 289\u20117244 nebo email: vlamasata@gmail.com O \u010dasopis si m\u016f\u017eete napsat na Czech and Slovak Association 243 Queensland Rd SE CALGARY, AB T2J 3S1<\/p>\n","protected":false},"author":1,"featured_media":0,"parent":15,"menu_order":0,"comment_status":"closed","ping_status":"closed","template":"","meta":{"footnotes":""},"class_list":["post-185","page","type-page","status-publish","hentry","branch-calgary"],"_links":{"self":[{"href":"https:\/\/www.cssk.ca\/sk\/wp-json\/wp\/v2\/pages\/185","targetHints":{"allow":["GET"]}}],"collection":[{"href":"https:\/\/www.cssk.ca\/sk\/wp-json\/wp\/v2\/pages"}],"about":[{"href":"https:\/\/www.cssk.ca\/sk\/wp-json\/wp\/v2\/types\/page"}],"author":[{"embeddable":true,"href":"https:\/\/www.cssk.ca\/sk\/wp-json\/wp\/v2\/users\/1"}],"replies":[{"embeddable":true,"href":"https:\/\/www.cssk.ca\/sk\/wp-json\/wp\/v2\/comments?post=185"}],"version-history":[{"count":1,"href":"https:\/\/www.cssk.ca\/sk\/wp-json\/wp\/v2\/pages\/185\/revisions"}],"predecessor-version":[{"id":186,"href":"https:\/\/www.cssk.ca\/sk\/wp-json\/wp\/v2\/pages\/185\/revisions\/186"}],"up":[{"embeddable":true,"href":"https:\/\/www.cssk.ca\/sk\/wp-json\/wp\/v2\/pages\/15"}],"wp:attachment":[{"href":"https:\/\/www.cssk.ca\/sk\/wp-json\/wp\/v2\/media?parent=185"}],"curies":[{"name":"wp","href":"https:\/\/api.w.org\/{rel}","templated":true}]}}