{"id":176,"date":"2025-03-22T15:08:19","date_gmt":"2025-03-22T19:08:19","guid":{"rendered":"https:\/\/www.cssk.ca\/new\/?page_id=176"},"modified":"2026-01-11T15:24:16","modified_gmt":"2026-01-11T20:24:16","slug":"ottawa-board","status":"publish","type":"page","link":"https:\/\/www.cssk.ca\/sk\/our-community\/ottawa-board\/","title":{"rendered":"V\u00fdbor"},"content":{"rendered":"<h2 data-start=\"31\" data-end=\"73\">V\u00fdbor CSAC Ottawa za obdobie 2019\u20132020<\/h2>\n<ul>\n<li data-start=\"75\" data-end=\"168\"><strong data-start=\"75\" data-end=\"88\">Prezident<\/strong>: David Bene\u0161<\/li>\n<li data-start=\"75\" data-end=\"168\"><strong data-start=\"104\" data-end=\"119\">Pokladn\u00ed\u010dka<\/strong>: Helena Flack<\/li>\n<li data-start=\"75\" data-end=\"168\"><strong data-start=\"136\" data-end=\"150\">Tajomn\u00ed\u010dka<\/strong>: Lenka Mikulov\u00e1<\/li>\n<\/ul>\n<h3 data-start=\"170\" data-end=\"227\">Rev\u00edzori<\/h3>\n<ul>\n<li data-start=\"170\" data-end=\"227\">Ji\u0159\u00ed Krupka<\/li>\n<li data-start=\"170\" data-end=\"227\">Renata Wachowiak-Smol\u00edkov\u00e1<\/li>\n<\/ul>\n<h3 data-start=\"229\" data-end=\"279\">\u010clenovia v\u00fdboru<\/h3>\n<ul>\n<li data-start=\"229\" data-end=\"279\">Michal Hallen<\/li>\n<li data-start=\"229\" data-end=\"279\">Milo\u0161 \u0160uchma<\/li>\n<\/ul>\n","protected":false},"excerpt":{"rendered":"<p>V\u00fdbor CSAC Ottawa za obdobie 2019\u20132020 Prezident: David Bene\u0161 Pokladn\u00ed\u010dka: Helena Flack Tajomn\u00ed\u010dka: Lenka Mikulov\u00e1 Rev\u00edzori Ji\u0159\u00ed Krupka Renata Wachowiak-Smol\u00edkov\u00e1 \u010clenovia v\u00fdboru Michal Hallen Milo\u0161 \u0160uchma<\/p>\n","protected":false},"author":1,"featured_media":0,"parent":15,"menu_order":0,"comment_status":"closed","ping_status":"closed","template":"","meta":{"footnotes":""},"class_list":["post-176","page","type-page","status-publish","hentry","branch-ottawa"],"_links":{"self":[{"href":"https:\/\/www.cssk.ca\/sk\/wp-json\/wp\/v2\/pages\/176","targetHints":{"allow":["GET"]}}],"collection":[{"href":"https:\/\/www.cssk.ca\/sk\/wp-json\/wp\/v2\/pages"}],"about":[{"href":"https:\/\/www.cssk.ca\/sk\/wp-json\/wp\/v2\/types\/page"}],"author":[{"embeddable":true,"href":"https:\/\/www.cssk.ca\/sk\/wp-json\/wp\/v2\/users\/1"}],"replies":[{"embeddable":true,"href":"https:\/\/www.cssk.ca\/sk\/wp-json\/wp\/v2\/comments?post=176"}],"version-history":[{"count":4,"href":"https:\/\/www.cssk.ca\/sk\/wp-json\/wp\/v2\/pages\/176\/revisions"}],"predecessor-version":[{"id":474,"href":"https:\/\/www.cssk.ca\/sk\/wp-json\/wp\/v2\/pages\/176\/revisions\/474"}],"up":[{"embeddable":true,"href":"https:\/\/www.cssk.ca\/sk\/wp-json\/wp\/v2\/pages\/15"}],"wp:attachment":[{"href":"https:\/\/www.cssk.ca\/sk\/wp-json\/wp\/v2\/media?parent=176"}],"curies":[{"name":"wp","href":"https:\/\/api.w.org\/{rel}","templated":true}]}}