{"id":170,"date":"2025-03-22T14:34:40","date_gmt":"2025-03-22T18:34:40","guid":{"rendered":"https:\/\/www.cssk.ca\/new\/?page_id=170"},"modified":"2026-02-18T05:34:23","modified_gmt":"2026-02-18T10:34:23","slug":"board","status":"publish","type":"page","link":"https:\/\/www.cssk.ca\/sk\/our-community\/board\/","title":{"rendered":"V\u00fdbor"},"content":{"rendered":"<h2 data-start=\"31\" data-end=\"101\">\u010clenovia v\u00fdkonn\u00e9ho v\u00fdboru \u010cesk\u00e9ho a slovensk\u00e9ho zdru\u017eenia v Kanade<\/h2>\n<p class=\"\" data-start=\"103\" data-end=\"200\">Zvolen\u00ed na nasleduj\u00face dvojro\u010dn\u00e9 obdobie 2021\u20132023 na 68. kongrese CSAC d\u0148a 5. j\u00fana 2021 (online)<\/p>\n<h3 class=\"\" data-start=\"202\" data-end=\"221\">Funkcion\u00e1ri<\/h3>\n<ul>\n<li data-start=\"223\" data-end=\"408\"><strong data-start=\"225\" data-end=\"238\">Prezident<\/strong>: David Bene\u0161<\/li>\n<li data-start=\"223\" data-end=\"408\"><strong data-start=\"256\" data-end=\"276\">1. viceprezident<\/strong>: Libor Pt\u00e1\u010dn\u00edk<\/li>\n<li data-start=\"223\" data-end=\"408\"><strong data-start=\"296\" data-end=\"318\">2. viceprezidentka<\/strong>: Misha Gogela<\/li>\n<li data-start=\"223\" data-end=\"408\"><strong data-start=\"337\" data-end=\"351\">Tajomn\u00ed\u010dka<\/strong>: Barbara Sherriff<\/li>\n<li data-start=\"223\" data-end=\"408\"><strong data-start=\"374\" data-end=\"389\">Pokladn\u00ed\u010dka<\/strong>: Michelle \u010cipera<\/li>\n<\/ul>\n<h3 class=\"\" data-start=\"410\" data-end=\"443\">\u010clenovia v\u00fdkonn\u00e9ho v\u00fdboru<\/h3>\n<ul>\n<li data-start=\"445\" data-end=\"538\">Milo\u0161 \u0160uchma, \u010destn\u00fd prezident<\/li>\n<li data-start=\"445\" data-end=\"538\">Milo\u0161 Krajn\u00fd<\/li>\n<li data-start=\"445\" data-end=\"538\">Radmila Locherov\u00e1<\/li>\n<li data-start=\"445\" data-end=\"538\">Ji\u0159\u00ed Karger<\/li>\n<\/ul>\n<h3 class=\"\" data-start=\"540\" data-end=\"611\">Predsedovia pobo\u010diek (z\u00e1rove\u0148 \u010dlenovia v\u00fdkonn\u00e9ho v\u00fdboru CSAC)<\/h3>\n<ul>\n<li data-start=\"613\" data-end=\"913\"><strong data-start=\"615\" data-end=\"626\">Calgary<\/strong>: V\u00e1clav Just<\/li>\n<li data-start=\"613\" data-end=\"913\"><strong data-start=\"644\" data-end=\"656\">Edmonton<\/strong>: Petr \u0160\u00edpek<\/li>\n<li data-start=\"613\" data-end=\"913\"><strong data-start=\"673\" data-end=\"702\">Kitchener\u2013Waterloo\u2013Guelph<\/strong>: Ludmila Dejmkov\u00e1<\/li>\n<li data-start=\"613\" data-end=\"913\"><strong data-start=\"725\" data-end=\"737\">Montreal<\/strong>: Andrea Larocque<\/li>\n<li data-start=\"613\" data-end=\"913\"><strong data-start=\"759\" data-end=\"769\">Ottawa<\/strong>: David Bene\u0161<\/li>\n<li data-start=\"613\" data-end=\"913\"><strong data-start=\"787\" data-end=\"798\">Toronto<\/strong>: Mark\u00e9ta Slep\u010d\u00edkov\u00e1<\/li>\n<li data-start=\"613\" data-end=\"913\"><strong data-start=\"823\" data-end=\"836\">Vancouver<\/strong>: Pavol K\u0159\u00ed\u017eka<\/li>\n<li data-start=\"613\" data-end=\"913\"><strong data-start=\"855\" data-end=\"867\">Winnipeg<\/strong>: Misha Gogela<\/li>\n<li data-start=\"613\" data-end=\"913\"><strong data-start=\"886\" data-end=\"895\">Yukon<\/strong>: Patrik Pik\u00e1lek<\/li>\n<\/ul>\n<h3 class=\"\" data-start=\"915\" data-end=\"938\">Rev\u00edzna komisia<\/h3>\n<ul>\n<li data-start=\"940\" data-end=\"992\">Milo\u0161 Hlav\u00e1\u010dek, Toronto<\/li>\n<li data-start=\"940\" data-end=\"992\">Michal Halen, Ottawa<\/li>\n<\/ul>\n<h3 class=\"\" data-start=\"994\" data-end=\"1021\">Smierovacia komisia<\/h3>\n<ul>\n<li data-start=\"1023\" data-end=\"1072\">Vil\u00e9m Kun, Winnipeg<\/li>\n<li data-start=\"1023\" data-end=\"1072\">Petr Schubert, Edmonton<\/li>\n<\/ul>\n","protected":false},"excerpt":{"rendered":"<p>\u010clenovia v\u00fdkonn\u00e9ho v\u00fdboru \u010cesk\u00e9ho a slovensk\u00e9ho zdru\u017eenia v Kanade Zvolen\u00ed na nasleduj\u00face dvojro\u010dn\u00e9 obdobie 2021\u20132023 na 68. kongrese CSAC d\u0148a 5. j\u00fana 2021 (online) Funkcion\u00e1ri Prezident: David Bene\u0161 1. viceprezident: Libor Pt\u00e1\u010dn\u00edk 2. viceprezidentka: Misha Gogela Tajomn\u00ed\u010dka: Barbara Sherriff Pokladn\u00ed\u010dka: Michelle \u010cipera \u010clenovia v\u00fdkonn\u00e9ho v\u00fdboru Milo\u0161 \u0160uchma, \u010destn\u00fd prezident Milo\u0161 Krajn\u00fd Radmila Locherov\u00e1 Ji\u0159\u00ed Karger [&hellip;]<\/p>\n","protected":false},"author":1,"featured_media":0,"parent":15,"menu_order":0,"comment_status":"closed","ping_status":"closed","template":"","meta":{"footnotes":""},"class_list":["post-170","page","type-page","status-publish","hentry"],"_links":{"self":[{"href":"https:\/\/www.cssk.ca\/sk\/wp-json\/wp\/v2\/pages\/170","targetHints":{"allow":["GET"]}}],"collection":[{"href":"https:\/\/www.cssk.ca\/sk\/wp-json\/wp\/v2\/pages"}],"about":[{"href":"https:\/\/www.cssk.ca\/sk\/wp-json\/wp\/v2\/types\/page"}],"author":[{"embeddable":true,"href":"https:\/\/www.cssk.ca\/sk\/wp-json\/wp\/v2\/users\/1"}],"replies":[{"embeddable":true,"href":"https:\/\/www.cssk.ca\/sk\/wp-json\/wp\/v2\/comments?post=170"}],"version-history":[{"count":6,"href":"https:\/\/www.cssk.ca\/sk\/wp-json\/wp\/v2\/pages\/170\/revisions"}],"predecessor-version":[{"id":509,"href":"https:\/\/www.cssk.ca\/sk\/wp-json\/wp\/v2\/pages\/170\/revisions\/509"}],"up":[{"embeddable":true,"href":"https:\/\/www.cssk.ca\/sk\/wp-json\/wp\/v2\/pages\/15"}],"wp:attachment":[{"href":"https:\/\/www.cssk.ca\/sk\/wp-json\/wp\/v2\/media?parent=170"}],"curies":[{"name":"wp","href":"https:\/\/api.w.org\/{rel}","templated":true}]}}