{"id":166,"date":"2025-03-22T13:41:35","date_gmt":"2025-03-22T17:41:35","guid":{"rendered":"https:\/\/www.cssk.ca\/new\/?page_id=166"},"modified":"2026-03-20T04:05:58","modified_gmt":"2026-03-20T08:05:58","slug":"ottawa-history","status":"publish","type":"page","link":"https:\/\/www.cssk.ca\/sk\/our-community\/ottawa-history\/","title":{"rendered":"Hist\u00f3ria"},"content":{"rendered":"<h2>Zalo\u017eenie a \u010dinnos\u0165 pobo\u010dky Ottawa<\/h2>\n<p><em>(autentick\u00fd text z knihy \u201cPam\u00e1tn\u00edk \u010deskoslovensk\u00e9 Kanady\u201d, zostavili autori Ing. Karel Buzek, Lidmila Wauthierov\u00e1, Alica Haasov\u00e1 k 25. v\u00fdro\u010diu \u010cSR, Toronto, okt\u00f3ber 1943)<\/em><\/p>\n<p>Ottawsk\u00e1 pobo\u010dka \u010csl. N. S. \u2014 \u010d\u00edslo 89 \u2014 bola zalo\u017een\u00e1 z podnetu ministra Dr. Franti\u0161ka Pavl\u00e1ska d\u0148a 22. novembra 1942. Sch\u00f4dze sa z\u00fa\u010dastnilo 36 \u010cechoslov\u00e1kov \u010deskoslovensk\u00e9ho p\u00f4vodu. Za \u010destn\u00e9ho predsedu bol zvolen\u00fd minister Dr. Franti\u0161ek Pavl\u00e1sek. Za \u010dlenov v\u00fdboru boli zvolen\u00ed: predseda J. Kurtin, podpredseda J. \u0160imurda Holan, pokladn\u00edk M. Stretavsk\u00fd, zapisovate\u013eka Dr. L. Hitschmannov\u00e1, tajomn\u00edk M. \u0160ipo\u0161, kontrol\u00f3ri F. Svoboda, P. Ivano a poradcovia V. Ruda a J. Mil\u010d\u00e1k. Vo svojom uv\u00edtacom prejave \u010destn\u00fd predseda Dr. Pavl\u00e1sek na\u010drtol hlavn\u00e9 \u00falohy \u010csl. N. S. v Kanade a ka\u017ed\u00e9ho jeho \u010dlena: podporova\u0165 \u010deskoslovensk\u00fd odboj a vojnov\u00e9 \u00fasilie Kanady v\u0161etk\u00fdmi na\u0161imi materi\u00e1lnymi aj mor\u00e1lnymi silami. O zalo\u017een\u00ed pobo\u010dky v Ottawe boli v denn\u00edkoch Citizen, Journal aj Le Droit zverejnen\u00e9 rozsiahle spr\u00e1vy.<\/p>\n<p>Pobo\u010dka sa okam\u017eite pustila do pr\u00e1ce. Jej cie\u013eom je propag\u00e1cia lep\u0161ieho poznania na\u0161ej Republiky a finan\u010dn\u00fd v\u00fd\u0165a\u017eok pre \u010ds. \u010cerven\u00fd kr\u00ed\u017e v Lond\u00fdne. Prv\u00fd cie\u013e bol s ve\u013ek\u00fdm \u00faspechom dosiahnut\u00fd po\u010das dvoch filmov\u00fdch predstaven\u00ed v National Film Board d\u0148a 6. a 11. janu\u00e1ra 1943, kde boli premietan\u00e9 filmy: \u201cThe Czechs our Allies\u201d, \u201cThe Rape of Czechoslovakia\u201d, ako aj tri \u010desk\u00e9 \u017eurn\u00e1ly z Lond\u00fdna, zobrazuj\u00face \u010ds. odboj v Anglicku. Preplnen\u00e1 s\u00e1la, ako aj nad\u0161en\u00e9 ohlasy v ottawskej tla\u010di op\u00e4\u0165 zd\u00f4raznili ve\u013ek\u00fd z\u00e1ujem a porozumenie pre \u010ceskoslovensko v Kanade.<\/p>\n<p>D\u0148a 31. janu\u00e1ra 1943 usporiadala pobo\u010dka v Capitol Theatre prv\u00fa verejn\u00fa manifest\u00e1ciu v prospech \u201cCanadian Aid to Russia Fund\u201d pod z\u00e1\u0161titou Jeho Excelencie gener\u00e1lneho guvern\u00e9ra a Jej kr\u00e1\u013eovskej v\u00fdsosti princeznej Alice. Bol to v\u00fdznamn\u00fd finan\u010dn\u00fd aj mor\u00e1lny \u00faspech, ke\u010f\u017ee sa z\u00fa\u010dastnilo viac ako 2200 os\u00f4b a nad\u0161enie bolo \u00faprimn\u00e9. Program zah\u0155\u0148al prejav ministra Dr. F. Pavl\u00e1ska, \u010deskoslovensk\u00fa hudbu a spev, ako aj \u010deskoslovensk\u00e9 a rusk\u00e9 filmy. \u010cist\u00fd v\u00fdnos bol $628,23. D\u0148a 14. febru\u00e1ra sa konala druh\u00e1 manifesta\u010dn\u00e1 akcia na\u0161ej pobo\u010dky, tentoraz v prospech Kanadsk\u00e9ho a \u010ceskoslovensk\u00e9ho \u010cerven\u00e9ho kr\u00ed\u017ea. Pre nepriazniv\u00e9 po\u010dasie \u00fa\u010das\u0165 nebola tak\u00e1 vysok\u00e1, ako sa o\u010dak\u00e1valo, a v\u00fdnos bol $86. Akcie pre \u010cs. \u010cerven\u00fd kr\u00ed\u017e v\u0161ak pokra\u010duj\u00fa a doteraz sme torontsk\u00e9mu \u00fastrediu celkovo odviedli $208.<\/p>\n<p>D\u00f4le\u017eit\u00fd pr\u00edspevok na podporu \u010ceskoslovensk\u00e9ho \u010cerven\u00e9ho kr\u00ed\u017ea prin\u00e1\u0161a \u010deskoslovensk\u00e1 soch\u00e1rka, pani H. Stonard-Sachsov\u00e1, ktor\u00e1 pod z\u00e1\u0161titou na\u0161ej odbo\u010dky moment\u00e1lne p\u00f4sob\u00ed v Ottawe a cel\u00fd v\u00fd\u0165a\u017eok zo svojej pr\u00e1ce venuje \u010ceskoslovensk\u00e9mu \u010cerven\u00e9mu kr\u00ed\u017eu v Lond\u00fdne. Doteraz jej akcia vyniesla 200 dol\u00e1rov, ktor\u00e9 boli pouk\u00e1zan\u00e9 \u00fastrediu v Toronte. Pr\u00e1ca pani Stonard-Sachsovej e\u0161te nie je ukon\u010den\u00e1 a s\u013eubuje \u010fal\u0161ie priazniv\u00e9 finan\u010dn\u00e9 aj propaga\u010dn\u00e9 v\u00fdsledky.<\/p>\n<p>D\u0148a 6. marca ottawsk\u00e1 odbo\u010dka osl\u00e1vila narodeniny Prezidenta-Oslobodite\u013ea, T. G. Masaryka. Sl\u00e1vnostn\u00fd prejav predniesol minister Dr. F. Pavl\u00e1sek. \u010clenka odbo\u010dky H. Popperov\u00e1 predniesla \u010deskoslovensk\u00e9 b\u00e1sne a hrali sa \u010deskoslovensk\u00e9 n\u00e1rodn\u00e9 piesne. \u010clenovia si n\u00e1sledne vypo\u010duli prejav Prezidenta-Oslobodite\u013ea k 10. v\u00fdro\u010diu \u010ceskoslovenskej republiky, zachovan\u00fd na gramof\u00f3novej platni.<\/p>\n<p>Pre jedn\u00e9ho z bratov, ktor\u00fd utrpel v\u00e1\u017ene zranenie, odbo\u010dka medzi \u010dlenmi vyzbierala 22 dol\u00e1rov. Odbo\u010dka zorganizovala oslavu Gen. M. R. \u0160tef\u00e1nika, na ktorej bol sl\u00e1vnostn\u00fdm re\u010dn\u00edkom predseda \u010cs. N. S., brat \u0160tefan Rudinsk\u00fd. Pl\u00e1nujeme si tie\u017e zapo\u017ei\u010da\u0165 zo Spojen\u00fdch \u0161t\u00e1tov obrazy \u010deskoslovensk\u00fdch majstrov a otvori\u0165 ich v\u00fdstavu v Ottawe v r\u00e1mci osl\u00e1v 28. okt\u00f3bra.<\/p>\n<p>Od 3. do 8. m\u00e1ja sa v Ottawe premietal film \u201cHangmen also die\u201d pod z\u00e1\u0161titou N\u00e1rodn\u00e9ho Zdru\u017eenia. Na premi\u00e9ru bolo pozvan\u00fdch 80 \u010dlenov vl\u00e1dy a diplomatick\u00e9ho zboru. D\u0148a 13. m\u00e1ja sa po prv\u00fdkr\u00e1t stretol \u017eensk\u00fd odbor, ktor\u00fd sa radil o pr\u00edprav\u00e1ch na baz\u00e1r, ktor\u00fd sa uskuto\u010dn\u00ed v prv\u00fdch decembrov\u00fdch d\u0148och v Ottawe. \u010cist\u00fd zisk je ur\u010den\u00fd pre \u201cVojnov\u00fa pomoc \u010cSR\u201d. Zbierku na t\u00fato akciu u\u017e odbo\u010dka za\u010dala a za 6 dn\u00ed vyzbierala 100 dol\u00e1rov.<\/p>\n<p>D\u0148a 18. m\u00e1ja odbo\u010dka pozvala svojich kanadsk\u00fdch priate\u013eov do \u201c<span class=\"caps\">YMCA<\/span>\u201d a premietla im film o sokolskom zlete a z\u00e1bery o \u010ceskoslovensku. P\u00e1n J. Kash a Dr. F. Stein predviedli Dvo\u0159\u00e1kovu hudbu. Miestnosti boli vyzdoben\u00e9 \u010deskoslovensk\u00fdmi plag\u00e1tmi a rozd\u00e1vali sa let\u00e1ky o na\u0161om odboji.<\/p>\n<p>D\u0148a 5. j\u00fana odbo\u010dka hostila v <span class=\"caps\">YMCA<\/span> deleg\u00e1tov \u0161ir\u0161ieho v\u00fdkonn\u00e9ho v\u00fdboru \u010csl. N. S., ktor\u00ed sa zi\u0161li v Ottawe pri pr\u00edle\u017eitosti n\u00e1v\u0161tevy prezidenta Dr. Edvarda Bene\u0161a.<\/p>\n<p>Dr. Lotta Hitschmannov\u00e1<\/p>\n<p>P.S.<br \/>\nLotta Hitschmannov\u00e1 zalo\u017eila a po 36 rokov viedla najstar\u0161iu kanadsk\u00fa podporn\u00fa a rozvojov\u00fa zahrani\u010dn\u00fa agent\u00faru, the Unitarian Service Committee of Canada (dnes <span class=\"caps\">USC<\/span> Canada), ktor\u00e1 po 2. svetovej vojne pomohla tis\u00edcom det\u00ed z Eur\u00f3py a ktor\u00e1 roz\u0161\u00edrila svoju \u010dinnos\u0165 do kraj\u00edn \u00c1zie, Afriky a Bl\u00edzkeho v\u00fdchodu. Viac o tejto pozoruhodnej \u017eene si pre\u010d\u00edtajte v knihe \u201cLotta: the Unitarian Service Committee story\u201d od autora Clyda Sangera, prv\u00e9 vydanie v roku 1986, Stoddart Publishing Co., Limited.<\/p>\n","protected":false},"excerpt":{"rendered":"<p>Zalo\u017eenie a \u010dinnos\u0165 pobo\u010dky Ottawa (autentick\u00fd text z knihy \u201cPam\u00e1tn\u00edk \u010deskoslovensk\u00e9 Kanady\u201d, zostavili autori Ing. Karel Buzek, Lidmila Wauthierov\u00e1, Alica Haasov\u00e1 k 25. v\u00fdro\u010diu \u010cSR, Toronto, okt\u00f3ber 1943) Ottawsk\u00e1 pobo\u010dka \u010csl. N. S. \u2014 \u010d\u00edslo 89 \u2014 bola zalo\u017een\u00e1 z podnetu ministra Dr. Franti\u0161ka Pavl\u00e1ska d\u0148a 22. novembra 1942. Sch\u00f4dze sa z\u00fa\u010dastnilo 36 \u010cechoslov\u00e1kov \u010deskoslovensk\u00e9ho [&hellip;]<\/p>\n","protected":false},"author":1,"featured_media":0,"parent":15,"menu_order":0,"comment_status":"closed","ping_status":"closed","template":"","meta":{"footnotes":""},"class_list":["post-166","page","type-page","status-publish","hentry","branch-ottawa"],"_links":{"self":[{"href":"https:\/\/www.cssk.ca\/sk\/wp-json\/wp\/v2\/pages\/166","targetHints":{"allow":["GET"]}}],"collection":[{"href":"https:\/\/www.cssk.ca\/sk\/wp-json\/wp\/v2\/pages"}],"about":[{"href":"https:\/\/www.cssk.ca\/sk\/wp-json\/wp\/v2\/types\/page"}],"author":[{"embeddable":true,"href":"https:\/\/www.cssk.ca\/sk\/wp-json\/wp\/v2\/users\/1"}],"replies":[{"embeddable":true,"href":"https:\/\/www.cssk.ca\/sk\/wp-json\/wp\/v2\/comments?post=166"}],"version-history":[{"count":4,"href":"https:\/\/www.cssk.ca\/sk\/wp-json\/wp\/v2\/pages\/166\/revisions"}],"predecessor-version":[{"id":568,"href":"https:\/\/www.cssk.ca\/sk\/wp-json\/wp\/v2\/pages\/166\/revisions\/568"}],"up":[{"embeddable":true,"href":"https:\/\/www.cssk.ca\/sk\/wp-json\/wp\/v2\/pages\/15"}],"wp:attachment":[{"href":"https:\/\/www.cssk.ca\/sk\/wp-json\/wp\/v2\/media?parent=166"}],"curies":[{"name":"wp","href":"https:\/\/api.w.org\/{rel}","templated":true}]}}