{"id":154,"date":"2025-03-16T17:32:45","date_gmt":"2025-03-16T21:32:45","guid":{"rendered":"https:\/\/www.cssk.ca\/new\/?page_id=154"},"modified":"2025-03-16T20:21:43","modified_gmt":"2025-03-17T00:21:43","slug":"join-us","status":"publish","type":"page","link":"https:\/\/www.cssk.ca\/sk\/join-us\/","title":{"rendered":"Pridajte sa k n\u00e1m"},"content":{"rendered":"<p><span style=\"font-weight: 400;\">Sta\u0148te sa \u010dlenom \u010cesko-slovensk\u00e9ho zdru\u017eenia v Kanade (\u010cSSK) a podporte na\u0161u krajansk\u00fa komunitu naprie\u010d celou Kanadou! \u010cSSK sp\u00e1ja \u010cechov a Slov\u00e1kov \u017eij\u00facich v Kanade a pom\u00e1ha uchov\u00e1va\u0165 na\u0161e jazykov\u00e9, kult\u00farne a historick\u00e9 dedi\u010dstvo. V\u010faka \u010dlenstvu z\u00edskate pr\u00edstup k r\u00f4znym kult\u00farnym, spolo\u010densk\u00fdm a vzdel\u00e1vac\u00edm aktivit\u00e1m, ktor\u00e9 sp\u00e1jaj\u00fa krajanov bez oh\u013eadu na to, kde v Kanade \u017eij\u00fa.<\/span><\/p>\n<p><span style=\"font-weight: 400;\">Organiz\u00e1cia sa akt\u00edvne podie\u013ea na podpore nov\u00fdch pris\u0165ahovalcov, posil\u0148ovan\u00ed komunitn\u00fdch v\u00e4zieb a udr\u017eiavan\u00ed kontaktov s domovinou. Pridajte sa k n\u00e1m a sta\u0148te sa s\u00fa\u010das\u0165ou tejto dynamickej a priate\u013eskej komunity!<\/span><\/p>\n","protected":false},"excerpt":{"rendered":"<p>Sta\u0148te sa \u010dlenom \u010cesko-slovensk\u00e9ho zdru\u017eenia v Kanade (\u010cSSK) a podporte na\u0161u krajansk\u00fa komunitu naprie\u010d celou Kanadou! \u010cSSK sp\u00e1ja \u010cechov a Slov\u00e1kov \u017eij\u00facich v Kanade a pom\u00e1ha uchov\u00e1va\u0165 na\u0161e jazykov\u00e9, kult\u00farne a historick\u00e9 dedi\u010dstvo. V\u010faka \u010dlenstvu z\u00edskate pr\u00edstup k r\u00f4znym kult\u00farnym, spolo\u010densk\u00fdm a vzdel\u00e1vac\u00edm aktivit\u00e1m, ktor\u00e9 sp\u00e1jaj\u00fa krajanov bez oh\u013eadu na to, kde v Kanade \u017eij\u00fa. [&hellip;]<\/p>\n","protected":false},"author":2,"featured_media":0,"parent":0,"menu_order":0,"comment_status":"closed","ping_status":"closed","template":"join-us.php","meta":{"footnotes":""},"class_list":["post-154","page","type-page","status-publish","hentry"],"_links":{"self":[{"href":"https:\/\/www.cssk.ca\/sk\/wp-json\/wp\/v2\/pages\/154","targetHints":{"allow":["GET"]}}],"collection":[{"href":"https:\/\/www.cssk.ca\/sk\/wp-json\/wp\/v2\/pages"}],"about":[{"href":"https:\/\/www.cssk.ca\/sk\/wp-json\/wp\/v2\/types\/page"}],"author":[{"embeddable":true,"href":"https:\/\/www.cssk.ca\/sk\/wp-json\/wp\/v2\/users\/2"}],"replies":[{"embeddable":true,"href":"https:\/\/www.cssk.ca\/sk\/wp-json\/wp\/v2\/comments?post=154"}],"version-history":[{"count":2,"href":"https:\/\/www.cssk.ca\/sk\/wp-json\/wp\/v2\/pages\/154\/revisions"}],"predecessor-version":[{"id":160,"href":"https:\/\/www.cssk.ca\/sk\/wp-json\/wp\/v2\/pages\/154\/revisions\/160"}],"wp:attachment":[{"href":"https:\/\/www.cssk.ca\/sk\/wp-json\/wp\/v2\/media?parent=154"}],"curies":[{"name":"wp","href":"https:\/\/api.w.org\/{rel}","templated":true}]}}