{"id":11,"date":"2025-02-23T03:28:18","date_gmt":"2025-02-23T03:28:18","guid":{"rendered":"https:\/\/cssk.lndo.site\/?page_id=11"},"modified":"2026-01-31T16:42:15","modified_gmt":"2026-01-31T21:42:15","slug":"main-page","status":"publish","type":"page","link":"https:\/\/www.cssk.ca\/sk\/","title":{"rendered":"Sme \u010cesk\u00e9 a slovensk\u00e9 zdru\u017eenie v Kanade"},"content":{"rendered":"\r\n<h2 class=\"wp-block-heading\">N\u00e1rodn\u00e1 organiz\u00e1cia zameran\u00e1 na sp\u00e1janie Kana\u010fanov s \u010desk\u00fdm a slovensk\u00fdm p\u00f4vodom.<\/h2>\r\n <p>Podporujeme zachovanie kult\u00fary, komunitn\u00e9 zapojenie a \u0161\u00edrenie \u010desk\u00fdch a slovensk\u00fdch trad\u00edci\u00ed po celom Kanade. Prostredn\u00edctvom r\u00f4znych podujat\u00ed a iniciat\u00edv asoci\u00e1cia podporuje kult\u00farne a soci\u00e1lne z\u00e1ujmy svojich \u010dlenov.<\/p>\r\n\r\n","protected":false},"excerpt":{"rendered":"<p>N\u00e1rodn\u00e1 organiz\u00e1cia zameran\u00e1 na sp\u00e1janie Kana\u010fanov s \u010desk\u00fdm a slovensk\u00fdm p\u00f4vodom. Podporujeme zachovanie kult\u00fary, komunitn\u00e9 zapojenie a \u0161\u00edrenie \u010desk\u00fdch a slovensk\u00fdch trad\u00edci\u00ed po celom Kanade. Prostredn\u00edctvom r\u00f4znych podujat\u00ed a iniciat\u00edv asoci\u00e1cia podporuje kult\u00farne a soci\u00e1lne z\u00e1ujmy svojich \u010dlenov.<\/p>\n","protected":false},"author":1,"featured_media":0,"parent":0,"menu_order":0,"comment_status":"closed","ping_status":"closed","template":"home.php","meta":{"footnotes":""},"class_list":["post-11","page","type-page","status-publish","hentry"],"_links":{"self":[{"href":"https:\/\/www.cssk.ca\/sk\/wp-json\/wp\/v2\/pages\/11","targetHints":{"allow":["GET"]}}],"collection":[{"href":"https:\/\/www.cssk.ca\/sk\/wp-json\/wp\/v2\/pages"}],"about":[{"href":"https:\/\/www.cssk.ca\/sk\/wp-json\/wp\/v2\/types\/page"}],"author":[{"embeddable":true,"href":"https:\/\/www.cssk.ca\/sk\/wp-json\/wp\/v2\/users\/1"}],"replies":[{"embeddable":true,"href":"https:\/\/www.cssk.ca\/sk\/wp-json\/wp\/v2\/comments?post=11"}],"version-history":[{"count":4,"href":"https:\/\/www.cssk.ca\/sk\/wp-json\/wp\/v2\/pages\/11\/revisions"}],"predecessor-version":[{"id":488,"href":"https:\/\/www.cssk.ca\/sk\/wp-json\/wp\/v2\/pages\/11\/revisions\/488"}],"wp:attachment":[{"href":"https:\/\/www.cssk.ca\/sk\/wp-json\/wp\/v2\/media?parent=11"}],"curies":[{"name":"wp","href":"https:\/\/api.w.org\/{rel}","templated":true}]}}