{"id":673,"date":"2026-03-26T08:55:59","date_gmt":"2026-03-26T12:55:59","guid":{"rendered":"https:\/\/www.cssk.ca\/?page_id=673"},"modified":"2026-03-26T14:20:04","modified_gmt":"2026-03-26T18:20:04","slug":"klub-senioru","status":"publish","type":"page","link":"https:\/\/www.cssk.ca\/fr\/our-community\/klub-senioru\/","title":{"rendered":"Klub senior\u016f"},"content":{"rendered":"\n<figure class=\"wp-block-image size-full\"><img loading=\"lazy\" decoding=\"async\" width=\"592\" height=\"398\" src=\"https:\/\/www.cssk.ca\/wp-content\/uploads\/2022\/06\/image_2026_01_002-1.jpg\" alt=\"\" class=\"wp-image-657\" srcset=\"https:\/\/www.cssk.ca\/wp-content\/uploads\/2022\/06\/image_2026_01_002-1.jpg 592w, https:\/\/www.cssk.ca\/wp-content\/uploads\/2022\/06\/image_2026_01_002-1-300x202.jpg 300w\" sizes=\"auto, (max-width: 592px) 100vw, 592px\" \/><\/figure>\n\n\n\n<p>\u010clenov\u00e9 Klubu senior\u016f v Montrealu se pravideln\u011b sch\u00e1zej\u00ed ka\u017edou druhou st\u0159edu ji\u017e po n\u011bkolik desetilet\u00ed. Zpo\u010d\u00e1tku v Misijn\u00edm dom\u011b na West Broadway a do roku 2019 v \u010cesk\u00e9m dom\u011b na McLynn. Pot\u00e9, co se majitelka domu Ema Ko\u0161ack\u00e1 odst\u011bhovala do Toronta a \u010cesk\u00fd d\u016fm na McLynn byl zru\u0161en. Od t\u00e9 doby se \u010dlenov\u00e9 sch\u00e1zej\u00ed u man\u017eel\u016f Martin\u016f na Glencairn Ave.<\/p>\n\n\n\n<div class=\"wp-block-columns is-layout-flex wp-container-core-columns-is-layout-9d6595d7 wp-block-columns-is-layout-flex\">\n<div class=\"wp-block-column is-layout-flow wp-block-column-is-layout-flow\" style=\"flex-basis:33.33%\">\n<figure class=\"wp-block-image size-full is-resized\"><img loading=\"lazy\" decoding=\"async\" width=\"225\" height=\"225\" src=\"https:\/\/www.cssk.ca\/wp-content\/uploads\/2026\/03\/images.png\" alt=\"\" class=\"wp-image-674\" style=\"width:108px;height:auto\" srcset=\"https:\/\/www.cssk.ca\/wp-content\/uploads\/2026\/03\/images.png 225w, https:\/\/www.cssk.ca\/wp-content\/uploads\/2026\/03\/images-150x150.png 150w\" sizes=\"auto, (max-width: 225px) 100vw, 225px\" \/><\/figure>\n<\/div>\n\n\n\n<div class=\"wp-block-column is-layout-flow wp-block-column-is-layout-flow\" style=\"flex-basis:66.66%\">\n<p>V\u00edce informac\u00ed se dozv\u00edte od:<\/p>\n\n\n\n<ul class=\"wp-block-list\">\n<li>Aleny Martin\u016f, tel. 514\u2013484-6177<\/li>\n\n\n\n<li>Ivy Radokov\u00e9, tel. 514\u2013747-2096<\/li>\n<\/ul>\n<\/div>\n<\/div>\n\n\n\n<div class=\"wp-block-columns is-layout-flex wp-container-core-columns-is-layout-9d6595d7 wp-block-columns-is-layout-flex\">\n<div class=\"wp-block-column is-layout-flow wp-block-column-is-layout-flow\">\n<figure class=\"wp-block-image size-full\"><img loading=\"lazy\" decoding=\"async\" width=\"805\" height=\"403\" src=\"https:\/\/www.cssk.ca\/wp-content\/uploads\/2022\/06\/image_2024_10_001-1.jpg\" alt=\"\" class=\"wp-image-662\" srcset=\"https:\/\/www.cssk.ca\/wp-content\/uploads\/2022\/06\/image_2024_10_001-1.jpg 805w, https:\/\/www.cssk.ca\/wp-content\/uploads\/2022\/06\/image_2024_10_001-1-300x150.jpg 300w, https:\/\/www.cssk.ca\/wp-content\/uploads\/2022\/06\/image_2024_10_001-1-768x384.jpg 768w\" sizes=\"auto, (max-width: 805px) 100vw, 805px\" \/><\/figure>\n<\/div>\n\n\n\n<div class=\"wp-block-column is-layout-flow wp-block-column-is-layout-flow\">\n<figure class=\"wp-block-image size-full is-resized\"><img loading=\"lazy\" decoding=\"async\" width=\"441\" height=\"275\" src=\"https:\/\/www.cssk.ca\/wp-content\/uploads\/2022\/06\/image_2025_05_001.jpg\" alt=\"\" class=\"wp-image-656\" style=\"aspect-ratio:1.603666626462429;width:330px;height:auto\" srcset=\"https:\/\/www.cssk.ca\/wp-content\/uploads\/2022\/06\/image_2025_05_001.jpg 441w, https:\/\/www.cssk.ca\/wp-content\/uploads\/2022\/06\/image_2025_05_001-300x187.jpg 300w\" sizes=\"auto, (max-width: 441px) 100vw, 441px\" \/><\/figure>\n<\/div>\n<\/div>\n","protected":false},"excerpt":{"rendered":"<p>\u010clenov\u00e9 Klubu senior\u016f v Montrealu se pravideln\u011b sch\u00e1zej\u00ed ka\u017edou druhou st\u0159edu ji\u017e po n\u011bkolik desetilet\u00ed. Zpo\u010d\u00e1tku v Misijn\u00edm dom\u011b na West Broadway a do roku 2019 v \u010cesk\u00e9m dom\u011b na McLynn. Pot\u00e9, co se majitelka domu Ema Ko\u0161ack\u00e1 odst\u011bhovala do Toronta a \u010cesk\u00fd d\u016fm na McLynn byl zru\u0161en. Od t\u00e9 doby se \u010dlenov\u00e9 sch\u00e1zej\u00ed u [&hellip;]<\/p>\n","protected":false},"author":6,"featured_media":0,"parent":15,"menu_order":0,"comment_status":"closed","ping_status":"closed","template":"","meta":{"footnotes":""},"class_list":["post-673","page","type-page","status-publish","hentry","branch-montreal"],"_links":{"self":[{"href":"https:\/\/www.cssk.ca\/fr\/wp-json\/wp\/v2\/pages\/673","targetHints":{"allow":["GET"]}}],"collection":[{"href":"https:\/\/www.cssk.ca\/fr\/wp-json\/wp\/v2\/pages"}],"about":[{"href":"https:\/\/www.cssk.ca\/fr\/wp-json\/wp\/v2\/types\/page"}],"author":[{"embeddable":true,"href":"https:\/\/www.cssk.ca\/fr\/wp-json\/wp\/v2\/users\/6"}],"replies":[{"embeddable":true,"href":"https:\/\/www.cssk.ca\/fr\/wp-json\/wp\/v2\/comments?post=673"}],"version-history":[{"count":3,"href":"https:\/\/www.cssk.ca\/fr\/wp-json\/wp\/v2\/pages\/673\/revisions"}],"predecessor-version":[{"id":677,"href":"https:\/\/www.cssk.ca\/fr\/wp-json\/wp\/v2\/pages\/673\/revisions\/677"}],"up":[{"embeddable":true,"href":"https:\/\/www.cssk.ca\/fr\/wp-json\/wp\/v2\/pages\/15"}],"wp:attachment":[{"href":"https:\/\/www.cssk.ca\/fr\/wp-json\/wp\/v2\/media?parent=673"}],"curies":[{"name":"wp","href":"https:\/\/api.w.org\/{rel}","templated":true}]}}