{"id":591,"date":"2026-03-25T14:23:44","date_gmt":"2026-03-25T18:23:44","guid":{"rendered":"https:\/\/www.cssk.ca\/?page_id=591"},"modified":"2026-03-26T13:37:30","modified_gmt":"2026-03-26T17:37:30","slug":"ceska-skola-montreal","status":"publish","type":"page","link":"https:\/\/www.cssk.ca\/fr\/our-community\/ceska-skola-montreal\/","title":{"rendered":"\u010cesk\u00e1 \u0161kola Montreal"},"content":{"rendered":"\n<div class=\"wp-block-columns is-layout-flex wp-container-core-columns-is-layout-9d6595d7 wp-block-columns-is-layout-flex\">\n<div class=\"wp-block-column is-layout-flow wp-block-column-is-layout-flow\" style=\"flex-basis:33.33%\">\n<figure class=\"wp-block-image size-large is-resized\"><img loading=\"lazy\" decoding=\"async\" width=\"1024\" height=\"1024\" src=\"https:\/\/www.cssk.ca\/wp-content\/uploads\/2026\/03\/Czech-School-Montreal-oriznuty-kruh-1-1024x1024.png\" alt=\"\" class=\"wp-image-682\" style=\"width:231px;height:auto\" srcset=\"https:\/\/www.cssk.ca\/wp-content\/uploads\/2026\/03\/Czech-School-Montreal-oriznuty-kruh-1-1024x1024.png 1024w, https:\/\/www.cssk.ca\/wp-content\/uploads\/2026\/03\/Czech-School-Montreal-oriznuty-kruh-1-300x300.png 300w, https:\/\/www.cssk.ca\/wp-content\/uploads\/2026\/03\/Czech-School-Montreal-oriznuty-kruh-1-150x150.png 150w, https:\/\/www.cssk.ca\/wp-content\/uploads\/2026\/03\/Czech-School-Montreal-oriznuty-kruh-1-768x768.png 768w, https:\/\/www.cssk.ca\/wp-content\/uploads\/2026\/03\/Czech-School-Montreal-oriznuty-kruh-1.png 1080w\" sizes=\"auto, (max-width: 1024px) 100vw, 1024px\" \/><\/figure>\n<\/div>\n\n\n\n<div class=\"wp-block-column is-layout-flow wp-block-column-is-layout-flow\" style=\"flex-basis:66.66%\">\n<p>Roku 2016 byla dv\u011bma nad\u0161enkyn\u011bmi zalo\u017eena <em><strong>\u010cesk\u00e1 \u0161kola Montreal<\/strong><\/em>. V z\u00e1\u0159\u00ed roku 2017 p\u0159iv\u00edtala ve sv\u00e9 jednot\u0159\u00eddce prvn\u00edch 9 d\u011bt\u00ed ve v\u011bku od 7 do 12 let. Za doby covidu doplnila online d\u011btsk\u00e9 t\u0159\u00eddy i kurzy pro dosp\u011bl\u00e9 ve t\u0159ech \u00farovn\u00edch. Od roku 2022 je hrdou partnerkou univerzity&nbsp;<strong>UQAM<\/strong>, kde po\u0159\u00e1d\u00e1 p\u0159\u00edpravn\u00e9 kurzy pro studenty filmov\u00e9 v\u011bdy, kte\u0159\u00ed odl\u00e9taj\u00ed na <em>Letn\u00ed filmovou \u0161kolu do Prahy<\/em>.&nbsp;Posledn\u00edm p\u0159\u00edr\u016fstkem je \u0161kolka pro d\u011bti ve v\u011bku od 3 do 6 let, kter\u00e1 p\u0159ibyla v z\u00e1\u0159\u00ed 2023.<\/p>\n<\/div>\n<\/div>\n\n\n\n<p>\u0160kola za\u010dala vyu\u010dovat nejprve v montrealsk\u00e9m \u010cesk\u00e9m dom\u011b, pot\u00e9 n\u011bkolik let ve spole\u010densk\u00e9 m\u00edstnosti Slovensk\u00e9ho kostela a od roku 2021 si pronaj\u00edm\u00e1\u00a0samostatn\u00e9 t\u0159\u00eddy v komunitn\u00edm centru v St. Michel.<\/p>\n\n\n\n<p>Za celou dobu na\u0161\u00ed \u0161kolou pro\u0161lo nespo\u010det nad\u0161en\u00fdch krajan\u016f, kte\u0159\u00ed p\u0159ed\u00e1vali svou l\u00e1sku k rodn\u00e9 vlasti, historii, tradic\u00edm a rodn\u00e9mu jazyku. I p\u0159esto se \u0161kola ka\u017ed\u00fdm rokem pot\u00fdk\u00e1 s nedostatkem dobrovoln\u00edk\u016f a u\u010ditel\u016f, kte\u0159\u00ed by ji posouvali d\u00e1l. Pokud m\u00e1te z\u00e1jem p\u0159idat ruku k d\u00edlu a pomoci v tom, aby se tato mo\u017enost d\u00e1le v Montrealu rozv\u00edjela, nev\u00e1hejte n\u00e1s pros\u00edm kontaktovat.<\/p>\n\n\n\n<p>Krom\u011b v\u00fduky se \u0161kola tak\u00e9 pod\u00edl\u00ed na krajansk\u00fdch aktivit\u00e1ch v Montrealu, nap\u0159\u00edklad p\u0159edv\u00e1no\u010dn\u00edm bazaru (listopad), Mikul\u00e1\u0161sk\u00e9 nad\u00edlce (prosince), velikono\u010dn\u00ed poml\u00e1zce aj.<\/p>\n\n\n\n<div class=\"wp-block-columns is-layout-flex wp-container-core-columns-is-layout-9d6595d7 wp-block-columns-is-layout-flex\">\n<div class=\"wp-block-column is-layout-flow wp-block-column-is-layout-flow\" style=\"flex-basis:33.33%\">\n<figure class=\"wp-block-image size-large is-resized\"><a href=\"https:\/\/www.facebook.com\/profile.php?id=100052441227132\" target=\"_blank\" rel=\" noreferrer noopener\"><img loading=\"lazy\" decoding=\"async\" width=\"1024\" height=\"1020\" src=\"https:\/\/www.cssk.ca\/wp-content\/uploads\/2026\/03\/image-1024x1020.png\" alt=\"\" class=\"wp-image-592\" style=\"aspect-ratio:1.0039642088571752;object-fit:cover;width:88px;height:auto\" srcset=\"https:\/\/www.cssk.ca\/wp-content\/uploads\/2026\/03\/image-1024x1020.png 1024w, https:\/\/www.cssk.ca\/wp-content\/uploads\/2026\/03\/image-300x300.png 300w, https:\/\/www.cssk.ca\/wp-content\/uploads\/2026\/03\/image-150x150.png 150w, https:\/\/www.cssk.ca\/wp-content\/uploads\/2026\/03\/image-768x765.png 768w, https:\/\/www.cssk.ca\/wp-content\/uploads\/2026\/03\/image.png 1440w\" sizes=\"auto, (max-width: 1024px) 100vw, 1024px\" \/><\/a><\/figure>\n<\/div>\n\n\n\n<div class=\"wp-block-column is-layout-flow wp-block-column-is-layout-flow\" style=\"flex-basis:66.66%\">\n<p><em>Sledujte n\u00e1s na Facebooku<\/em><\/p>\n\n\n\n<p>email: ceskaskolamontreal@gmail.com<\/p>\n<\/div>\n<\/div>\n\n\n\n<p><strong>Hled\u00e1me dobrovoln\u00edky na v\u00fdpomoc i u\u010ditele na v\u00fduku (pedagogick\u00e9 vzd\u011bl\u00e1n\u00ed\/zku\u0161enosti nejsou pot\u0159eba)<\/strong>.<\/p>\n\n\n\n<div class=\"wp-block-columns is-layout-flex wp-container-core-columns-is-layout-9d6595d7 wp-block-columns-is-layout-flex\">\n<div class=\"wp-block-column is-vertically-aligned-bottom is-layout-flow wp-block-column-is-layout-flow\" style=\"flex-basis:100%\">\n<h2 class=\"wp-block-heading\">FOTKY<\/h2>\n\n\n\n<p>Na\u0161i studenti<\/p>\n<\/div>\n<\/div>\n\n\n\n<div class=\"wp-block-columns is-layout-flex wp-container-core-columns-is-layout-9d6595d7 wp-block-columns-is-layout-flex\">\n<div class=\"wp-block-column is-layout-flow wp-block-column-is-layout-flow\">\n<figure class=\"wp-block-image size-large\"><img loading=\"lazy\" decoding=\"async\" width=\"1024\" height=\"768\" src=\"https:\/\/www.cssk.ca\/wp-content\/uploads\/2026\/03\/7fbc96c3-1a10-4725-97fe-0a80439371db-1-1024x768.jpg\" alt=\"\" class=\"wp-image-597\" srcset=\"https:\/\/www.cssk.ca\/wp-content\/uploads\/2026\/03\/7fbc96c3-1a10-4725-97fe-0a80439371db-1-1024x768.jpg 1024w, https:\/\/www.cssk.ca\/wp-content\/uploads\/2026\/03\/7fbc96c3-1a10-4725-97fe-0a80439371db-1-300x225.jpg 300w, https:\/\/www.cssk.ca\/wp-content\/uploads\/2026\/03\/7fbc96c3-1a10-4725-97fe-0a80439371db-1-768x576.jpg 768w, https:\/\/www.cssk.ca\/wp-content\/uploads\/2026\/03\/7fbc96c3-1a10-4725-97fe-0a80439371db-1-1536x1152.jpg 1536w, https:\/\/www.cssk.ca\/wp-content\/uploads\/2026\/03\/7fbc96c3-1a10-4725-97fe-0a80439371db-1.jpg 2000w\" sizes=\"auto, (max-width: 1024px) 100vw, 1024px\" \/><\/figure>\n<\/div>\n\n\n\n<div class=\"wp-block-column is-layout-flow wp-block-column-is-layout-flow\">\n<figure class=\"wp-block-image size-full\"><img loading=\"lazy\" decoding=\"async\" width=\"640\" height=\"480\" src=\"https:\/\/www.cssk.ca\/wp-content\/uploads\/2026\/03\/Leden-2023_2.jpg\" alt=\"\" class=\"wp-image-596\" srcset=\"https:\/\/www.cssk.ca\/wp-content\/uploads\/2026\/03\/Leden-2023_2.jpg 640w, https:\/\/www.cssk.ca\/wp-content\/uploads\/2026\/03\/Leden-2023_2-300x225.jpg 300w\" sizes=\"auto, (max-width: 640px) 100vw, 640px\" \/><\/figure>\n<\/div>\n\n\n\n<div class=\"wp-block-column is-layout-flow wp-block-column-is-layout-flow\">\n<figure class=\"wp-block-image size-large\"><img loading=\"lazy\" decoding=\"async\" width=\"1024\" height=\"586\" src=\"https:\/\/www.cssk.ca\/wp-content\/uploads\/2026\/03\/e5416821-717a-4423-89f1-f191fe690ce1-1024x586.jpg\" alt=\"\" class=\"wp-image-595\" srcset=\"https:\/\/www.cssk.ca\/wp-content\/uploads\/2026\/03\/e5416821-717a-4423-89f1-f191fe690ce1-1024x586.jpg 1024w, https:\/\/www.cssk.ca\/wp-content\/uploads\/2026\/03\/e5416821-717a-4423-89f1-f191fe690ce1-300x172.jpg 300w, https:\/\/www.cssk.ca\/wp-content\/uploads\/2026\/03\/e5416821-717a-4423-89f1-f191fe690ce1-768x440.jpg 768w, https:\/\/www.cssk.ca\/wp-content\/uploads\/2026\/03\/e5416821-717a-4423-89f1-f191fe690ce1-1536x879.jpg 1536w, https:\/\/www.cssk.ca\/wp-content\/uploads\/2026\/03\/e5416821-717a-4423-89f1-f191fe690ce1.jpg 2048w\" sizes=\"auto, (max-width: 1024px) 100vw, 1024px\" \/><\/figure>\n<\/div>\n<\/div>\n\n\n\n<p>Na\u0161e akce &#8211; \u0161koln\u00ed piknik, v\u00fdlet do Biodomu, p\u0159edv\u00e1no\u010dn\u00ed bazar<\/p>\n\n\n\n<div class=\"wp-block-columns is-layout-flex wp-container-core-columns-is-layout-9d6595d7 wp-block-columns-is-layout-flex\">\n<div class=\"wp-block-column is-layout-flow wp-block-column-is-layout-flow\">\n<figure class=\"wp-block-image size-full\"><img loading=\"lazy\" decoding=\"async\" width=\"1024\" height=\"768\" src=\"https:\/\/www.cssk.ca\/wp-content\/uploads\/2026\/03\/8ed29d69-8069-41a4-bef6-7b6637a2a3b3.jpg\" alt=\"\" class=\"wp-image-598\" srcset=\"https:\/\/www.cssk.ca\/wp-content\/uploads\/2026\/03\/8ed29d69-8069-41a4-bef6-7b6637a2a3b3.jpg 1024w, https:\/\/www.cssk.ca\/wp-content\/uploads\/2026\/03\/8ed29d69-8069-41a4-bef6-7b6637a2a3b3-300x225.jpg 300w, https:\/\/www.cssk.ca\/wp-content\/uploads\/2026\/03\/8ed29d69-8069-41a4-bef6-7b6637a2a3b3-768x576.jpg 768w\" sizes=\"auto, (max-width: 1024px) 100vw, 1024px\" \/><\/figure>\n<\/div>\n\n\n\n<div class=\"wp-block-column is-layout-flow wp-block-column-is-layout-flow\">\n<figure class=\"wp-block-image size-large\"><img loading=\"lazy\" decoding=\"async\" width=\"1024\" height=\"768\" src=\"https:\/\/www.cssk.ca\/wp-content\/uploads\/2026\/03\/82408fce-3fb9-45a3-a223-cdbe9eb6c804-1024x768.jpg\" alt=\"\" class=\"wp-image-601\" srcset=\"https:\/\/www.cssk.ca\/wp-content\/uploads\/2026\/03\/82408fce-3fb9-45a3-a223-cdbe9eb6c804-1024x768.jpg 1024w, https:\/\/www.cssk.ca\/wp-content\/uploads\/2026\/03\/82408fce-3fb9-45a3-a223-cdbe9eb6c804-300x225.jpg 300w, https:\/\/www.cssk.ca\/wp-content\/uploads\/2026\/03\/82408fce-3fb9-45a3-a223-cdbe9eb6c804-768x576.jpg 768w, https:\/\/www.cssk.ca\/wp-content\/uploads\/2026\/03\/82408fce-3fb9-45a3-a223-cdbe9eb6c804-1536x1152.jpg 1536w, https:\/\/www.cssk.ca\/wp-content\/uploads\/2026\/03\/82408fce-3fb9-45a3-a223-cdbe9eb6c804.jpg 1600w\" sizes=\"auto, (max-width: 1024px) 100vw, 1024px\" \/><\/figure>\n<\/div>\n\n\n\n<div class=\"wp-block-column is-layout-flow wp-block-column-is-layout-flow\">\n<figure class=\"wp-block-image size-large\"><img loading=\"lazy\" decoding=\"async\" width=\"1024\" height=\"768\" src=\"https:\/\/www.cssk.ca\/wp-content\/uploads\/2026\/03\/3351a376-065d-4254-bca0-0bb57345ed71-1024x768.jpg\" alt=\"\" class=\"wp-image-600\" srcset=\"https:\/\/www.cssk.ca\/wp-content\/uploads\/2026\/03\/3351a376-065d-4254-bca0-0bb57345ed71-1024x768.jpg 1024w, https:\/\/www.cssk.ca\/wp-content\/uploads\/2026\/03\/3351a376-065d-4254-bca0-0bb57345ed71-300x225.jpg 300w, https:\/\/www.cssk.ca\/wp-content\/uploads\/2026\/03\/3351a376-065d-4254-bca0-0bb57345ed71-768x576.jpg 768w, https:\/\/www.cssk.ca\/wp-content\/uploads\/2026\/03\/3351a376-065d-4254-bca0-0bb57345ed71-1536x1152.jpg 1536w, https:\/\/www.cssk.ca\/wp-content\/uploads\/2026\/03\/3351a376-065d-4254-bca0-0bb57345ed71.jpg 1600w\" sizes=\"auto, (max-width: 1024px) 100vw, 1024px\" \/><\/figure>\n<\/div>\n<\/div>\n\n\n\n<p>Kemp HOST\u00ddN<\/p>\n\n\n\n<div class=\"wp-block-columns is-layout-flex wp-container-core-columns-is-layout-9d6595d7 wp-block-columns-is-layout-flex\">\n<div class=\"wp-block-column is-layout-flow wp-block-column-is-layout-flow\">\n<figure class=\"wp-block-image size-large\"><img loading=\"lazy\" decoding=\"async\" width=\"1024\" height=\"768\" src=\"https:\/\/www.cssk.ca\/wp-content\/uploads\/2026\/03\/20200801_203641-1024x768.jpg\" alt=\"\" class=\"wp-image-602\" srcset=\"https:\/\/www.cssk.ca\/wp-content\/uploads\/2026\/03\/20200801_203641-1024x768.jpg 1024w, https:\/\/www.cssk.ca\/wp-content\/uploads\/2026\/03\/20200801_203641-300x225.jpg 300w, https:\/\/www.cssk.ca\/wp-content\/uploads\/2026\/03\/20200801_203641-768x576.jpg 768w, https:\/\/www.cssk.ca\/wp-content\/uploads\/2026\/03\/20200801_203641-1536x1152.jpg 1536w, https:\/\/www.cssk.ca\/wp-content\/uploads\/2026\/03\/20200801_203641-2048x1536.jpg 2048w\" sizes=\"auto, (max-width: 1024px) 100vw, 1024px\" \/><\/figure>\n<\/div>\n\n\n\n<div class=\"wp-block-column is-layout-flow wp-block-column-is-layout-flow\">\n<figure class=\"wp-block-image size-large\"><img loading=\"lazy\" decoding=\"async\" width=\"1024\" height=\"1024\" src=\"https:\/\/www.cssk.ca\/wp-content\/uploads\/2026\/03\/20200801_184928-COLLAGE-1024x1024.jpg\" alt=\"\" class=\"wp-image-603\" srcset=\"https:\/\/www.cssk.ca\/wp-content\/uploads\/2026\/03\/20200801_184928-COLLAGE-1024x1024.jpg 1024w, https:\/\/www.cssk.ca\/wp-content\/uploads\/2026\/03\/20200801_184928-COLLAGE-300x300.jpg 300w, https:\/\/www.cssk.ca\/wp-content\/uploads\/2026\/03\/20200801_184928-COLLAGE-150x150.jpg 150w, https:\/\/www.cssk.ca\/wp-content\/uploads\/2026\/03\/20200801_184928-COLLAGE-768x768.jpg 768w, https:\/\/www.cssk.ca\/wp-content\/uploads\/2026\/03\/20200801_184928-COLLAGE-1536x1536.jpg 1536w, https:\/\/www.cssk.ca\/wp-content\/uploads\/2026\/03\/20200801_184928-COLLAGE.jpg 2046w\" sizes=\"auto, (max-width: 1024px) 100vw, 1024px\" \/><\/figure>\n<\/div>\n\n\n\n<div class=\"wp-block-column is-layout-flow wp-block-column-is-layout-flow\">\n<figure class=\"wp-block-image size-large\"><img loading=\"lazy\" decoding=\"async\" width=\"1024\" height=\"768\" src=\"https:\/\/www.cssk.ca\/wp-content\/uploads\/2026\/03\/20200801_095143-1024x768.jpg\" alt=\"\" class=\"wp-image-604\" srcset=\"https:\/\/www.cssk.ca\/wp-content\/uploads\/2026\/03\/20200801_095143-1024x768.jpg 1024w, https:\/\/www.cssk.ca\/wp-content\/uploads\/2026\/03\/20200801_095143-300x225.jpg 300w, https:\/\/www.cssk.ca\/wp-content\/uploads\/2026\/03\/20200801_095143-768x576.jpg 768w, https:\/\/www.cssk.ca\/wp-content\/uploads\/2026\/03\/20200801_095143-1536x1152.jpg 1536w, https:\/\/www.cssk.ca\/wp-content\/uploads\/2026\/03\/20200801_095143-2048x1536.jpg 2048w\" sizes=\"auto, (max-width: 1024px) 100vw, 1024px\" \/><\/figure>\n<\/div>\n<\/div>\n","protected":false},"excerpt":{"rendered":"<p>Roku 2016 byla dv\u011bma nad\u0161enkyn\u011bmi zalo\u017eena \u010cesk\u00e1 \u0161kola Montreal. V z\u00e1\u0159\u00ed roku 2017 p\u0159iv\u00edtala ve sv\u00e9 jednot\u0159\u00eddce prvn\u00edch 9 d\u011bt\u00ed ve v\u011bku od 7 do 12 let. Za doby covidu doplnila online d\u011btsk\u00e9 t\u0159\u00eddy i kurzy pro dosp\u011bl\u00e9 ve t\u0159ech \u00farovn\u00edch. Od roku 2022 je hrdou partnerkou univerzity&nbsp;UQAM, kde po\u0159\u00e1d\u00e1 p\u0159\u00edpravn\u00e9 kurzy pro studenty filmov\u00e9 [&hellip;]<\/p>\n","protected":false},"author":6,"featured_media":682,"parent":15,"menu_order":0,"comment_status":"closed","ping_status":"closed","template":"","meta":{"footnotes":""},"class_list":["post-591","page","type-page","status-publish","has-post-thumbnail","hentry","branch-montreal"],"_links":{"self":[{"href":"https:\/\/www.cssk.ca\/fr\/wp-json\/wp\/v2\/pages\/591","targetHints":{"allow":["GET"]}}],"collection":[{"href":"https:\/\/www.cssk.ca\/fr\/wp-json\/wp\/v2\/pages"}],"about":[{"href":"https:\/\/www.cssk.ca\/fr\/wp-json\/wp\/v2\/types\/page"}],"author":[{"embeddable":true,"href":"https:\/\/www.cssk.ca\/fr\/wp-json\/wp\/v2\/users\/6"}],"replies":[{"embeddable":true,"href":"https:\/\/www.cssk.ca\/fr\/wp-json\/wp\/v2\/comments?post=591"}],"version-history":[{"count":23,"href":"https:\/\/www.cssk.ca\/fr\/wp-json\/wp\/v2\/pages\/591\/revisions"}],"predecessor-version":[{"id":710,"href":"https:\/\/www.cssk.ca\/fr\/wp-json\/wp\/v2\/pages\/591\/revisions\/710"}],"up":[{"embeddable":true,"href":"https:\/\/www.cssk.ca\/fr\/wp-json\/wp\/v2\/pages\/15"}],"wp:featuredmedia":[{"embeddable":true,"href":"https:\/\/www.cssk.ca\/fr\/wp-json\/wp\/v2\/media\/682"}],"wp:attachment":[{"href":"https:\/\/www.cssk.ca\/fr\/wp-json\/wp\/v2\/media?parent=591"}],"curies":[{"name":"wp","href":"https:\/\/api.w.org\/{rel}","templated":true}]}}