{"id":213,"date":"2025-03-22T16:31:42","date_gmt":"2025-03-22T20:31:42","guid":{"rendered":"https:\/\/www.cssk.ca\/new\/?page_id=213"},"modified":"2025-03-23T00:45:05","modified_gmt":"2025-03-23T04:45:05","slug":"winnipeg-history","status":"publish","type":"page","link":"https:\/\/www.cssk.ca\/fr\/our-community\/winnipeg-history\/","title":{"rendered":"Histoire"},"content":{"rendered":"<p class=\"p1\">Le premier t\u00e9moignage de l\u2019organisation des Tch\u00e8ques et des Slovaques au Manitoba remonte \u00e0 1907, ann\u00e9e o\u00f9 a \u00e9t\u00e9 form\u00e9 le tout premier ensemble musical. Celui-ci a rapidement gagn\u00e9 en popularit\u00e9 lors des rencontres communautaires. En 1913, soixante-dix compatriotes d\u00e9cid\u00e8rent de fonder une organisation communautaire, et cinquante-quatre d\u2019entre eux devinrent membres fondateurs de la Soci\u00e9t\u00e9 de Secours Tch\u00e9coslovaque.<\/p>\n<p class=\"p1\">Pendant la Premi\u00e8re Guerre mondiale, plusieurs membres jug\u00e8rent n\u00e9cessaire de cr\u00e9er une branche de l\u2019Union Nationale, qui collaborait \u00e9troitement avec l\u2019Union Nationale, l\u2019Union des Catholiques Tch\u00e8ques et la Ligue Slovaque (toutes bas\u00e9es \u00e0 Chicago). Ensemble, elles se sont unies pour soutenir l\u2019\u00e9tablissement de la R\u00e9publique tch\u00e9coslovaque.<\/p>\n<p class=\"p1\">Entre 1918 et 1938, les activit\u00e9s de l\u2019Union se sont estomp\u00e9es, et la majorit\u00e9 des membres sont retourn\u00e9s s\u2019investir dans la Soci\u00e9t\u00e9 de Secours, qui continuait \u00e0 se consacrer \u00e0 l\u2019\u00e9ducation communautaire tch\u00e8que et slovaque, et plus particuli\u00e8rement \u00e0 l\u2019aide aux nouveaux immigrants arrivant au Manitoba.<\/p>\n<p class=\"p1\">Le 2 avril 1939, le consul g\u00e9n\u00e9ral de la R\u00e9publique tch\u00e9coslovaque au Canada convoqua les repr\u00e9sentants de notre communaut\u00e9 au consulat g\u00e9n\u00e9ral afin de discuter de la cr\u00e9ation d\u2019une organisation de r\u00e9sistance. Une assembl\u00e9e g\u00e9n\u00e9rale fut convoqu\u00e9e le 30 avril, o\u00f9 fut \u00e9lu le premier comit\u00e9 de la nouvelle Union Tch\u00e9coslovaque, qui se r\u00e9unit lors de son congr\u00e8s fondateur \u00e0 Toronto les 24 et 25 mai 1939. L\u2019organisation fut d\u2019abord nomm\u00e9e l\u2019Union Nationale des Slovaques, Tch\u00e8ques et Ruth\u00e8nes Subcarpatiques au Canada, puis renomm\u00e9e plus tard Union Nationale Tch\u00e9coslovaque au Canada.<\/p>\n<p class=\"p1\">La section de Winnipeg fut fond\u00e9e le 25 mai 1939 avec 124 membres inscrits. Le premier pr\u00e9sident \u00e9lu fut Franti\u0161ek Doj\u00e1\u010dek. Durant les ann\u00e9es de guerre, l\u2019organisation organisa de nombreux \u00e9v\u00e9nements de financement pour appuyer la Croix-Rouge, les unit\u00e9s militaires canadiennes et tch\u00e8ques, et plusieurs autres causes. Pendant la guerre, l\u2019organisation \u00e0 l\u2019\u00e9chelle canadienne s\u2019\u00e9tendit \u00e0 91 sections comptant 2000 membres. Au Manitoba, outre Winnipeg, il y avait aussi des sections \u00e0 Flin Flon, Morden, Steinbach, Dominion City et Minetonas. Lors du Congr\u00e8s de la Victoire en 1945, une proposition de dissolution de l\u2019organisation fut rejet\u00e9e.<\/p>\n<p class=\"p1\">Les ann\u00e9es d\u2019apr\u00e8s-guerre virent une baisse d\u2019activit\u00e9. \u00c0 Winnipeg, cette p\u00e9riode dura jusqu\u2019en 1956. En d\u00e9cembre de cette ann\u00e9e-l\u00e0, 17 membres fondateurs relanc\u00e8rent la section de l\u2019Union Nationale. En 1963, l\u2019organisation comptait 105 membres et Franti\u0161ek Baleja fut \u00e9lu pr\u00e9sident. Toutes les autres sections hors Winnipeg furent dissoutes, repr\u00e9sent\u00e9es dor\u00e9navant par des d\u00e9l\u00e9gu\u00e9s de district. Les districts concern\u00e9s \u00e9taient Cloverleaf, Darlingford-Morden, Dominion City, Dufresne, Glenboro, Grande Pointe, Ridgeville, Sanford, Sperling et Transcona.<\/p>\n<p class=\"p1\">L\u2019Union Nationale fonctionna dans sa forme originale jusqu\u2019au 28 septembre 1960, date \u00e0 laquelle elle fut officiellement incorpor\u00e9e \u00e0 l\u2019\u00e9chelle nationale. Le gouvernement canadien remit officiellement la Charte de l\u2019organisation lors du 8\u1d49 congr\u00e8s \u00e0 Hamilton, le 11 mars 1961.<\/p>\n<p class=\"p1\">Sous la direction de Franti\u0161ek Baleja, la section de Winnipeg se pr\u00e9para \u00e0 accueillir et \u00e0 soutenir une nouvelle vague d\u2019immigrants en 1968. Lorsque le fr\u00e8re Baleja d\u00e9cida de quitter la pr\u00e9sidence au d\u00e9but des ann\u00e9es 1970, Adolf Klimek, ami de longue date de l\u2019apr\u00e8s-guerre, prit la rel\u00e8ve. Apr\u00e8s le fr\u00e8re Klimek, ce fut la nouvelle g\u00e9n\u00e9ration de Tch\u00e9co-Canadiens qui assuma la direction : Miroslav Folta, Franti\u0161ek Kadlec, Gabriel Adamec, Josef Dobrovoln\u00fd, Jan Slav\u00ed\u010dek, Miroslav N\u011bme\u010dek, Vil\u00e9m Kun, Richard Pe\u0161\u00edk, Franti\u0161ek Hlubu\u010dek et, aujourd\u2019hui, Eva Sailerov\u00e1.<b><\/b><\/p>\n<p class=\"p3\"><i>R\u00e9dig\u00e9 par M\u00ed\u0161a Gogelov\u00e1<\/i><i><\/i><\/p>\n<p class=\"p1\"><b>Pr\u00e9sidents de la section de Winnipeg :<\/b><b><\/b><\/p>\n<ul>\n<li class=\"p5\">1939 \u2014 1963 : Franti\u0161ek Doj\u00e1\u010dek<\/li>\n<li class=\"p5\">1963 \u2014 1970 : Franti\u0161ek Baleja<\/li>\n<li class=\"p5\">1971 \u2014 1973 : Adolf Kl\u00edmek<\/li>\n<li class=\"p5\">1973 \u2014 1976 : Me Miroslav Folta<\/li>\n<li class=\"p5\">1976 \u2014 1978 : Ing. Franti\u0161ek Kadlec<\/li>\n<li class=\"p5\">1978 \u2014 1979 : Gabriel Adamec<\/li>\n<li class=\"p5\">1979 \u2014 1980 : Jan Slav\u00ed\u010dek<\/li>\n<li class=\"p5\">1980 \u2014 1981 : Me Miroslav Folta<\/li>\n<li class=\"p5\">1981 \u2014 1983 : Josef Dobrovoln\u00fd<\/li>\n<li class=\"p5\">1983 \u2014 1987 : Miroslav N\u011bme\u010dek<\/li>\n<li class=\"p5\">1988 \u2014 1990 : Jan Slav\u00ed\u010dek<\/li>\n<li class=\"p5\">1990 \u2014 1994 : Vil\u00e9m Kun<\/li>\n<li class=\"p5\">1994 \u2014 1995 : Richard Pe\u0161\u00edk<\/li>\n<li class=\"p5\">1995 \u2014 2000 : Franti\u0161ek Hlubu\u010dek<\/li>\n<li class=\"p5\">2000 \u2014 2012 : Dre Eva Sailerov\u00e1<\/li>\n<li class=\"p5\">2012 \u2014 aujourd\u2019hui : Misha Gogelov\u00e1<\/li>\n<\/ul>\n","protected":false},"excerpt":{"rendered":"<p>Le premier t\u00e9moignage de l\u2019organisation des Tch\u00e8ques et des Slovaques au Manitoba remonte \u00e0 1907, ann\u00e9e o\u00f9 a \u00e9t\u00e9 form\u00e9 le tout premier ensemble musical. Celui-ci a rapidement gagn\u00e9 en popularit\u00e9 lors des rencontres communautaires. En 1913, soixante-dix compatriotes d\u00e9cid\u00e8rent de fonder une organisation communautaire, et cinquante-quatre d\u2019entre eux devinrent membres fondateurs de la Soci\u00e9t\u00e9 [&hellip;]<\/p>\n","protected":false},"author":2,"featured_media":0,"parent":15,"menu_order":0,"comment_status":"closed","ping_status":"closed","template":"","meta":{"footnotes":""},"class_list":["post-213","page","type-page","status-publish","hentry","branch-winnipeg"],"_links":{"self":[{"href":"https:\/\/www.cssk.ca\/fr\/wp-json\/wp\/v2\/pages\/213","targetHints":{"allow":["GET"]}}],"collection":[{"href":"https:\/\/www.cssk.ca\/fr\/wp-json\/wp\/v2\/pages"}],"about":[{"href":"https:\/\/www.cssk.ca\/fr\/wp-json\/wp\/v2\/types\/page"}],"author":[{"embeddable":true,"href":"https:\/\/www.cssk.ca\/fr\/wp-json\/wp\/v2\/users\/2"}],"replies":[{"embeddable":true,"href":"https:\/\/www.cssk.ca\/fr\/wp-json\/wp\/v2\/comments?post=213"}],"version-history":[{"count":2,"href":"https:\/\/www.cssk.ca\/fr\/wp-json\/wp\/v2\/pages\/213\/revisions"}],"predecessor-version":[{"id":230,"href":"https:\/\/www.cssk.ca\/fr\/wp-json\/wp\/v2\/pages\/213\/revisions\/230"}],"up":[{"embeddable":true,"href":"https:\/\/www.cssk.ca\/fr\/wp-json\/wp\/v2\/pages\/15"}],"wp:attachment":[{"href":"https:\/\/www.cssk.ca\/fr\/wp-json\/wp\/v2\/media?parent=213"}],"curies":[{"name":"wp","href":"https:\/\/api.w.org\/{rel}","templated":true}]}}