{"id":209,"date":"2025-03-22T16:26:31","date_gmt":"2025-03-22T20:26:31","guid":{"rendered":"https:\/\/www.cssk.ca\/new\/?page_id=209"},"modified":"2025-03-22T16:26:32","modified_gmt":"2025-03-22T20:26:32","slug":"vancouver-history","status":"publish","type":"page","link":"https:\/\/www.cssk.ca\/fr\/our-community\/vancouver-history\/","title":{"rendered":"Histoire"},"content":{"rendered":"<h2 class=\"p1\">Br\u00e8ve histoire des Tch\u00e8ques \u00e9tablis en Colombie-Britannique<b><\/b><\/h2>\n<p class=\"p3\">L\u2019arriv\u00e9e des \u00e9migrants des pays tch\u00e8ques en Colombie-Britannique et au Yukon peut \u00eatre divis\u00e9e en cinq vagues assez distinctes. Avant la premi\u00e8re vague, seuls quelques individus s\u2019\u00e9taient install\u00e9s, comme le P\u00e8re Pandozi, qui dirigeait une mission dans l\u2019Okanagan, ou encore Eskymo Welzl, explorateur polaire dont la tombe \u00e0 Dawson City est encore entretenue par des trappeurs tch\u00e8ques. Il convient aussi de mentionner que lorsque le pr\u00e9sident Masaryk est arriv\u00e9 en Am\u00e9rique du Nord en 1917 pour lancer une campagne qui m\u00e8nera plus tard \u00e0 la cr\u00e9ation de la Tch\u00e9coslovaquie ind\u00e9pendante, il a d\u2019abord d\u00e9barqu\u00e9 \u00e0 Vancouver \u2014 tout comme, plus tard, certains groupes de l\u00e9gionnaires revenant de Sib\u00e9rie.<\/p>\n<p class=\"p3\">La premi\u00e8re vague d\u2019immigrants, apr\u00e8s la Premi\u00e8re Guerre mondiale, \u00e9tait principalement compos\u00e9e d\u2019agriculteurs et d\u2019ouvriers d\u2019usine fuyant la mis\u00e8re de l\u2019Europe d\u2019apr\u00e8s-guerre. Puis, \u00e0 la fin des ann\u00e9es 1920, avec une certaine stabilisation, une deuxi\u00e8me vague a pris forme. Cette fois, il s\u2019agissait surtout de gens instruits et souvent fortun\u00e9s \u2014 m\u00e9decins, avocats, commer\u00e7ants et entrepreneurs de divers horizons. Ils ont mis leurs comp\u00e9tences \u00e0 profit manuellement. Les fr\u00e8res Koerner, par exemple, ont introduit ici le s\u00e9chage du pruche de l\u2019Ouest, jusqu\u2019alors consid\u00e9r\u00e9 comme sans valeur.<\/p>\n<p class=\"p3\">La troisi\u00e8me vague a \u00e9t\u00e9 celle de l\u2019\u00e9migration politique, apr\u00e8s la prise de pouvoir par les communistes en f\u00e9vrier 1948. Elle a concern\u00e9 des personnes actives en Autriche et en Italie. Des dizaines de familles ont \u00e9t\u00e9 parrain\u00e9es, certaines se sont ensuite dispers\u00e9es \u00e0 travers le monde, o\u00f9 elles ont g\u00e9n\u00e9ralement bien r\u00e9ussi. Parmi elles, S. Hermann, dipl\u00f4m\u00e9 en droit \u00e0 Vancouver, est devenu dans les ann\u00e9es 1990 le premier consul g\u00e9n\u00e9ral honoraire de la R\u00e9publique tch\u00e8que, tr\u00e8s appr\u00e9ci\u00e9.<\/p>\n<p class=\"p3\">Tr\u00e8s peu de r\u00e9fugi\u00e9s ont pu franchir la zone frontali\u00e8re strictement surveill\u00e9e ensuite. Au d\u00e9but des ann\u00e9es 1960, des assouplissements ont permis certains voyages vers Cuba. Lorsque les avions faisaient escale \u00e0 Gander, en Nouvelle-\u00c9cosse, plusieurs passagers profitaient de l\u2019occasion pour demander l\u2019asile au Canada.<\/p>\n<p class=\"p3\">La plus grande vague, organis\u00e9e, a toutefois \u00e9t\u00e9 la cinqui\u00e8me, apr\u00e8s l\u2019invasion de la Tch\u00e9coslovaquie par les troupes du Pacte de Varsovie en ao\u00fbt 1968. Des milliers de personnes ont fui, poursuivant leur route vers le Canada. Une d\u00e9l\u00e9gation de l\u2019Association a demand\u00e9 l\u2019aide du gouvernement canadien, qui a promis d\u2019accueillir imm\u00e9diatement 12 000 r\u00e9fugi\u00e9s sans formalit\u00e9s. Des vols sp\u00e9ciaux ont rapidement transport\u00e9 les r\u00e9fugi\u00e9s \u00e0 travers le pays. Environ 10 % d\u2019entre eux, sur un total qui a finalement atteint environ 15 000 personnes, se sont install\u00e9s en Colombie-Britannique. Progressivement, d\u2019autres les ont rejoints depuis les provinces des Prairies, rebut\u00e9s par des hivers trop rigoureux. La majorit\u00e9 est rest\u00e9e dans les environs de Vancouver et Victoria, avec quelques petits regroupements ailleurs, comme dans deux h\u00f4tels. Une fois leurs cours d\u2019anglais termin\u00e9s, la section locale de l\u2019Association les aidait \u00e0 trouver logement et emploi. Les \u00e9tudiants se sont inscrits \u00e0 l\u2019universit\u00e9, les formations professionnelles europ\u00e9ennes \u00e9tant tr\u00e8s valoris\u00e9es ici. Les arriv\u00e9es suivantes ont surtout \u00e9t\u00e9 individuelles plut\u00f4t que collectives. Apr\u00e8s novembre 1989, les seules raisons politiques d\u2019\u00e9migrer concernaient les anciens communistes \u2014 que nous n\u2019avons pas vraiment \u00ab accueillis \u00bb ici. Mais vers la fin des ann\u00e9es 1990, nous avons \u00e9t\u00e9 quelque peu surpris par une nouvelle arriv\u00e9e massive d\u2019\u00e9migrants.<\/p>\n<p class=\"p3\">La section de Vancouver de l\u2019Association tch\u00e8que et slovaque du Canada a vu le jour sous un autre nom d\u00e8s les ann\u00e9es 1930, et elle a \u00e9t\u00e9 tr\u00e8s active durant la guerre. Des colis \u00e9taient envoy\u00e9s aux soldats, et la population \u00e9tait inform\u00e9e de la situation en Tch\u00e9coslovaquie occup\u00e9e par les nazis. \u00c0 l\u2019\u00e9poque, il y avait 93 sections \u00e0 travers le Canada \u2014 il n\u2019en reste aujourd\u2019hui que neuf.<\/p>\n<p class=\"p3\">La section de la Colombie-Britannique est la plus grande, m\u00eame si relativement peu de compatriotes en sont membres. Les activit\u00e9s politiques qui nous avaient unis pendant les occupations nazie et sovi\u00e9tique ont disparu, laissant place aux activit\u00e9s sociales. La section fait la promotion des \u00e9v\u00e9nements du th\u00e9\u00e2tre amateur tch\u00e8que, des danses, des projections de films et d\u2019autres activit\u00e9s culturelles. Le plus important demeure toutefois le travail discret, mais significatif, de nos compatriotes \u2014 dans les domaines social, culturel et \u00e9conomique.<\/p>\n<p class=\"p1\"><b>Ji\u0159\u00ed L. Macek<\/b><\/p>\n","protected":false},"excerpt":{"rendered":"<p>Br\u00e8ve histoire des Tch\u00e8ques \u00e9tablis en Colombie-Britannique L\u2019arriv\u00e9e des \u00e9migrants des pays tch\u00e8ques en Colombie-Britannique et au Yukon peut \u00eatre divis\u00e9e en cinq vagues assez distinctes. Avant la premi\u00e8re vague, seuls quelques individus s\u2019\u00e9taient install\u00e9s, comme le P\u00e8re Pandozi, qui dirigeait une mission dans l\u2019Okanagan, ou encore Eskymo Welzl, explorateur polaire dont la tombe \u00e0 [&hellip;]<\/p>\n","protected":false},"author":2,"featured_media":0,"parent":15,"menu_order":0,"comment_status":"closed","ping_status":"closed","template":"","meta":{"footnotes":""},"class_list":["post-209","page","type-page","status-publish","hentry","branch-vancouver"],"_links":{"self":[{"href":"https:\/\/www.cssk.ca\/fr\/wp-json\/wp\/v2\/pages\/209","targetHints":{"allow":["GET"]}}],"collection":[{"href":"https:\/\/www.cssk.ca\/fr\/wp-json\/wp\/v2\/pages"}],"about":[{"href":"https:\/\/www.cssk.ca\/fr\/wp-json\/wp\/v2\/types\/page"}],"author":[{"embeddable":true,"href":"https:\/\/www.cssk.ca\/fr\/wp-json\/wp\/v2\/users\/2"}],"replies":[{"embeddable":true,"href":"https:\/\/www.cssk.ca\/fr\/wp-json\/wp\/v2\/comments?post=209"}],"version-history":[{"count":1,"href":"https:\/\/www.cssk.ca\/fr\/wp-json\/wp\/v2\/pages\/209\/revisions"}],"predecessor-version":[{"id":210,"href":"https:\/\/www.cssk.ca\/fr\/wp-json\/wp\/v2\/pages\/209\/revisions\/210"}],"up":[{"embeddable":true,"href":"https:\/\/www.cssk.ca\/fr\/wp-json\/wp\/v2\/pages\/15"}],"wp:attachment":[{"href":"https:\/\/www.cssk.ca\/fr\/wp-json\/wp\/v2\/media?parent=209"}],"curies":[{"name":"wp","href":"https:\/\/api.w.org\/{rel}","templated":true}]}}