{"id":202,"date":"2025-03-22T16:23:11","date_gmt":"2025-03-22T20:23:11","guid":{"rendered":"https:\/\/www.cssk.ca\/new\/?page_id=202"},"modified":"2025-03-22T16:23:11","modified_gmt":"2025-03-22T20:23:11","slug":"toronto-history","status":"publish","type":"page","link":"https:\/\/www.cssk.ca\/fr\/our-community\/toronto-history\/","title":{"rendered":"Histoire"},"content":{"rendered":"<h3 class=\"p1\">Les premiers groupes communautaires \u00e0 Toronto<b><\/b><\/h3>\n<p class=\"p3\">Jusqu\u2019\u00e0 la Premi\u00e8re Guerre mondiale, il n\u2019y avait qu\u2019un petit nombre de compatriotes tch\u00e8ques et slovaques \u00e0 Toronto et dans les environs, qui, la plupart du temps, ne se connaissaient m\u00eame pas entre eux. Ce n\u2019est qu\u2019apr\u00e8s la guerre, dans les ann\u00e9es 1920, qu\u2019un plus grand nombre d\u2019immigrants en provenance de la Tch\u00e9coslovaquie \u2014 au d\u00e9part surtout des Slovaques \u2014 ont commenc\u00e9 \u00e0 arriver au Canada, plusieurs d\u2019entre eux s\u2019installant \u00e0 Toronto.<\/p>\n<p class=\"p3\">Le tout premier groupe communautaire tch\u00e9co-slovaque \u00e0 Toronto fut une branche du <i>\u010ceskoslovensk\u00fd podp\u016frn\u00fd spolek<\/i> (Soci\u00e9t\u00e9 d\u2019entraide tch\u00e9coslovaque) de Montr\u00e9al, fond\u00e9e en mai 1927 avec 36 membres. Deux mois plus tard, le 7 ao\u00fbt 1927, la branche organisa la toute premi\u00e8re f\u00eate communautaire dans la salle polonaise (<i>Polish Hall<\/i>), \u00e0 laquelle particip\u00e8rent 250 compatriotes \u2014 presque uniquement des hommes, puisque les \u00e9pouses arrivaient souvent plusieurs mois apr\u00e8s leurs maris. Toutefois, lors du bal du Nouvel An organis\u00e9 dans la m\u00eame salle \u00e0 la fin de 1927, il y avait d\u00e9j\u00e0 35 femmes pr\u00e9sentes.<\/p>\n<p class=\"p3\">D\u2019ici la fin de l\u2019ann\u00e9e 1927, trois autres groupes furent fond\u00e9s \u00e0 Toronto : des branches d\u2019associations slovaques d\u00e9j\u00e0 actives aux \u00c9tats-Unis, soit la <i>Slovensk\u00e1 liga<\/i> (Ligue slovaque), la <i>Prv\u00e1 slovensk\u00e1 katol\u00edcka jednota<\/i> (Premi\u00e8re union catholique slovaque) et le <i>Slovensk\u00fd katol\u00edcky Sokol<\/i> (Faucon catholique slovaque).<\/p>\n<p class=\"p3\">Le 7 f\u00e9vrier 1928 eut lieu \u00e0 Toronto la premi\u00e8re pi\u00e8ce de th\u00e9\u00e2tre communautaire, organis\u00e9e par la Soci\u00e9t\u00e9 d\u2019entraide tch\u00e9coslovaque. D\u2019autres groupes furent \u00e9galement fond\u00e9s cette ann\u00e9e-l\u00e0, dont l\u2019Union gr\u00e9co-catholique, l\u2019Union catholique slovaque de Pennsylvanie, ainsi que le <i>Slovensk\u00fd robotn\u00edcky spolok<\/i> (Soci\u00e9t\u00e9 ouvri\u00e8re slovaque), qui lan\u00e7a aussi la publication du tout premier journal communautaire : <span class=\"s1\"><b>Robotnick\u00e9 slovo<\/b><\/span> (La parole ouvri\u00e8re).<\/p>\n<p class=\"p3\">Le premier grand \u00e9v\u00e9nement public de la communaut\u00e9 tch\u00e9co-slovaque de Toronto fut la c\u00e9l\u00e9bration du 10e anniversaire de la cr\u00e9ation de la R\u00e9publique tch\u00e9coslovaque, le 28 octobre 1928. Organis\u00e9 par la Soci\u00e9t\u00e9 d\u2019entraide tch\u00e9coslovaque, la Soci\u00e9t\u00e9 ouvri\u00e8re slovaque et la Ligue slovaque, l\u2019\u00e9v\u00e9nement comprenait un d\u00e9fil\u00e9 d\u2019environ 300 personnes jusqu\u2019au monument du Soldat inconnu devant l\u2019h\u00f4tel de ville de Toronto, o\u00f9 une gerbe fut d\u00e9pos\u00e9e. Le d\u00e9fil\u00e9 attira une attention consid\u00e9rable et les journaux torontois publi\u00e8rent plusieurs articles sur la c\u00e9l\u00e9bration, la communaut\u00e9 locale et la R\u00e9publique tch\u00e9coslovaque.<\/p>\n","protected":false},"excerpt":{"rendered":"<p>Les premiers groupes communautaires \u00e0 Toronto Jusqu\u2019\u00e0 la Premi\u00e8re Guerre mondiale, il n\u2019y avait qu\u2019un petit nombre de compatriotes tch\u00e8ques et slovaques \u00e0 Toronto et dans les environs, qui, la plupart du temps, ne se connaissaient m\u00eame pas entre eux. Ce n\u2019est qu\u2019apr\u00e8s la guerre, dans les ann\u00e9es 1920, qu\u2019un plus grand nombre d\u2019immigrants en [&hellip;]<\/p>\n","protected":false},"author":2,"featured_media":0,"parent":15,"menu_order":0,"comment_status":"closed","ping_status":"closed","template":"","meta":{"footnotes":""},"class_list":["post-202","page","type-page","status-publish","hentry","branch-toronto"],"_links":{"self":[{"href":"https:\/\/www.cssk.ca\/fr\/wp-json\/wp\/v2\/pages\/202","targetHints":{"allow":["GET"]}}],"collection":[{"href":"https:\/\/www.cssk.ca\/fr\/wp-json\/wp\/v2\/pages"}],"about":[{"href":"https:\/\/www.cssk.ca\/fr\/wp-json\/wp\/v2\/types\/page"}],"author":[{"embeddable":true,"href":"https:\/\/www.cssk.ca\/fr\/wp-json\/wp\/v2\/users\/2"}],"replies":[{"embeddable":true,"href":"https:\/\/www.cssk.ca\/fr\/wp-json\/wp\/v2\/comments?post=202"}],"version-history":[{"count":1,"href":"https:\/\/www.cssk.ca\/fr\/wp-json\/wp\/v2\/pages\/202\/revisions"}],"predecessor-version":[{"id":203,"href":"https:\/\/www.cssk.ca\/fr\/wp-json\/wp\/v2\/pages\/202\/revisions\/203"}],"up":[{"embeddable":true,"href":"https:\/\/www.cssk.ca\/fr\/wp-json\/wp\/v2\/pages\/15"}],"wp:attachment":[{"href":"https:\/\/www.cssk.ca\/fr\/wp-json\/wp\/v2\/media?parent=202"}],"curies":[{"name":"wp","href":"https:\/\/api.w.org\/{rel}","templated":true}]}}