{"id":199,"date":"2025-03-22T16:21:37","date_gmt":"2025-03-22T20:21:37","guid":{"rendered":"https:\/\/www.cssk.ca\/new\/?page_id=199"},"modified":"2026-03-25T16:41:35","modified_gmt":"2026-03-25T20:41:35","slug":"montreal-magazine","status":"publish","type":"page","link":"https:\/\/www.cssk.ca\/fr\/our-community\/montreal-magazine\/","title":{"rendered":"Magazine"},"content":{"rendered":"\n<h2 class=\"wp-block-heading\">Montrealsk\u00fd v\u011bstn\u00edk<\/h2>\n\n\n\n<p>Od z\u00e1\u0159\u00ed roku 1964 vych\u00e1z\u00ed tento m\u011bs\u00ed\u010dn\u00edk pln\u00fd krajansk\u00e9ho d\u011bn\u00ed v Montrealu a okol\u00ed.<\/p>\n\n\n\n<p>Aktu\u00e1ln\u00ed i&nbsp;star\u0161\u00ed \u010d\u00edsla m\u016f\u017eete \u010d\u00edst na webov\u00e9 str\u00e1nce&nbsp;<strong><a href=\"http:\/\/www.montrealvestnik.com\/\">Montrealsk\u00fd v\u011bstn\u00edk<\/a><\/strong>.<\/p>\n\n\n\n<p><strong>Chcete-li V\u011bstn\u00edk podpo\u0159it, po\u0161lete p\u0159\u00edsp\u011bvek na adresu:<\/strong> Alena Martinu,5080 Glencairn Ave, Montreal, QC, H3W 2B4.<\/p>\n\n\n\n<p>\u0160ek vystavte na \u00ab\u00a0<strong>Czech&nbsp;&amp;&nbsp;Slovak Association of Canada\u00a0\u00bb&nbsp;<\/strong>spozn\u00e1mkou \u00ab\u00a0Vestnik Fund\u00a0\u00bb. <strong>M\u016f\u017eete rovn\u011b\u017e poslat e-transfer na adresu montrealvestnik@gmail.com.<\/strong><\/p>\n\n\n\n<p>Chcete-li dost\u00e1vat Montrealsk\u00fd v\u011bstn\u00edk po emailu ve form\u00e1tu pdf, napi\u0161te na <strong>montrealvestnik@gmail.com<\/strong><\/p>\n\n\n\n<figure class=\"wp-block-image size-full\"><a href=\"https:\/\/www.montrealvestnik.com\/\" target=\"_blank\" rel=\" noreferrer noopener\"><img loading=\"lazy\" decoding=\"async\" width=\"976\" height=\"470\" src=\"https:\/\/www.cssk.ca\/wp-content\/uploads\/2026\/03\/Screen-Shot-2026-03-25-at-1.49.28-PM.png\" alt=\"\" class=\"wp-image-585\" srcset=\"https:\/\/www.cssk.ca\/wp-content\/uploads\/2026\/03\/Screen-Shot-2026-03-25-at-1.49.28-PM.png 976w, https:\/\/www.cssk.ca\/wp-content\/uploads\/2026\/03\/Screen-Shot-2026-03-25-at-1.49.28-PM-300x144.png 300w, https:\/\/www.cssk.ca\/wp-content\/uploads\/2026\/03\/Screen-Shot-2026-03-25-at-1.49.28-PM-768x370.png 768w\" sizes=\"auto, (max-width: 976px) 100vw, 976px\" \/><\/a><\/figure>\n","protected":false},"excerpt":{"rendered":"<p>Montrealsk\u00fd v\u011bstn\u00edk Od z\u00e1\u0159\u00ed roku 1964 vych\u00e1z\u00ed tento m\u011bs\u00ed\u010dn\u00edk pln\u00fd krajansk\u00e9ho d\u011bn\u00ed v Montrealu a okol\u00ed. Aktu\u00e1ln\u00ed i&nbsp;star\u0161\u00ed \u010d\u00edsla m\u016f\u017eete \u010d\u00edst na webov\u00e9 str\u00e1nce&nbsp;Montrealsk\u00fd v\u011bstn\u00edk. Chcete-li V\u011bstn\u00edk podpo\u0159it, po\u0161lete p\u0159\u00edsp\u011bvek na adresu: Alena Martinu,5080 Glencairn Ave, Montreal, QC, H3W 2B4. \u0160ek vystavte na \u00ab\u00a0Czech&nbsp;&amp;&nbsp;Slovak Association of Canada\u00a0\u00bb&nbsp;spozn\u00e1mkou \u00ab\u00a0Vestnik Fund\u00a0\u00bb. M\u016f\u017eete rovn\u011b\u017e poslat e-transfer na adresu [&hellip;]<\/p>\n","protected":false},"author":2,"featured_media":0,"parent":15,"menu_order":0,"comment_status":"closed","ping_status":"closed","template":"","meta":{"footnotes":""},"class_list":["post-199","page","type-page","status-publish","hentry","branch-montreal"],"_links":{"self":[{"href":"https:\/\/www.cssk.ca\/fr\/wp-json\/wp\/v2\/pages\/199","targetHints":{"allow":["GET"]}}],"collection":[{"href":"https:\/\/www.cssk.ca\/fr\/wp-json\/wp\/v2\/pages"}],"about":[{"href":"https:\/\/www.cssk.ca\/fr\/wp-json\/wp\/v2\/types\/page"}],"author":[{"embeddable":true,"href":"https:\/\/www.cssk.ca\/fr\/wp-json\/wp\/v2\/users\/2"}],"replies":[{"embeddable":true,"href":"https:\/\/www.cssk.ca\/fr\/wp-json\/wp\/v2\/comments?post=199"}],"version-history":[{"count":10,"href":"https:\/\/www.cssk.ca\/fr\/wp-json\/wp\/v2\/pages\/199\/revisions"}],"predecessor-version":[{"id":670,"href":"https:\/\/www.cssk.ca\/fr\/wp-json\/wp\/v2\/pages\/199\/revisions\/670"}],"up":[{"embeddable":true,"href":"https:\/\/www.cssk.ca\/fr\/wp-json\/wp\/v2\/pages\/15"}],"wp:attachment":[{"href":"https:\/\/www.cssk.ca\/fr\/wp-json\/wp\/v2\/media?parent=199"}],"curies":[{"name":"wp","href":"https:\/\/api.w.org\/{rel}","templated":true}]}}