{"id":161,"date":"2025-03-22T12:58:35","date_gmt":"2025-03-22T16:58:35","guid":{"rendered":"https:\/\/www.cssk.ca\/new\/?page_id=161"},"modified":"2025-03-22T12:58:36","modified_gmt":"2025-03-22T16:58:36","slug":"charter","status":"publish","type":"page","link":"https:\/\/www.cssk.ca\/fr\/our-community\/charter\/","title":{"rendered":"Charte"},"content":{"rendered":"<p class=\"p1\"><b>C H A R T E<\/b><b><\/b><\/p>\n<p class=\"p3\">accord\u00e9e \u00e0<\/p>\n<p class=\"p1\"><b>ASSOCIATION NATIONALE TCH\u00c9COSLOVAQUE DU CANADA<\/b><b><\/b><\/p>\n<p class=\"p1\"><b>C A N A D A<\/b><b><\/b><\/p>\n<p class=\"p3\">PAR l\u2019honorable <span class=\"s1\"><b>LEON BALCER<\/b><\/span>,<\/p>\n<p class=\"p3\">Secr\u00e9taire d\u2019\u00c9tat int\u00e9rimaire du Canada<\/p>\n<p class=\"p3\">\u00c0 tous ceux \u00e0 qui les pr\u00e9sentes parviendront ou qu\u2019elles peuvent concerner de quelque mani\u00e8re que ce soit, SALUT :<\/p>\n<p class=\"p3\">ATTENDU QUE, en vertu de la Partie II du Chapitre 53 des Statuts r\u00e9vis\u00e9s du Canada de 1952, connue sous le nom de <i>Loi sur les compagnies<\/i>, il est, entre autres, stipul\u00e9 que le Secr\u00e9taire d\u2019\u00c9tat du Canada peut, par lettres patentes sous son sceau officiel, accorder une charte \u00e0 tout groupe d\u2019au moins trois (3) personnes, ayant satisfait aux exigences de ladite loi, et en faisant la demande, constituant ainsi ces personnes, ainsi que toute autre personne qui en deviendra membre par la suite, en une personne morale sans capital-actions, dans le but d\u2019exercer des activit\u00e9s dans plus d\u2019une province du Canada, sans gain p\u00e9cuniaire pour ses membres, \u00e0 des fins de nature nationale, patriotique, religieuse, philanthropique, charitable, scientifique, artistique, sociale, professionnelle ou sportive, ou \u00e0 des fins similaires, les demandeurs ayant pr\u00e9alablement d\u00e9montr\u00e9 au Secr\u00e9taire d\u2019\u00c9tat du Canada qu\u2019ils ont rempli les conditions pr\u00e9vues par ladite loi :<\/p>\n<p class=\"p3\">ET ATTENDU QUE <span class=\"s1\"><b>FRANTISEK NEMEC<\/b><\/span>, \u00e9crivain, <span class=\"s1\"><b>JIRI JAN SKVOR<\/b><\/span>, producteur, et <span class=\"s1\"><b>IVAN BUJNA<\/b><\/span>, homme d\u2019affaires, de la ville de Montr\u00e9al, dans la province de Qu\u00e9bec, <span class=\"s1\"><b>BEDRICH CECHA<\/b><\/span>, gestionnaire, de la ville de Burlington, dans la province de l\u2019Ontario, <span class=\"s1\"><b>STANISLAV REDINA<\/b><\/span>, courtier immobilier, <span class=\"s1\"><b>FRANTISEK NOVOTNY<\/b><\/span>, vendeur, <span class=\"s1\"><b>JIRI GEORGE CORN<\/b><\/span>, comptable agr\u00e9\u00e9, <span class=\"s1\"><b>VOJTECH SKUBAL<\/b><\/span>, manufacturier, <span class=\"s1\"><b>PROKOP VLADIMIR HAVLIK<\/b><\/span>, homme d\u2019affaires, <span class=\"s1\"><b>JAN KALLA<\/b><\/span>, cuisinier, et <span class=\"s1\"><b>VACLAV SALAK<\/b><\/span>, peintre, de la ville de Toronto, dans la province de l\u2019Ontario, <span class=\"s1\"><b>ANTONIN DAICAR<\/b><\/span>, directeur des ventes, et <span class=\"s1\"><b>STANISLAV KLOUDA<\/b><\/span>, machiniste, du canton de Sidney, dans ladite province de l\u2019Ontario, <span class=\"s1\"><b>PAUL MYSLIN<\/b><\/span>, \u00e9tudiant, de la ville de Dundas, dans ladite province, <span class=\"s1\"><b>KAREL SEIF<\/b><\/span>, commis, du village de Frankford, toujours dans ladite province, <span class=\"s1\"><b>VILIEN KRATOCHVIL<\/b><\/span>, outilleur-ajusteur, de la ville de Windsor, <span class=\"s1\"><b>HUBERT OBR<\/b><\/span>, concepteur, et <span class=\"s1\"><b>DAGMAR PETRKOVA<\/b><\/span>, m\u00e9nag\u00e8re, de la ville de Hamilton, et <span class=\"s1\"><b>JOHN KARGER<\/b><\/span>, machiniste, du canton de Woolwich, ont fait une demande de charte en vertu de ladite loi, les constituant eux-m\u00eames et ceux qui deviendront membres, en une personne morale sous la d\u00e9nomination de :<\/p>\n<p class=\"p1\"><b>ASSOCIATION NATIONALE TCH\u00c9COSLOVAQUE DU CANADA<\/b><b><\/b><\/p>\n<p class=\"p3\">dans le but \u00e9nonc\u00e9 ci-apr\u00e8s, et ont d\u00e9montr\u00e9 de mani\u00e8re satisfaisante qu\u2019ils ont rempli toutes les exigences de ladite loi, ainsi que l\u2019exactitude de tous les faits requis avant l\u2019octroi de telles lettres patentes, et ont d\u00e9pos\u00e9 aupr\u00e8s du minist\u00e8re du Secr\u00e9taire d\u2019\u00c9tat un duplicata du protocole d\u2019entente sign\u00e9 par les demandeurs conform\u00e9ment aux dispositions de ladite loi :<\/p>\n<p class=\"p3\">SACHEZ DONC que moi, <span class=\"s1\"><b>LEON BALCER<\/b><\/span>, Secr\u00e9taire d\u2019\u00c9tat int\u00e9rimaire du Canada, en vertu de l\u2019autorit\u00e9 conf\u00e9r\u00e9e par ladite loi, accorde par les pr\u00e9sentes lettres patentes la constitution en personne morale, sans capital-actions, desdits <span class=\"s1\"><b>FRANTISEK NEMEC<\/b><\/span>, <span class=\"s1\"><b>JIRI JAN SKVOR<\/b><\/span>, <span class=\"s1\"><b>IVAN BUJNA<\/b><\/span>, <span class=\"s1\"><b>BEDRICH CECHA<\/b><\/span>, <span class=\"s1\"><b>STANISLAV REDINA<\/b><\/span>, <span class=\"s1\"><b>FRANTISEK NOVOTNY<\/b><\/span>, <span class=\"s1\"><b>JIRI GEORGE CORN<\/b><\/span>, <span class=\"s1\"><b>VOJTECH SKUBAL<\/b><\/span>, <span class=\"s1\"><b>PROKOP VLADIMIR HAVLIK<\/b><\/span>, <span class=\"s1\"><b>JAN KALLA<\/b><\/span>, <span class=\"s1\"><b>VACLAV SALAK<\/b><\/span>, <span class=\"s1\"><b>ANTONIN DAICAR<\/b><\/span>, <span class=\"s1\"><b>STANISLAV KLOUDA<\/b><\/span>, <span class=\"s1\"><b>PAUL MYSLIN<\/b><\/span>, <span class=\"s1\"><b>KAREL SEIF<\/b><\/span>, <span class=\"s1\"><b>VILIEN KRATOCHVIL<\/b><\/span>, <span class=\"s1\"><b>HUBERT OBR<\/b><\/span>, <span class=\"s1\"><b>DAGMAR PETRKOVA<\/b><\/span> et <span class=\"s1\"><b>JOHN KARGER<\/b><\/span>, ainsi que de tous ceux qui deviendront membres de cette soci\u00e9t\u00e9, sous la d\u00e9nomination de :<\/p>\n<p class=\"p1\"><b>ASSOCIATION NATIONALE TCH\u00c9COSLOVAQUE DU CANADA<\/b><b><\/b><\/p>\n<p class=\"p3\">avec tous les droits et pouvoirs conf\u00e9r\u00e9s par ladite loi, et aux fins suivantes, \u00e0 savoir :<\/p>\n<p class=\"p3\">(a) d\u00e9velopper les plus hauts standards de citoyennet\u00e9 chez les Canadiens d\u2019origine tch\u00e9coslovaque en encourageant, menant et participant \u00e0 des activit\u00e9s de nature nationale, patriotique, culturelle et humanitaire, dans l\u2019int\u00e9r\u00eat sup\u00e9rieur du pays et de ses citoyens d\u2019origine tch\u00e9coslovaque;<\/p>\n<p class=\"p3\">(b) agir dans les affaires touchant le statut, les droits et le bien-\u00eatre des Canadiens d\u2019origine tch\u00e9coslovaque et des Tch\u00e9coslovaques venant au Canada;<\/p>\n<p class=\"p3\">(c) participer \u00e0 et soutenir les efforts visant \u00e0 am\u00e9liorer les conditions sociales, \u00e9conomiques et culturelles des Canadiens d\u2019origine tch\u00e9coslovaque, en collaborant avec d\u2019autres organismes pour aider et r\u00e9int\u00e9grer les immigrants et r\u00e9fugi\u00e9s tch\u00e9coslovaques;<\/p>\n<p class=\"p3\">(d) promouvoir la tol\u00e9rance, la compr\u00e9hension et la bonne volont\u00e9 entre tous les groupes ethniques du Canada;<\/p>\n<p class=\"p3\">(e) coop\u00e9rer \u00e0 la d\u00e9fense et au maintien de la libert\u00e9 et de la d\u00e9mocratie au Canada, et appuyer les Canadiens dans leurs efforts pour promouvoir, renforcer et \u00e9tablir un syst\u00e8me d\u00e9mocratique partout dans le monde, particuli\u00e8rement en Tch\u00e9coslovaquie;<\/p>\n<p class=\"p3\">(f) cultiver chez les membres une appr\u00e9ciation de leur langue maternelle, de leur patrimoine culturel et de leurs traditions historiques;<\/p>\n<p class=\"p3\">(g) \u00e9tudier les enjeux li\u00e9s aux objectifs ci-dessus, mener des recherches, encourager des \u00e9tudes et publier des p\u00e9riodiques, brochures et autres documents \u00e0 propos des activit\u00e9s de la Soci\u00e9t\u00e9;<\/p>\n<p class=\"p3\">(h) recueillir des fonds et recevoir des dons, legs, subventions et autres biens ou sommes d\u2019argent, pour les objectifs de la Soci\u00e9t\u00e9 ou pour tout autre objectif sp\u00e9cial conforme \u00e0 ses buts;<\/p>\n<p class=\"p3\">(i) succ\u00e9der et reprendre tous les droits, obligations, nom et biens d\u00e9tenus ou utilis\u00e9s par le <span class=\"s1\"><b>CESKOSLOVENSKE NARODNI SDRUZENI V KANADE \u2014 CZECHOSLOVAK NATIONAL ASSOCIATION OF CANADA<\/b><\/span>, un organisme non constitu\u00e9 en personne morale dont le si\u00e8ge \u00e9tait \u00e0 Montr\u00e9al, Qu\u00e9bec.<\/p>\n<p class=\"p3\">Les activit\u00e9s de la Soci\u00e9t\u00e9 pourront s\u2019\u00e9tendre \u00e0 travers le Canada et ailleurs.<\/p>\n<p class=\"p3\">Le si\u00e8ge social de la Soci\u00e9t\u00e9 sera situ\u00e9 dans la ville de Montr\u00e9al, province de Qu\u00e9bec.<\/p>\n<p class=\"p3\">Lesdits <span class=\"s1\"><b>FRANTISEK NEMEC<\/b><\/span>, <span class=\"s1\"><b>JIRI JAN SKVOR<\/b><\/span>, <span class=\"s1\"><b>IVAN BUJNA<\/b><\/span>, etc. seront les premiers administrateurs de la Soci\u00e9t\u00e9.<\/p>\n<p class=\"p3\">Il est par les pr\u00e9sentes d\u00e9cr\u00e9t\u00e9 que, lorsqu\u2019autoris\u00e9 par r\u00e8glement adopt\u00e9 par les administrateurs et approuv\u00e9 par au moins les deux tiers (2\/3) des voix exprim\u00e9es lors d\u2019une assembl\u00e9e g\u00e9n\u00e9rale extraordinaire des membres d\u00fbment convoqu\u00e9e, les administrateurs peuvent :<\/p>\n<p class=\"p3\">(a) emprunter de l\u2019argent au cr\u00e9dit de la Soci\u00e9t\u00e9;<\/p>\n<p class=\"p3\">(b) fixer ou modifier la limite d\u2019emprunt;<\/p>\n<p class=\"p3\">(c) \u00e9mettre des obligations ou autres titres de la Soci\u00e9t\u00e9;<\/p>\n<p class=\"p3\">(d) engager ou vendre ces titres aux montants et aux prix jug\u00e9s opportuns;<\/p>\n<p class=\"p3\">(e) hypoth\u00e9quer, nantir ou grever les biens de la Soci\u00e9t\u00e9 pour garantir les emprunts ou obligations.<\/p>\n<p class=\"p3\">Aucune disposition de la pr\u00e9sente clause ne limite l\u2019emprunt d\u2019argent au moyen de lettres de change ou billets \u00e0 ordre \u00e9mis par la Soci\u00e9t\u00e9.<\/p>\n<p class=\"p3\">Il est aussi d\u00e9clar\u00e9 que les activit\u00e9s de la Soci\u00e9t\u00e9 seront exerc\u00e9es sans gain p\u00e9cuniaire pour ses membres et que tout revenu sera consacr\u00e9 \u00e0 la r\u00e9alisation de ses objectifs.<\/p>\n<p class=\"p3\">Donn\u00e9 sous mon sceau officiel \u00e0 Ottawa, ce vingt-huiti\u00e8me jour de septembre, mil neuf cent soixante.<\/p>\n<p class=\"p3\">(Sceau)<\/p>\n<p class=\"p1\"><b>\u00ab Louis Lesage \u00bb<\/b><b><\/b><\/p>\n<p class=\"p3\">Pour le Secr\u00e9taire d\u2019\u00c9tat int\u00e9rimaire<\/p>\n<p class=\"p1\"><b>Dat\u00e9 le 28 septembre 1960.<\/b><b><\/b><\/p>\n<p class=\"p1\"><b>Enregistr\u00e9 le 26 octobre 1960.<\/b><b><\/b><\/p>\n<p class=\"p1\"><b>Film 160 \u2014 Document 102.<\/b><b><\/b><\/p>\n<p class=\"p1\"><b>F. Weatherhead<\/b><b><\/b><\/p>\n<p class=\"p3\">Pour le registraire g\u00e9n\u00e9ral adjoint du Canada<\/p>\n<p class=\"p3\">R\u00e9f. No. 163374<\/p>\n<p class=\"p3\">MD<\/p>\n<hr \/>\n<p class=\"p5\"><b>R\u00c8GLEMENT No. 5<\/b><b><\/b><\/p>\n<p class=\"p3\">R\u00e8glement modifiant le si\u00e8ge social et la fin d\u2019ann\u00e9e financi\u00e8re de l\u2019Association nationale tch\u00e9coslovaque du Canada.<\/p>\n<p class=\"p3\">IL EST R\u00c9SOLU, en tant que r\u00e8glement no 5 de l\u2019Association nationale tch\u00e9coslovaque du Canada (ci-apr\u00e8s la \u00ab Soci\u00e9t\u00e9 \u00bb), ce qui suit :<\/p>\n<p class=\"p3\">(a) Le si\u00e8ge social de la Soci\u00e9t\u00e9 est transf\u00e9r\u00e9 de la ville de Montr\u00e9al, province de Qu\u00e9bec, \u00e0 la ville de Toronto, province de l\u2019Ontario.<\/p>\n<p class=\"p3\">(b) La fin d\u2019ann\u00e9e financi\u00e8re est modifi\u00e9e du 31 ao\u00fbt au 31 d\u00e9cembre.<\/p>\n<p class=\"p3\">Fait ce 16e jour de septembre 1961.<\/p>\n<hr \/>\n<p class=\"p5\"><b>R\u00c8GLEMENT No. 13<\/b><b><\/b><\/p>\n<p class=\"p3\">R\u00e8glement autorisant une demande de lettres patentes suppl\u00e9mentaires modifiant les lettres patentes de l\u2019Association nationale tch\u00e9coslovaque du Canada.<\/p>\n<p class=\"p3\">IL EST R\u00c9SOLU, en tant que r\u00e8glement no 13 de l\u2019Association nationale tch\u00e9coslovaque du Canada (ci-apr\u00e8s la \u00ab Soci\u00e9t\u00e9 \u00bb), ce qui suit :<\/p>\n<p class=\"p6\">1.La Soci\u00e9t\u00e9 est autoris\u00e9e \u00e0 pr\u00e9senter une demande au ministre de la Consommation et des Corporations pour obtenir des lettres patentes suppl\u00e9mentaires modifiant les lettres patentes de constitution de la Soci\u00e9t\u00e9 :<\/p>\n<p class=\"p3\">(i) en changeant le nom de la Soci\u00e9t\u00e9 pour <span class=\"s1\"><b>ASSOCIATION TCH\u00c8QUE ET SLOVAQUE DU CANADA<\/b><\/span>;<\/p>\n<p class=\"p3\">(ii) en rempla\u00e7ant les clauses \u00ab a \u00bb \u00e0 \u00ab h \u00bb par ce qui suit :<\/p>\n<p class=\"p3\">(a) promouvoir les plus hauts standards de citoyennet\u00e9 chez les Canadiens d\u2019origine tch\u00e8que et slovaque par des activit\u00e9s culturelles et humanitaires;<\/p>\n<p class=\"p3\">(b) agir dans les questions touchant le statut, les droits et le bien-\u00eatre des Canadiens d\u2019origine tch\u00e8que ou slovaque et des Tch\u00e8ques et Slovaques venant au Canada;<\/p>\n<p class=\"p3\">(c) appuyer l\u2019am\u00e9lioration des conditions sociales, \u00e9conomiques et culturelles des Canadiens d\u2019origine tch\u00e8que ou slovaque, et collaborer avec d\u2019autres organismes \u00e0 l\u2019aide et la r\u00e9int\u00e9gration des immigrants et r\u00e9fugi\u00e9s tch\u00e8ques et slovaques;<\/p>\n<p class=\"p3\">(d) promouvoir la tol\u00e9rance, la compr\u00e9hension et la bonne volont\u00e9 entre tous les groupes ethniques au Canada;<\/p>\n<p class=\"p3\">(e) d\u00e9fendre la libert\u00e9 et la d\u00e9mocratie au Canada et \u00e0 l\u2019\u00e9tranger;<\/p>\n<p class=\"p3\">(f) cultiver l\u2019appr\u00e9ciation de leur langue maternelle, de leur culture et de leur histoire chez les membres;<\/p>\n<p class=\"p3\">(g) pour atteindre ces objectifs, effectuer de la recherche, obtenir un appui financier public ou priv\u00e9 et collaborer avec d\u2019autres organismes aux int\u00e9r\u00eats compatibles.<\/p>\n<p class=\"p3\">Les activit\u00e9s de la Soci\u00e9t\u00e9 peuvent \u00eatre men\u00e9es partout au Canada et ailleurs.<\/p>\n<p class=\"p3\">Fait ce 14e jour de mai 1995.<\/p>\n","protected":false},"excerpt":{"rendered":"<p>C H A R T E accord\u00e9e \u00e0 ASSOCIATION NATIONALE TCH\u00c9COSLOVAQUE DU CANADA C A N A D A PAR l\u2019honorable LEON BALCER, Secr\u00e9taire d\u2019\u00c9tat int\u00e9rimaire du Canada \u00c0 tous ceux \u00e0 qui les pr\u00e9sentes parviendront ou qu\u2019elles peuvent concerner de quelque mani\u00e8re que ce soit, SALUT : ATTENDU QUE, en vertu de la Partie [&hellip;]<\/p>\n","protected":false},"author":1,"featured_media":0,"parent":15,"menu_order":0,"comment_status":"closed","ping_status":"closed","template":"","meta":{"footnotes":""},"class_list":["post-161","page","type-page","status-publish","hentry"],"_links":{"self":[{"href":"https:\/\/www.cssk.ca\/fr\/wp-json\/wp\/v2\/pages\/161","targetHints":{"allow":["GET"]}}],"collection":[{"href":"https:\/\/www.cssk.ca\/fr\/wp-json\/wp\/v2\/pages"}],"about":[{"href":"https:\/\/www.cssk.ca\/fr\/wp-json\/wp\/v2\/types\/page"}],"author":[{"embeddable":true,"href":"https:\/\/www.cssk.ca\/fr\/wp-json\/wp\/v2\/users\/1"}],"replies":[{"embeddable":true,"href":"https:\/\/www.cssk.ca\/fr\/wp-json\/wp\/v2\/comments?post=161"}],"version-history":[{"count":1,"href":"https:\/\/www.cssk.ca\/fr\/wp-json\/wp\/v2\/pages\/161\/revisions"}],"predecessor-version":[{"id":162,"href":"https:\/\/www.cssk.ca\/fr\/wp-json\/wp\/v2\/pages\/161\/revisions\/162"}],"up":[{"embeddable":true,"href":"https:\/\/www.cssk.ca\/fr\/wp-json\/wp\/v2\/pages\/15"}],"wp:attachment":[{"href":"https:\/\/www.cssk.ca\/fr\/wp-json\/wp\/v2\/media?parent=161"}],"curies":[{"name":"wp","href":"https:\/\/api.w.org\/{rel}","templated":true}]}}