{"id":158,"date":"2025-03-16T17:50:36","date_gmt":"2025-03-16T21:50:36","guid":{"rendered":"https:\/\/www.cssk.ca\/new\/?page_id=158"},"modified":"2025-03-16T17:50:36","modified_gmt":"2025-03-16T21:50:36","slug":"our-story","status":"publish","type":"page","link":"https:\/\/www.cssk.ca\/fr\/our-community\/our-story\/","title":{"rendered":"Notre histoire"},"content":{"rendered":"<p><span style=\"font-weight: 400;\">L\u2019Association tch\u00e9coslovaque (aujourd\u2019hui tch\u00e8que et slovaque) a \u00e9t\u00e9 fond\u00e9e en r\u00e9ponse au besoin d\u2019une organisation centrale forte regroupant les expatri\u00e9s tch\u00e8ques et slovaques afin de contribuer \u00e0 la lib\u00e9ration de la Tch\u00e9coslovaquie pendant la Seconde Guerre mondiale. Bien qu\u2019un besoin similaire ait d\u00e9j\u00e0 \u00e9merg\u00e9 pendant la Premi\u00e8re Guerre mondiale, ce n\u2019est qu\u2019en 1939, lorsque la Tch\u00e9coslovaquie a perdu son ind\u00e9pendance, qu\u2019un objectif commun a \u00e9t\u00e9 trouv\u00e9 parmi les nombreuses soci\u00e9t\u00e9s et clubs aux int\u00e9r\u00eats divers. Sous la direction du Canadien slovaque \u0160tefan Rudinsk\u00fd, de Montr\u00e9al, et du Canadien tch\u00e8que Gustav P\u0159\u00edstupa, de Toronto, les obstacles \u00e0 l\u2019unification ont \u00e9t\u00e9 surmont\u00e9s. Un comit\u00e9 commun des organisations nationales a \u00e9t\u00e9 form\u00e9 et s\u2019est r\u00e9uni le 7 mai 1939 \u00e0 Toronto, o\u00f9 il a \u00e9t\u00e9 d\u00e9cid\u00e9 d\u2019\u00e9tablir l\u2019Association nationale des Slovaques, des Tch\u00e8ques et des Ruth\u00e8nes subcarpatiques du Canada.<\/span><\/p>\n<p><span style=\"font-weight: 400;\">Les 24 et 25 juin 1939, le premier congr\u00e8s s\u2019est tenu \u00e0 l\u2019\u00e9glise Church of All Nations \u00e0 Toronto. En pr\u00e9sence de 140 d\u00e9l\u00e9gu\u00e9s, un comit\u00e9 ex\u00e9cutif a \u00e9t\u00e9 \u00e9lu, dirig\u00e9 par \u0160tefan Rudinsk\u00fd en tant que pr\u00e9sident et Karel Buzek en tant que secr\u00e9taire g\u00e9n\u00e9ral. Le nom d\u2019origine a \u00e9t\u00e9 rapidement chang\u00e9 pour devenir l\u2019Association nationale tch\u00e9coslovaque du Canada (\u010cSNS). Presque toutes les organisations tch\u00e8ques et slovaques ont activement collabor\u00e9 avec l\u2019Association, \u00e0 l\u2019exception de la Ligue slovaque, qui adoptait une orientation s\u00e9paratiste. Apr\u00e8s la cr\u00e9ation de l\u2019\u00c9tat slovaque en mars 1939, la Ligue s\u2019est retrouv\u00e9e dans une situation d\u00e9licate. Bon nombre de ses dirigeants sympathisaient avec le r\u00e9gime autoritaire de Tiso et le Parti populaire slovaque de Hlinka. Bien que la Ligue slovaque ait contribu\u00e9 \u00e0 l\u2019effort de guerre canadien en collectant des fonds pour la Croix-Rouge, elle l\u2019a toujours fait s\u00e9par\u00e9ment du reste de la communaut\u00e9 tch\u00e8que et slovaque unie au sein de l\u2019Association nationale tch\u00e9coslovaque.<\/span><\/p>\n<p><span style=\"font-weight: 400;\">Anim\u00e9e par sa propre initiative et par l\u2019int\u00e9r\u00eat g\u00e9n\u00e9ral de la lutte contre l\u2019Allemagne nazie, l\u2019Association a connu une croissance rapide, passant de 46 sections locales en 1939 \u00e0 86 avec environ 6 500 membres \u00e0 la fin de 1942. Cette expansion a \u00e9t\u00e9 facilit\u00e9e par des tourn\u00e9es organis\u00e9es \u00e0 travers le Canada, de la c\u00f4te Est \u00e0 la c\u00f4te Ouest. La premi\u00e8re de ces tourn\u00e9es a \u00e9t\u00e9 men\u00e9e par Karel Buzek et un membre dirigeant slovaque de l\u2019Association, Peter Klimko. Une autre tourn\u00e9e a \u00e9t\u00e9 rendue possible par des clubs canadiens pour le s\u00e9nateur Vojta Bene\u0161, fr\u00e8re a\u00een\u00e9 du pr\u00e9sident Edvard Bene\u0161, ainsi que pour deux repr\u00e9sentants des forces arm\u00e9es tch\u00e9coslovaques en exil, le colonel Jan Ambru\u0161 et le capitaine Rudolf Nekola. Ce dernier est revenu au Canada apr\u00e8s le coup d\u2019\u00c9tat communiste de 1948, est devenu citoyen canadien et a publi\u00e9 l\u2019hebdomadaire Nov\u00fd domov (New Homeland). L\u2019Association a g\u00e9r\u00e9 le Fonds caritatif tch\u00e9coslovaque de guerre au Canada et a collect\u00e9 environ 330 000 dollars canadiens pour diverses causes li\u00e9es \u00e0 la guerre et \u00e0 la lib\u00e9ration de la Tch\u00e9coslovaquie. Elle a \u00e9galement contribu\u00e9 \u00e0 ce que le gouvernement canadien commence, \u00e0 partir d\u2019avril 1941, \u00e0 reconna\u00eetre les membres de la minorit\u00e9 tch\u00e9coslovaque du Canada comme citoyens d\u2019un pays alli\u00e9.<\/span><\/p>\n<p><span style=\"font-weight: 400;\">Lors du congr\u00e8s de novembre 1945, dirig\u00e9 par le Canadien slovaque Jan Ga\u017eo, de Windsor, trois objectifs principaux ont \u00e9t\u00e9 d\u00e9finis : la promotion de la citoyennet\u00e9 canadienne, la pr\u00e9servation du patrimoine culturel tch\u00e8que et slovaque, et l\u2019aide mat\u00e9rielle \u00e0 la patrie d\u00e9vast\u00e9e par la guerre. Le dernier de ces objectifs a pu \u00eatre r\u00e9alis\u00e9 apr\u00e8s que le secr\u00e9taire g\u00e9n\u00e9ral de la \u010cSNS, Karel Buzek, est \u00e9galement devenu directeur ex\u00e9cutif du Canadian United Allied Relief Fund.<\/span><\/p>\n<p><span style=\"font-weight: 400;\">Apr\u00e8s la guerre, l\u2019activit\u00e9 de la \u010cSNS est pass\u00e9e du domaine politique aux pr\u00e9occupations sociales, en se recentrant sur les questions domestiques plut\u00f4t qu\u2019internationales. En 1946 et 1947, l\u2019Association a soumis deux lettres d\u00e9taill\u00e9es au Comit\u00e9 s\u00e9natorial canadien sur l\u2019immigration et le travail, demandant certaines r\u00e9formes l\u00e9gislatives, dont plusieurs ont \u00e9t\u00e9 mises en \u0153uvre au cours des ann\u00e9es suivantes. Pendant cette p\u00e9riode, la communaut\u00e9 tch\u00e8que et slovaque a \u00e9galement entrepris la construction du Masaryk Memorial Institute et de la Masaryk Hall \u00e0 Scarborough, un quartier du Grand Toronto.<\/span><\/p>\n<p><span style=\"font-weight: 400;\">L\u2019Association a r\u00e9agi rapidement \u00e0 la prise de pouvoir des communistes en Tch\u00e9coslovaquie en f\u00e9vrier 1948 en parrainant le Fonds canadien pour les r\u00e9fugi\u00e9s tch\u00e9coslovaques. Cependant, un clivage s\u2019est form\u00e9 entre les nouveaux arrivants et les expatri\u00e9s tch\u00e8ques et slovaques de longue date au Canada, ce qui a entrav\u00e9 l\u2019efficacit\u00e9 de la \u010cSNS pendant au moins huit ans (1948\u20131956). En 1949, malgr\u00e9 ces tensions, le Fonds canadien pour les r\u00e9fugi\u00e9s tch\u00e9coslovaques a \u00e9t\u00e9 \u00e9tabli et fonctionne toujours au sein de l\u2019Association aujourd\u2019hui. Toutefois, le Parti communiste a cherch\u00e9 \u00e0 influencer les immigrants socialement vuln\u00e9rables arriv\u00e9s dans les ann\u00e9es 1920 et 1930. Un \u00e9v\u00e9nement qui a contribu\u00e9 \u00e0 rassembler la communaut\u00e9 a \u00e9t\u00e9 la R\u00e9volution hongroise de 1956. Sous la pr\u00e9sidence de Frank N\u011bmec, qui avait \u00e9t\u00e9 ambassadeur de Tch\u00e9coslovaquie au Canada avant 1948, l\u2019Association a retrouv\u00e9 un fonctionnement stable et efficace.<\/span><\/p>\n<p><span style=\"font-weight: 400;\">Dans les ann\u00e9es 1960, l\u2019activit\u00e9 du \u010cSNS s\u2019est intensifi\u00e9e, et le nombre de ses succursales a de nouveau augment\u00e9. Anthony Dai\u010dar, originaire de la ville de Batawa, fond\u00e9e par Tom\u00e1\u0161 Ba\u0165a, est devenu pr\u00e9sident, tandis que Ji\u0159\u00ed Corn a \u00e9t\u00e9 \u00e9lu secr\u00e9taire g\u00e9n\u00e9ral. Un membre important de l\u2019Association, issu du Parti national-socialiste tch\u00e9coslovaque en exil, \u00e9tait \u00e9galement le professeur Vladim\u00edr Krajina. Bien que les cotisations des membres aient \u00e9t\u00e9 r\u00e9duites \u00e0 un cinqui\u00e8me de leur niveau pendant la guerre, elles ont n\u00e9anmoins permis de financer l\u2019organisation de bazars, de soir\u00e9es dansantes, de spectacles de th\u00e9\u00e2tre et d\u2019autres \u00e9v\u00e9nements sociaux. Une initiative majeure du \u010cSNS a \u00e9t\u00e9 son engagement en faveur de la cr\u00e9ation d\u2019une chaire ind\u00e9pendante pour la litt\u00e9rature tch\u00e8que et slovaque \u00e0 l\u2019Universit\u00e9 de Toronto.<\/span><\/p>\n<p><span style=\"font-weight: 400;\">L\u2019Association nationale tch\u00e9coslovaque du Canada, rebaptis\u00e9e en 1984 sous le nom d\u2019Association tch\u00e9coslovaque, puis, apr\u00e8s la dissolution de la Tch\u00e9coslovaquie, renomm\u00e9e Association tch\u00e8que et slovaque du Canada (\u010cSSK\/CSAC), a constamment apport\u00e9 son soutien aux r\u00e9fugi\u00e9s tch\u00e8ques et slovaques et maintenu des relations avec les gouvernements f\u00e9d\u00e9ral et provinciaux du Canada dans ce cadre. Dans la politique canadienne, qui vise \u00e0 cr\u00e9er une soci\u00e9t\u00e9 multiculturelle, les associations et organisations de la diaspora ont traditionnellement jou\u00e9 un r\u00f4le cl\u00e9. \u00c0 noter que l\u2019Association \u00e9tait l\u2019une des 36 organisations de la diaspora repr\u00e9sent\u00e9es au Conseil ethnoculturel canadien, qui a contribu\u00e9 \u00e0 l\u2019adoption de la Loi sur le multiculturalisme C-96, toujours en vigueur aujourd\u2019hui.<\/span><\/p>\n<p><span style=\"font-weight: 400;\">En 1999, le \u010cSSK a c\u00e9l\u00e9br\u00e9 son 60e anniversaire. En janvier 2000, l\u2019Association comptait 14 succursales dans diff\u00e9rentes provinces canadiennes, avec un total d\u2019environ 3 800 membres cotisants, r\u00e9partis dans les villes suivantes : Batawa-Belleville, Calgary, Edmonton, Halifax, Hamilton, Kingston, Kitchener-Waterloo-Guelph, London, Montr\u00e9al, Ottawa, Toronto, St. Catharines, Vancouver et Winnipeg. L\u2019organe supr\u00eame de l\u2019Association est l\u2019assembl\u00e9e g\u00e9n\u00e9rale annuelle (congr\u00e8s), qui approuve chaque ann\u00e9e les \u00e9tats financiers ainsi que les rapports des repr\u00e9sentants et des comit\u00e9s. Entre deux congr\u00e8s, l\u2019Association est dirig\u00e9e par un Conseil national, compos\u00e9 de sept repr\u00e9sentants \u00e9lus, des quatre pr\u00e9sidents des comit\u00e9s permanents (immigration, affaires sociales, organisation et int\u00e9gration, culture et information), ainsi que de 6 \u00e0 12 membres \u00e9lus. L\u2019ancien pr\u00e9sident du mandat pr\u00e9c\u00e9dent (d\u2019une dur\u00e9e de deux ans) si\u00e8ge \u00e9galement au Conseil. L\u2019Association dispose aussi de repr\u00e9sentants pour l\u2019Ouest, le Centre et l\u2019Est du Canada, ainsi que d\u2019auditeurs et d\u2019un tribunal arbitral de cinq membres, charg\u00e9 de r\u00e9gler les diff\u00e9rends entre les membres. Soixante pour cent des d\u00e9penses li\u00e9es \u00e0 la gestion des affaires d\u2019immigration au si\u00e8ge de Toronto sont financ\u00e9es par le gouvernement f\u00e9d\u00e9ral canadien, le reste \u00e9tant couvert par les cotisations des membres. Le bulletin officiel de l\u2019Association est le \u010cSSK\/CSAC Newsletter, et plusieurs succursales publient aussi leurs propres p\u00e9riodiques.<\/span><\/p>\n<p><span style=\"font-weight: 400;\">La succursale torontoise du \u010cSSK organise actuellement des cours de danse, des conf\u00e9rences, des \u00e9v\u00e9nements litt\u00e9raires au restaurant tch\u00e8que U Vlasti\u010dky, ainsi que des concerts de musique tch\u00e8que ancienne pour ses membres. \u00c0 l\u2019initiative de Peter Munk, un r\u00e9sum\u00e9 r\u00e9gulier des articles de la presse anglo-am\u00e9ricaine sur la R\u00e9publique tch\u00e8que est publi\u00e9. Le studio t\u00e9l\u00e9vis\u00e9 Okno (Josef \u010cerm\u00e1k et le r\u00e9alisateur Milo Kub\u00edk) enregistre de nombreux \u00e9v\u00e9nements culturels et politiques importants auxquels l\u2019Association participe. Parmi eux, citons le concert c\u00e9l\u00e9brant le 60e anniversaire de la cr\u00e9ation de la Tch\u00e9coslovaquie en 1988, la visite du pr\u00e9sident V\u00e1clav Havel en 1990, la premi\u00e8re production canadienne de l\u2019op\u00e9ra La Fianc\u00e9e vendue, jou\u00e9e \u00e0 Toronto en 1994, ainsi que des enregistrements des repr\u00e9sentations du Nouveau Th\u00e9\u00e2tre depuis 1990, en collaboration avec des acteurs professionnels tch\u00e8ques et slovaques. Une valeur documentaire et historique exceptionnelle r\u00e9side dans les portraits de figures marquantes de l\u2019exil tch\u00e9coslovaque au Canada, notamment Josef \u0160kvoreck\u00fd, Zdena Salivarov\u00e1, Tom\u00e1\u0161 Ba\u0165a, Ota Hora, Karel Buzek, Ji\u0159\u00ed Corn, Rudolf H\u00e1sek, Oskar Morawetz, J\u00e1n Smerek, Otakar \u0160irek, Anna \u0160irekov\u00e1, Emilie Pe\u0159inov\u00e1, Ji\u0159\u00ed Traxler, Jan Waldauf, Walter Dufek et Milo Kom\u00ednek, ainsi que dans le travail du professeur H. G. Skilling, historien canadien sp\u00e9cialis\u00e9 dans l\u2019histoire tch\u00e9coslovaque. Il manque toutefois un portrait de Vladim\u00edr Krajina, bien que la journaliste Anita Machov\u00e1 ait au moins enregistr\u00e9 une entrevue radio avec lui pour Radio Canada International.<\/span><\/p>\n<p><span style=\"font-weight: 400;\">En collaboration avec ce groupe t\u00e9l\u00e9vis\u00e9, T\u00e9l\u00e9vision tch\u00e8que Ostrava a r\u00e9alis\u00e9 en 1992 une s\u00e9rie documentaire en quatre \u00e9pisodes sur la diaspora tch\u00e8que et slovaque au Canada, intitul\u00e9e Mosa\u00efque canadienne (Dure et douce \u00e0 la fois, R\u00eaves de Toronto, L\u2019entrepreneuriat comme un r\u00eave, Nulle part seul).<\/span><\/p>\n<p><span style=\"font-weight: 400;\">Les contacts du \u010cSSK avec la patrie ont \u00e9t\u00e9 r\u00e9tablis apr\u00e8s 1989. Lors de r\u00e9unions avec les repr\u00e9sentants du Comit\u00e9 des affaires \u00e9trang\u00e8res de la Chambre des d\u00e9put\u00e9s tch\u00e8que et de la Commission des expatri\u00e9s du S\u00e9nat tch\u00e8que, plusieurs questions ont \u00e9t\u00e9 d\u00e9battues dans les ann\u00e9es 1990, notamment la double citoyennet\u00e9, le vote par correspondance, l\u2019ach\u00e8vement des restitutions des biens personnels et la facilitation du retour des expatri\u00e9s en R\u00e9publique tch\u00e8que et en Slovaquie. Les organisations de la diaspora tch\u00e8que et slovaque au Canada ont \u00e9t\u00e9 repr\u00e9sent\u00e9es dans la plupart de ces n\u00e9gociations par Milo\u0161 \u0160uchma d\u2019Ottawa.<\/span><\/p>\n<p><span style=\"font-weight: 400;\">Au cours de l\u2019\u00e9t\u00e9 et de l\u2019automne 1997, l\u2019Association a organis\u00e9 une collecte de fonds pour aider les r\u00e9gions touch\u00e9es par les inondations. Un montant de 100 000 dollars canadiens a \u00e9t\u00e9 envoy\u00e9 dans la patrie par l\u2019interm\u00e9diaire de la Croix-Rouge.<\/span><\/p>\n","protected":false},"excerpt":{"rendered":"<p>L\u2019Association tch\u00e9coslovaque (aujourd\u2019hui tch\u00e8que et slovaque) a \u00e9t\u00e9 fond\u00e9e en r\u00e9ponse au besoin d\u2019une organisation centrale forte regroupant les expatri\u00e9s tch\u00e8ques et slovaques afin de contribuer \u00e0 la lib\u00e9ration de la Tch\u00e9coslovaquie pendant la Seconde Guerre mondiale. Bien qu\u2019un besoin similaire ait d\u00e9j\u00e0 \u00e9merg\u00e9 pendant la Premi\u00e8re Guerre mondiale, ce n\u2019est qu\u2019en 1939, lorsque la [&hellip;]<\/p>\n","protected":false},"author":2,"featured_media":0,"parent":15,"menu_order":0,"comment_status":"closed","ping_status":"closed","template":"","meta":{"footnotes":""},"class_list":["post-158","page","type-page","status-publish","hentry"],"_links":{"self":[{"href":"https:\/\/www.cssk.ca\/fr\/wp-json\/wp\/v2\/pages\/158","targetHints":{"allow":["GET"]}}],"collection":[{"href":"https:\/\/www.cssk.ca\/fr\/wp-json\/wp\/v2\/pages"}],"about":[{"href":"https:\/\/www.cssk.ca\/fr\/wp-json\/wp\/v2\/types\/page"}],"author":[{"embeddable":true,"href":"https:\/\/www.cssk.ca\/fr\/wp-json\/wp\/v2\/users\/2"}],"replies":[{"embeddable":true,"href":"https:\/\/www.cssk.ca\/fr\/wp-json\/wp\/v2\/comments?post=158"}],"version-history":[{"count":1,"href":"https:\/\/www.cssk.ca\/fr\/wp-json\/wp\/v2\/pages\/158\/revisions"}],"predecessor-version":[{"id":159,"href":"https:\/\/www.cssk.ca\/fr\/wp-json\/wp\/v2\/pages\/158\/revisions\/159"}],"up":[{"embeddable":true,"href":"https:\/\/www.cssk.ca\/fr\/wp-json\/wp\/v2\/pages\/15"}],"wp:attachment":[{"href":"https:\/\/www.cssk.ca\/fr\/wp-json\/wp\/v2\/media?parent=158"}],"curies":[{"name":"wp","href":"https:\/\/api.w.org\/{rel}","templated":true}]}}