{"id":154,"date":"2025-03-16T17:32:45","date_gmt":"2025-03-16T21:32:45","guid":{"rendered":"https:\/\/www.cssk.ca\/new\/?page_id=154"},"modified":"2025-03-16T20:21:43","modified_gmt":"2025-03-17T00:21:43","slug":"join-us","status":"publish","type":"page","link":"https:\/\/www.cssk.ca\/fr\/join-us\/","title":{"rendered":"Rejoignez-nous"},"content":{"rendered":"<p><span style=\"font-weight: 400;\">Devenez membre de l\u2019Association tch\u00e8que et slovaque du Canada (\u010cSSK) et soutenez notre communaut\u00e9 expatri\u00e9e \u00e0 travers tout le Canada! La \u010cSSK rassemble les Tch\u00e8ques et Slovaques vivant au Canada et contribue \u00e0 pr\u00e9server notre patrimoine linguistique, culturel et historique. L\u2019adh\u00e9sion vous donne acc\u00e8s \u00e0 une vari\u00e9t\u00e9 d\u2019activit\u00e9s culturelles, sociales et \u00e9ducatives qui permettent de cr\u00e9er des liens entre expatri\u00e9s, peu importe o\u00f9 ils vivent au Canada.<\/span><\/p>\n<p><span style=\"font-weight: 400;\">L\u2019organisation soutient \u00e9galement les nouveaux arrivants, renforce les liens communautaires etmaintient des relations avec notre pays d\u2019origine. Rejoignez-nous et devenez partie int\u00e9grante de cette communaut\u00e9 dynamique et chaleureuse!<\/span><\/p>\n","protected":false},"excerpt":{"rendered":"<p>Devenez membre de l\u2019Association tch\u00e8que et slovaque du Canada (\u010cSSK) et soutenez notre communaut\u00e9 expatri\u00e9e \u00e0 travers tout le Canada! La \u010cSSK rassemble les Tch\u00e8ques et Slovaques vivant au Canada et contribue \u00e0 pr\u00e9server notre patrimoine linguistique, culturel et historique. L\u2019adh\u00e9sion vous donne acc\u00e8s \u00e0 une vari\u00e9t\u00e9 d\u2019activit\u00e9s culturelles, sociales et \u00e9ducatives qui permettent de [&hellip;]<\/p>\n","protected":false},"author":2,"featured_media":0,"parent":0,"menu_order":0,"comment_status":"closed","ping_status":"closed","template":"join-us.php","meta":{"footnotes":""},"class_list":["post-154","page","type-page","status-publish","hentry"],"_links":{"self":[{"href":"https:\/\/www.cssk.ca\/fr\/wp-json\/wp\/v2\/pages\/154","targetHints":{"allow":["GET"]}}],"collection":[{"href":"https:\/\/www.cssk.ca\/fr\/wp-json\/wp\/v2\/pages"}],"about":[{"href":"https:\/\/www.cssk.ca\/fr\/wp-json\/wp\/v2\/types\/page"}],"author":[{"embeddable":true,"href":"https:\/\/www.cssk.ca\/fr\/wp-json\/wp\/v2\/users\/2"}],"replies":[{"embeddable":true,"href":"https:\/\/www.cssk.ca\/fr\/wp-json\/wp\/v2\/comments?post=154"}],"version-history":[{"count":2,"href":"https:\/\/www.cssk.ca\/fr\/wp-json\/wp\/v2\/pages\/154\/revisions"}],"predecessor-version":[{"id":160,"href":"https:\/\/www.cssk.ca\/fr\/wp-json\/wp\/v2\/pages\/154\/revisions\/160"}],"wp:attachment":[{"href":"https:\/\/www.cssk.ca\/fr\/wp-json\/wp\/v2\/media?parent=154"}],"curies":[{"name":"wp","href":"https:\/\/api.w.org\/{rel}","templated":true}]}}