{"id":15,"date":"2025-02-23T03:29:23","date_gmt":"2025-02-23T03:29:23","guid":{"rendered":"https:\/\/cssk.lndo.site\/?page_id=15"},"modified":"2025-11-02T15:04:15","modified_gmt":"2025-11-02T20:04:15","slug":"our-community","status":"publish","type":"page","link":"https:\/\/www.cssk.ca\/fr\/our-community\/","title":{"rendered":"Notre communaut\u00e9"},"content":{"rendered":"<p><span style=\"font-weight: 400;\">L\u2019Association tch\u00e8que et slovaque du Canada (ATSC) a \u00e9t\u00e9 fond\u00e9e en 1939 pour unir les expatri\u00e9s tch\u00e8ques et slovaques au Canada et soutenir la lib\u00e9ration de la Tch\u00e9coslovaquie pendant la Seconde Guerre mondiale. Tout au long de son existence, elle a d\u00e9fendu la d\u00e9mocratie, aid\u00e9 les exil\u00e9s, organis\u00e9 des activit\u00e9s culturelles et sociales et soutenu des initiatives patriotiques. Apr\u00e8s 1989, elle a activement particip\u00e9 aux collectes de fonds pour la R\u00e9publique tch\u00e8que et la Slovaquie, dialogu\u00e9 avec les autorit\u00e9s sur les questions li\u00e9es aux expatri\u00e9s et contribu\u00e9 \u00e0 renforcer les liens entre la patrie et la communaut\u00e9 au Canada.<\/span><\/p>\n<p><span style=\"font-weight: 400;\">Aujourd\u2019hui, l\u2019ATSC continue de rassembler les expatri\u00e9s \u00e0 travers le Canada et reste engag\u00e9e dans la pr\u00e9servation de la culture et des traditions tch\u00e8ques et slovaques.<\/span><\/p>\n","protected":false},"excerpt":{"rendered":"<p>L\u2019Association tch\u00e8que et slovaque du Canada (ATSC) a \u00e9t\u00e9 fond\u00e9e en 1939 pour unir les expatri\u00e9s tch\u00e8ques et slovaques au Canada et soutenir la lib\u00e9ration de la Tch\u00e9coslovaquie pendant la Seconde Guerre mondiale. Tout au long de son existence, elle a d\u00e9fendu la d\u00e9mocratie, aid\u00e9 les exil\u00e9s, organis\u00e9 des activit\u00e9s culturelles et sociales et soutenu [&hellip;]<\/p>\n","protected":false},"author":1,"featured_media":0,"parent":0,"menu_order":0,"comment_status":"closed","ping_status":"closed","template":"our-community.php","meta":{"footnotes":""},"class_list":["post-15","page","type-page","status-publish","hentry"],"_links":{"self":[{"href":"https:\/\/www.cssk.ca\/fr\/wp-json\/wp\/v2\/pages\/15","targetHints":{"allow":["GET"]}}],"collection":[{"href":"https:\/\/www.cssk.ca\/fr\/wp-json\/wp\/v2\/pages"}],"about":[{"href":"https:\/\/www.cssk.ca\/fr\/wp-json\/wp\/v2\/types\/page"}],"author":[{"embeddable":true,"href":"https:\/\/www.cssk.ca\/fr\/wp-json\/wp\/v2\/users\/1"}],"replies":[{"embeddable":true,"href":"https:\/\/www.cssk.ca\/fr\/wp-json\/wp\/v2\/comments?post=15"}],"version-history":[{"count":12,"href":"https:\/\/www.cssk.ca\/fr\/wp-json\/wp\/v2\/pages\/15\/revisions"}],"predecessor-version":[{"id":388,"href":"https:\/\/www.cssk.ca\/fr\/wp-json\/wp\/v2\/pages\/15\/revisions\/388"}],"wp:attachment":[{"href":"https:\/\/www.cssk.ca\/fr\/wp-json\/wp\/v2\/media?parent=15"}],"curies":[{"name":"wp","href":"https:\/\/api.w.org\/{rel}","templated":true}]}}