{"id":11,"date":"2025-02-23T03:28:18","date_gmt":"2025-02-23T03:28:18","guid":{"rendered":"https:\/\/cssk.lndo.site\/?page_id=11"},"modified":"2026-01-31T16:42:15","modified_gmt":"2026-01-31T21:42:15","slug":"main-page","status":"publish","type":"page","link":"https:\/\/www.cssk.ca\/fr\/","title":{"rendered":"Nous sommes l'Association tch\u00e8que et slovaque du\u00a0Canada"},"content":{"rendered":"\r\n<h2 class=\"wp-block-heading\">Une organisation nationale d\u00e9di\u00e9e \u00e0 l\u2019unification des Canadiens d\u2019origine tch\u00e8que et slovaque.<\/h2>\r\n <p>Nous favorisons la pr\u00e9servation culturelle, l\u2019engagement communautaire et la promotion des traditions tch\u00e8ques et slovaques \u00e0 travers le Canada. Gr\u00e2ce \u00e0 divers \u00e9v\u00e9nements et initiatives, l\u2019association soutient les int\u00e9r\u00eats culturels et sociaux de ses membres.<\/p>\r\n\r\n","protected":false},"excerpt":{"rendered":"<p>Une organisation nationale d\u00e9di\u00e9e \u00e0 l\u2019unification des Canadiens d\u2019origine tch\u00e8que et slovaque. Nous favorisons la pr\u00e9servation culturelle, l\u2019engagement communautaire et la promotion des traditions tch\u00e8ques et slovaques \u00e0 travers le Canada. Gr\u00e2ce \u00e0 divers \u00e9v\u00e9nements et initiatives, l\u2019association soutient les int\u00e9r\u00eats culturels et sociaux de ses membres.<\/p>\n","protected":false},"author":1,"featured_media":0,"parent":0,"menu_order":0,"comment_status":"closed","ping_status":"closed","template":"home.php","meta":{"footnotes":""},"class_list":["post-11","page","type-page","status-publish","hentry"],"_links":{"self":[{"href":"https:\/\/www.cssk.ca\/fr\/wp-json\/wp\/v2\/pages\/11","targetHints":{"allow":["GET"]}}],"collection":[{"href":"https:\/\/www.cssk.ca\/fr\/wp-json\/wp\/v2\/pages"}],"about":[{"href":"https:\/\/www.cssk.ca\/fr\/wp-json\/wp\/v2\/types\/page"}],"author":[{"embeddable":true,"href":"https:\/\/www.cssk.ca\/fr\/wp-json\/wp\/v2\/users\/1"}],"replies":[{"embeddable":true,"href":"https:\/\/www.cssk.ca\/fr\/wp-json\/wp\/v2\/comments?post=11"}],"version-history":[{"count":4,"href":"https:\/\/www.cssk.ca\/fr\/wp-json\/wp\/v2\/pages\/11\/revisions"}],"predecessor-version":[{"id":488,"href":"https:\/\/www.cssk.ca\/fr\/wp-json\/wp\/v2\/pages\/11\/revisions\/488"}],"wp:attachment":[{"href":"https:\/\/www.cssk.ca\/fr\/wp-json\/wp\/v2\/media?parent=11"}],"curies":[{"name":"wp","href":"https:\/\/api.w.org\/{rel}","templated":true}]}}