{"id":618,"date":"2025-03-25T14:51:00","date_gmt":"2025-03-25T18:51:00","guid":{"rendered":"https:\/\/www.cssk.ca\/?page_id=618"},"modified":"2026-03-27T01:34:28","modified_gmt":"2026-03-27T05:34:28","slug":"camp-hostyn","status":"publish","type":"page","link":"https:\/\/www.cssk.ca\/cs\/our-community\/camp-hostyn\/","title":{"rendered":"Camp Host\u00fdn"},"content":{"rendered":"\n<p>T\u00e1bor <a href=\"https:\/\/www.hostyn.org\/cs\/\" target=\"_blank\" rel=\"noreferrer noopener\">Host\u00fdn<\/a> je vlastn\u011bn a provozov\u00e1n&nbsp;<a href=\"https:\/\/www.hostyn.org\/cs\/o-nas\/asociace-hostyn\" target=\"_blank\" rel=\"noreferrer noopener\">Asociac\u00ed Host\u00fdn<\/a>, neziskovou kulturn\u00ed organizac\u00ed \u010desk\u00fdch a slovensk\u00fd komunit v provincii Quebec, Kanada. Krom\u011b toho, spr\u00e1vci \/ mana\u017ee\u0159i jsou neplacen\u00ed dobrovoln\u00edci.&nbsp;<\/p>\n\n\n\n<div class=\"wp-block-columns is-layout-flex wp-container-core-columns-is-layout-9d6595d7 wp-block-columns-is-layout-flex\">\n<div class=\"wp-block-column is-layout-flow wp-block-column-is-layout-flow\">\n<figure class=\"wp-block-image size-full\"><img loading=\"lazy\" decoding=\"async\" width=\"686\" height=\"453\" src=\"https:\/\/www.cssk.ca\/wp-content\/uploads\/2026\/03\/Screen-Shot-2026-03-25-at-2.47.57-PM.png\" alt=\"\" class=\"wp-image-619\" srcset=\"https:\/\/www.cssk.ca\/wp-content\/uploads\/2026\/03\/Screen-Shot-2026-03-25-at-2.47.57-PM.png 686w, https:\/\/www.cssk.ca\/wp-content\/uploads\/2026\/03\/Screen-Shot-2026-03-25-at-2.47.57-PM-300x198.png 300w\" sizes=\"auto, (max-width: 686px) 100vw, 686px\" \/><\/figure>\n<\/div>\n\n\n\n<div class=\"wp-block-column is-layout-flow wp-block-column-is-layout-flow\">\n<ul class=\"wp-block-list\">\n<li>Ka\u017ed\u00fd rok, 3 t\u00fddny v \u010dervenci t\u00e1bor otev\u00edr\u00e1 sv\u00e9 dve\u0159e d\u011btem na tradi\u010dn\u00ed&nbsp;<a href=\"https:\/\/www.hostyn.org\/cs\/detsky-tabor\" target=\"_blank\" rel=\"noreferrer noopener\">letn\u00ed t\u00e1bor<\/a>. (Pod\u00edvejte se na&nbsp;<a href=\"https:\/\/www.hostyn.org\/cs\/fotogalerie\" target=\"_blank\" rel=\"noreferrer noopener\">fotky a videa<\/a>.)<\/li>\n\n\n\n<li>P\u0159ed a po letn\u00edm t\u00e1bo\u0159e, za\u0159\u00edzen\u00ed je&nbsp;<a href=\"https:\/\/www.hostyn.org\/cs\/rekreace-a-kemping\" target=\"_blank\" rel=\"noreferrer noopener\">otev\u0159eno&nbsp;<\/a>pro rodiny, skupiny i jednotlivce pro rekreaci, kempov\u00e1n\u00ed, setk\u00e1n\u00ed, vzd\u011bl\u00e1vac\u00ed programy a speci\u00e1ln\u00ed akce.<\/li>\n\n\n\n<li>Odpo\u010di\u0148te si na na\u0161\u00ed soukrom\u00e9 p\u00edse\u010dn\u00e9 pl\u00e1\u017ei, ud\u011blejte si v\u00fdlet na kanoi nebo na kole, proch\u00e1zku v lese a nav\u0161tivte nedalek\u00fd z\u00e1bavn\u00ed vodn\u00ed park nebo mnoho turistick\u00fdch atrakc\u00ed v okol\u00ed.<\/li>\n<\/ul>\n<\/div>\n<\/div>\n\n\n\n<p><a href=\"https:\/\/www.hostyn.org\/cs\/o-nas\/podporte-nas\" target=\"_blank\" rel=\"noreferrer noopener\">Podpo\u0159te&nbsp;<\/a>Camp Host\u00fdn.<\/p>\n\n\n<div class=\"wp-block-image\">\n<figure class=\"aligncenter size-large is-resized\"><img loading=\"lazy\" decoding=\"async\" width=\"743\" height=\"1024\" src=\"https:\/\/www.cssk.ca\/wp-content\/uploads\/2026\/03\/653460179_10164468577215351_9059470255071778305_n-743x1024.jpg\" alt=\"\" class=\"wp-image-720\" style=\"aspect-ratio:0.7255875537901357;width:367px;height:auto\" srcset=\"https:\/\/www.cssk.ca\/wp-content\/uploads\/2026\/03\/653460179_10164468577215351_9059470255071778305_n-743x1024.jpg 743w, https:\/\/www.cssk.ca\/wp-content\/uploads\/2026\/03\/653460179_10164468577215351_9059470255071778305_n-218x300.jpg 218w, https:\/\/www.cssk.ca\/wp-content\/uploads\/2026\/03\/653460179_10164468577215351_9059470255071778305_n-768x1058.jpg 768w, https:\/\/www.cssk.ca\/wp-content\/uploads\/2026\/03\/653460179_10164468577215351_9059470255071778305_n.jpg 1024w\" sizes=\"auto, (max-width: 743px) 100vw, 743px\" \/><\/figure>\n<\/div>","protected":false},"excerpt":{"rendered":"<p>T\u00e1bor Host\u00fdn je vlastn\u011bn a provozov\u00e1n&nbsp;Asociac\u00ed Host\u00fdn, neziskovou kulturn\u00ed organizac\u00ed \u010desk\u00fdch a slovensk\u00fd komunit v provincii Quebec, Kanada. Krom\u011b toho, spr\u00e1vci \/ mana\u017ee\u0159i jsou neplacen\u00ed dobrovoln\u00edci.&nbsp; Ka\u017ed\u00fd rok, 3 t\u00fddny v \u010dervenci t\u00e1bor otev\u00edr\u00e1 sv\u00e9 dve\u0159e d\u011btem na tradi\u010dn\u00ed&nbsp;letn\u00ed t\u00e1bor. (Pod\u00edvejte se na&nbsp;fotky a videa.) P\u0159ed a po letn\u00edm t\u00e1bo\u0159e, za\u0159\u00edzen\u00ed je&nbsp;otev\u0159eno&nbsp;pro rodiny, skupiny i [&hellip;]<\/p>\n","protected":false},"author":6,"featured_media":0,"parent":15,"menu_order":0,"comment_status":"closed","ping_status":"closed","template":"","meta":{"footnotes":""},"class_list":["post-618","page","type-page","status-publish","hentry","branch-montreal"],"_links":{"self":[{"href":"https:\/\/www.cssk.ca\/cs\/wp-json\/wp\/v2\/pages\/618","targetHints":{"allow":["GET"]}}],"collection":[{"href":"https:\/\/www.cssk.ca\/cs\/wp-json\/wp\/v2\/pages"}],"about":[{"href":"https:\/\/www.cssk.ca\/cs\/wp-json\/wp\/v2\/types\/page"}],"author":[{"embeddable":true,"href":"https:\/\/www.cssk.ca\/cs\/wp-json\/wp\/v2\/users\/6"}],"replies":[{"embeddable":true,"href":"https:\/\/www.cssk.ca\/cs\/wp-json\/wp\/v2\/comments?post=618"}],"version-history":[{"count":9,"href":"https:\/\/www.cssk.ca\/cs\/wp-json\/wp\/v2\/pages\/618\/revisions"}],"predecessor-version":[{"id":726,"href":"https:\/\/www.cssk.ca\/cs\/wp-json\/wp\/v2\/pages\/618\/revisions\/726"}],"up":[{"embeddable":true,"href":"https:\/\/www.cssk.ca\/cs\/wp-json\/wp\/v2\/pages\/15"}],"wp:attachment":[{"href":"https:\/\/www.cssk.ca\/cs\/wp-json\/wp\/v2\/media?parent=618"}],"curies":[{"name":"wp","href":"https:\/\/api.w.org\/{rel}","templated":true}]}}