{"id":215,"date":"2025-03-22T16:34:10","date_gmt":"2025-03-22T20:34:10","guid":{"rendered":"https:\/\/www.cssk.ca\/new\/?page_id=215"},"modified":"2025-03-22T16:34:11","modified_gmt":"2025-03-22T20:34:11","slug":"winnipeg-board","status":"publish","type":"page","link":"https:\/\/www.cssk.ca\/cs\/our-community\/winnipeg-board\/","title":{"rendered":"V\u00fdbor"},"content":{"rendered":"<h2 data-start=\"86\" data-end=\"122\">V\u00fdbor CSAC Winnipeg pro rok 2017<\/h2>\n<ul>\n<li data-start=\"124\" data-end=\"441\"><strong data-start=\"124\" data-end=\"139\">P\u0159edsedkyn\u011b<\/strong>: Misha Gogelov\u00e1<\/li>\n<li data-start=\"124\" data-end=\"441\"><strong data-start=\"158\" data-end=\"175\">M\u00edstop\u0159edseda<\/strong>: neobsazeno<\/li>\n<li data-start=\"124\" data-end=\"441\"><strong data-start=\"190\" data-end=\"202\">Tajemn\u00edk<\/strong>: Vil\u00e9m Kun<\/li>\n<li data-start=\"124\" data-end=\"441\"><strong data-start=\"216\" data-end=\"230\" data-is-only-node=\"\">Pokladnice<\/strong>: Jana Pe\u0161\u00edkov\u00e1<\/li>\n<li data-start=\"124\" data-end=\"441\"><strong data-start=\"248\" data-end=\"264\">Revizor \u00fa\u010dt\u016f<\/strong>: Anton\u00edn \u0160t\u011bdro\u0148sk\u00fd<\/li>\n<li data-start=\"124\" data-end=\"441\"><strong data-start=\"287\" data-end=\"310\">Soci\u00e1ln\u00ed referentka<\/strong>: Ji\u0159ina Kunov\u00e1<\/li>\n<li data-start=\"124\" data-end=\"441\"><strong data-start=\"328\" data-end=\"351\">Kulturn\u00ed referentka<\/strong>: Magda Bu\u010dkov\u00e1<\/li>\n<li data-start=\"124\" data-end=\"441\"><strong data-start=\"369\" data-end=\"391\">Tiskov\u00e1 referentka<\/strong>: M\u00ed\u0161a Gogelov\u00e1<\/li>\n<li data-start=\"124\" data-end=\"441\"><strong data-start=\"409\" data-end=\"428\">\u010cestn\u00fd p\u0159edseda<\/strong>: Vil\u00e9m Kun<\/li>\n<\/ul>\n<h3 data-start=\"443\" data-end=\"495\">\u010clenov\u00e9 v\u00fdboru<\/h3>\n<ul>\n<li data-start=\"443\" data-end=\"495\">Dr. Alojz Pa\u010din<\/li>\n<li data-start=\"443\" data-end=\"495\">William Randa<\/li>\n<\/ul>\n","protected":false},"excerpt":{"rendered":"<p>V\u00fdbor CSAC Winnipeg pro rok 2017 P\u0159edsedkyn\u011b: Misha Gogelov\u00e1 M\u00edstop\u0159edseda: neobsazeno Tajemn\u00edk: Vil\u00e9m Kun Pokladnice: Jana Pe\u0161\u00edkov\u00e1 Revizor \u00fa\u010dt\u016f: Anton\u00edn \u0160t\u011bdro\u0148sk\u00fd Soci\u00e1ln\u00ed referentka: Ji\u0159ina Kunov\u00e1 Kulturn\u00ed referentka: Magda Bu\u010dkov\u00e1 Tiskov\u00e1 referentka: M\u00ed\u0161a Gogelov\u00e1 \u010cestn\u00fd p\u0159edseda: Vil\u00e9m Kun \u010clenov\u00e9 v\u00fdboru Dr. Alojz Pa\u010din William Randa<\/p>\n","protected":false},"author":2,"featured_media":0,"parent":15,"menu_order":0,"comment_status":"closed","ping_status":"closed","template":"","meta":{"footnotes":""},"class_list":["post-215","page","type-page","status-publish","hentry","branch-winnipeg"],"_links":{"self":[{"href":"https:\/\/www.cssk.ca\/cs\/wp-json\/wp\/v2\/pages\/215","targetHints":{"allow":["GET"]}}],"collection":[{"href":"https:\/\/www.cssk.ca\/cs\/wp-json\/wp\/v2\/pages"}],"about":[{"href":"https:\/\/www.cssk.ca\/cs\/wp-json\/wp\/v2\/types\/page"}],"author":[{"embeddable":true,"href":"https:\/\/www.cssk.ca\/cs\/wp-json\/wp\/v2\/users\/2"}],"replies":[{"embeddable":true,"href":"https:\/\/www.cssk.ca\/cs\/wp-json\/wp\/v2\/comments?post=215"}],"version-history":[{"count":1,"href":"https:\/\/www.cssk.ca\/cs\/wp-json\/wp\/v2\/pages\/215\/revisions"}],"predecessor-version":[{"id":216,"href":"https:\/\/www.cssk.ca\/cs\/wp-json\/wp\/v2\/pages\/215\/revisions\/216"}],"up":[{"embeddable":true,"href":"https:\/\/www.cssk.ca\/cs\/wp-json\/wp\/v2\/pages\/15"}],"wp:attachment":[{"href":"https:\/\/www.cssk.ca\/cs\/wp-json\/wp\/v2\/media?parent=215"}],"curies":[{"name":"wp","href":"https:\/\/api.w.org\/{rel}","templated":true}]}}