{"id":213,"date":"2025-03-22T16:31:42","date_gmt":"2025-03-22T20:31:42","guid":{"rendered":"https:\/\/www.cssk.ca\/new\/?page_id=213"},"modified":"2025-03-23T00:45:05","modified_gmt":"2025-03-23T04:45:05","slug":"winnipeg-history","status":"publish","type":"page","link":"https:\/\/www.cssk.ca\/cs\/our-community\/winnipeg-history\/","title":{"rendered":"Historie"},"content":{"rendered":"<p>Prvn\u00ed z\u00e1znam o sdru\u017eov\u00e1n\u00ed a organizov\u00e1n\u00ed \u010cech\u016f a Slov\u00e1k\u016f v Manitob\u011b poch\u00e1z\u00ed z roku 1907, kdy bylo vytvo\u0159eno prvn\u00ed hudebn\u00ed t\u011bleso, kter\u00e9 velice rychle nabylo popularity na krajansk\u00fdch besed\u00e1ch. Roku 1913 se 70 na\u0161ich krajan\u016f rozhodlo vytvo\u0159it krajanskou organizaci a z toho 54 se stalo zakl\u00e1daj\u00edc\u00edmi \u010dleny \u010cesko-Slovansk\u00e9 Podporuj\u00edc\u00ed Jednoty. B\u011bhem prvn\u00ed sv\u011btov\u00e9 v\u00e1lky mnoz\u00ed \u010dlenov\u00e9 pova\u017eovali za nutn\u00e9 vytvo\u0159it pobo\u010dku N\u00e1rodn\u00edho Sdru\u017een\u00ed, kter\u00e1 \u00fazce spolupracovala s N\u00e1rodn\u00edm Sdru\u017een\u00edm, N\u00e1rodn\u00edm svazem \u010desk\u00fdch katol\u00edk\u016f a Slovenskou Ligou (v\u0161echno chicagsk\u00e9 organizace) a s t\u011bmito organizacemi se jednotn\u011b postavila za ustanoven\u00ed \u010ceskoslovensk\u00e9 republiky.<\/p>\n<p>Mezi lety 1918\u201338 funkce Sdru\u017een\u00ed utichla a v\u011bt\u0161ina \u010dlen\u016f se znovuzapojila do pr\u00e1ce v Podporuj\u00edc\u00ed Jednot\u011b, kter\u00e1 se nad\u00e1le v\u011bnovala osv\u011bt\u011b \u010desk\u00e9 a slovensk\u00e9 komunity a zvl\u00e1\u0161t\u011b pak v\u00fdpomoci nov\u00fdm emigrant\u016fm do Manitoby.<\/p>\n<p>Druh\u00e9ho dubna 1939 gener\u00e1ln\u00ed konzul \u010ceskoslovensk\u00e9 republiky v Kanad\u011b svolal z\u00e1stupce na\u0161ich krajan\u016f na gener\u00e1ln\u00ed konzul\u00e1t a prodebatovalo se zalo\u017een\u00ed odbojov\u00e9 organizace. Valn\u00e1 hromada byla svolan\u00e1 na 30. dubna, kde byl zvolen prvn\u00ed v\u00fdbor nov\u00e9ho \u010ceskoslovensk\u00e9ho Sdru\u017een\u00ed, kter\u00fd se se\u0161el na ustavuj\u00edc\u00edm kongresu v Toront\u011b dne 24.\u201325. kv\u011btna 1939. Organizace byla pojmenov\u00e1na N\u00e1rodn\u00ed Sdru\u017een\u00ed Slov\u00e1k\u016f, \u010cech\u016f a Podkarpatsk\u00fdch Rus\u00edn\u016f v Kanad\u011b a a\u017e pozd\u011bji byla p\u0159ejmenov\u00e1na na \u010ceskoslovensk\u00e9 N\u00e1rodn\u00ed sdru\u017een\u00ed v Kanad\u011b.<\/p>\n<p>Winnipegsk\u00e1 odbo\u010dka byla zalo\u017eena 25. kv\u011btna 1939 a m\u011bla zapsan\u00fdch 124 \u010dlen\u016f. Prvn\u00edm p\u0159edsedou byl zvolen Franti\u0161ek Doj\u00e1\u010dek a organizace po\u0159\u00e1dala b\u011bhem v\u00e1le\u010dn\u00fdch rok\u016f jednu v\u00fdd\u011ble\u010dnou akci za druhou na podporu \u010cerven\u00e9ho k\u0159\u00ed\u017ee, kanadsk\u00fdch a \u010desk\u00fdch vojensk\u00fdch jednotek a mnoha dal\u0161\u00edch. B\u011bhem v\u00e1lky se celokanadsk\u00e1 organizace rozrostla na 91 odbo\u010dek s 2000 \u010dleny a v Manitob\u011b, krom\u011b Winnipegu, byla tak\u00e9 ve Flin Flon, Morden, Steinbach, Dominion City a Minetonas. Na takzvan\u00e9m V\u00edt\u011bzn\u00e9m Kongresu v roce 1945 n\u00e1vrh na rozpu\u0161t\u011bn\u00ed organizace nepro\u0161el.<\/p>\n<p>Pov\u00e1le\u010dn\u00e9 roky vid\u011bly znovu sn\u00ed\u017eenou aktivitu. Ve Winnipegu toho obdob\u00ed trvalo a\u017e do roku 1956. V prosinci toho roku 17 znovuzakl\u00e1daj\u00edc\u00edch \u010dlen\u016f ustanovilo\/ obnovilo odbo\u010dku N\u00e1rodn\u00edho sdru\u017een\u00ed. V roce 1963 organizace m\u011bla 105 \u010dlen\u016f a p\u0159edsedou byl zvolen Franti\u0161ek Baleja. V\u0161echny odbo\u010dky mimo Winnipeg byly zru\u0161eny a byly representov\u00e1ny obvodn\u00edmi d\u016fv\u011brn\u00edky. Jednalo se o distrikty Cloverleaf, Darlingford-Morden, Dominion City, Dufresne, Glenboro, Grande Pointe, Ridgeville, Sanford, Sperling a Transcona.<\/p>\n<p>N\u00e1rodn\u00ed Sdru\u017een\u00ed pracovalo v p\u016fvodn\u00ed form\u011b a\u017e do 28.z\u00e1\u0159\u00ed 1960 kdy bylo celost\u00e1tn\u011b inkorporovan\u00e9. Kanadsk\u00e1 vl\u00e1da oficieln\u011b p\u0159edala organizaci jej\u00ed Chartu dne 11. b\u0159ezna 1961 na 8. Kongresu v Hamiltonu.<\/p>\n<p>Pod veden\u00edm Franti\u0161ka Baleji byla winnipegsk\u00e1 odbo\u010dka p\u0159ipravena v\u00edtat a vypom\u00e1hat nov\u00e9 vln\u011b emigrant\u016f v roce 1968. Kdy\u017e se bratr Baleja rozhodl za\u010d\u00e1tkem sedmdes\u00e1t\u00fdch let sestoupit z pozice p\u0159edsedy, Adofl Klimek, dlouholet\u00fd p\u0159\u00edtel Franti\u0161ka z pov\u00e1le\u010dn\u00e9 emigrace p\u0159evzal p\u0159edsednictv\u00ed. Po bratru Klimkovi u\u017e bylo na nov\u00e9 vln\u011b \u010decho-kana\u010fan\u016f ujmout se vesla. Byli to Miroslav Folta, Franti\u0161ek Kadlec, Gabriel Adamec, Josef Dobrovoln\u00fd, Jan Slav\u00ed\u010dek, Miroslav N\u011bme\u010dek, Vil\u00e9m Kun, Richard Pe\u0161\u00edk, Franti\u0161ek Hlubu\u010dek a dnes, Eva Sailerov\u00e1.<\/p>\n<p><em>sepsala M\u00ed\u0161a Gogelov\u00e1<\/em><\/p>\n<p><strong>P\u0159edsedov\u00e9 winnipe\u017esk\u00e9 odbo\u010dky:<\/strong><\/p>\n<ul>\n<li>1939 \u2014 1963 Franti\u0161ek DOJ\u00c1\u010cEK<\/li>\n<li>1963 \u2014 1970 Franti\u0161ek&nbsp;BALEJA<\/li>\n<li>1971 \u2014 1973 Adolf&nbsp;KL\u00cdMEK<\/li>\n<li>1973 \u2014 1976 Judr. Miroslav&nbsp;FOLTA<\/li>\n<li>1976 \u2014 1978 Ing. Franti\u0161ek&nbsp;KADLEC<\/li>\n<li>1978 \u2014 1979 Gabriel&nbsp;ADAMEC<\/li>\n<li>1979 \u2014 1980 Jan SLAVI\u010cEK<\/li>\n<li>1980 \u2014 1981 Judr. Miroslav&nbsp;FOLTA<\/li>\n<li>1981 \u2014 1983 Josef&nbsp;DOBROVOLN\u00dd<\/li>\n<li>1983 \u2014 1987 Miroslav N\u011aME\u010cEK<\/li>\n<li>1988 \u2014 1990 Jan SLAV\u00cd\u010cEK<\/li>\n<li>1990 \u2014 1994 Vil\u00e9m&nbsp;KUN<\/li>\n<li>1994 \u2014 1995 Richard PE\u0160\u00cdK<\/li>\n<li>1995 \u2014 2000 Franti\u0161ek HLUBU\u010cEK<\/li>\n<li>2000 \u2014 2012 Dr. Eva&nbsp;SAILEROV\u00c1<\/li>\n<li>2012 \u2014 dodnes Misha&nbsp;GOGELOV\u00c1<\/li>\n<\/ul>\n","protected":false},"excerpt":{"rendered":"<p>Prvn\u00ed z\u00e1znam o sdru\u017eov\u00e1n\u00ed a organizov\u00e1n\u00ed \u010cech\u016f a Slov\u00e1k\u016f v Manitob\u011b poch\u00e1z\u00ed z roku 1907, kdy bylo vytvo\u0159eno prvn\u00ed hudebn\u00ed t\u011bleso, kter\u00e9 velice rychle nabylo popularity na krajansk\u00fdch besed\u00e1ch. Roku 1913 se 70 na\u0161ich krajan\u016f rozhodlo vytvo\u0159it krajanskou organizaci a z toho 54 se stalo zakl\u00e1daj\u00edc\u00edmi \u010dleny \u010cesko-Slovansk\u00e9 Podporuj\u00edc\u00ed Jednoty. B\u011bhem prvn\u00ed sv\u011btov\u00e9 v\u00e1lky mnoz\u00ed [&hellip;]<\/p>\n","protected":false},"author":2,"featured_media":0,"parent":15,"menu_order":0,"comment_status":"closed","ping_status":"closed","template":"","meta":{"footnotes":""},"class_list":["post-213","page","type-page","status-publish","hentry","branch-winnipeg"],"_links":{"self":[{"href":"https:\/\/www.cssk.ca\/cs\/wp-json\/wp\/v2\/pages\/213","targetHints":{"allow":["GET"]}}],"collection":[{"href":"https:\/\/www.cssk.ca\/cs\/wp-json\/wp\/v2\/pages"}],"about":[{"href":"https:\/\/www.cssk.ca\/cs\/wp-json\/wp\/v2\/types\/page"}],"author":[{"embeddable":true,"href":"https:\/\/www.cssk.ca\/cs\/wp-json\/wp\/v2\/users\/2"}],"replies":[{"embeddable":true,"href":"https:\/\/www.cssk.ca\/cs\/wp-json\/wp\/v2\/comments?post=213"}],"version-history":[{"count":2,"href":"https:\/\/www.cssk.ca\/cs\/wp-json\/wp\/v2\/pages\/213\/revisions"}],"predecessor-version":[{"id":230,"href":"https:\/\/www.cssk.ca\/cs\/wp-json\/wp\/v2\/pages\/213\/revisions\/230"}],"up":[{"embeddable":true,"href":"https:\/\/www.cssk.ca\/cs\/wp-json\/wp\/v2\/pages\/15"}],"wp:attachment":[{"href":"https:\/\/www.cssk.ca\/cs\/wp-json\/wp\/v2\/media?parent=213"}],"curies":[{"name":"wp","href":"https:\/\/api.w.org\/{rel}","templated":true}]}}