{"id":211,"date":"2025-03-22T16:29:24","date_gmt":"2025-03-22T20:29:24","guid":{"rendered":"https:\/\/www.cssk.ca\/new\/?page_id=211"},"modified":"2025-03-22T16:29:24","modified_gmt":"2025-03-22T20:29:24","slug":"vancouver-board","status":"publish","type":"page","link":"https:\/\/www.cssk.ca\/cs\/our-community\/vancouver-board\/","title":{"rendered":"V\u00fdbor"},"content":{"rendered":"<h2 data-start=\"94\" data-end=\"139\">V\u00fdbor CSAC Vancouver pro obdob\u00ed 2019\u20132020<\/h2>\n<ul>\n<li data-start=\"141\" data-end=\"527\"><strong data-start=\"141\" data-end=\"153\">P\u0159edseda<\/strong>: Pavel K\u0159\u00ed\u017eka<\/li>\n<li data-start=\"141\" data-end=\"527\"><strong data-start=\"170\" data-end=\"189\">\u010cestn\u00fd p\u0159edseda<\/strong>: Milo\u0161 Zach<\/li>\n<li data-start=\"141\" data-end=\"527\"><strong data-start=\"204\" data-end=\"224\">M\u00edstop\u0159edsedkyn\u011b<\/strong>: Dana Cline<\/li>\n<li data-start=\"141\" data-end=\"527\"><strong data-start=\"239\" data-end=\"261\" data-is-only-node=\"\">Pokladn\u00edk, redakce<\/strong>: Jan Mikul\u00e1\u0161t\u00edk<\/li>\n<li data-start=\"141\" data-end=\"527\"><strong data-start=\"280\" data-end=\"296\">Redak\u010dn\u00ed t\u00fdm<\/strong>: Marta Jamborov\u00e1, Romana Zemanov\u00e1<\/li>\n<li data-start=\"141\" data-end=\"527\"><strong data-start=\"333\" data-end=\"363\">Vedouc\u00ed turistick\u00e9ho klubu<\/strong>: Zuzana a Pavel K\u0159\u00ed\u017eka<\/li>\n<li data-start=\"141\" data-end=\"527\"><strong data-start=\"389\" data-end=\"430\">Administr\u00e1to\u0159i Facebooku a MailChimpu<\/strong>: Blanka Olivov\u00e1, Pavel K\u0159\u00ed\u017eka<\/li>\n<li data-start=\"141\" data-end=\"527\"><strong data-start=\"463\" data-end=\"472\">Sport<\/strong>: Jan Jarol\u00edm<\/li>\n<li data-start=\"141\" data-end=\"527\"><strong data-start=\"488\" data-end=\"507\">D\u011btsk\u00e9 aktivity<\/strong>: Radka Vrecenkov\u00e1<\/li>\n<li data-start=\"141\" data-end=\"527\"><strong data-start=\"529\" data-end=\"545\">Revizor \u00fa\u010dt\u016f<\/strong>: Jan Jarol\u00edm<\/li>\n<\/ul>\n","protected":false},"excerpt":{"rendered":"<p>V\u00fdbor CSAC Vancouver pro obdob\u00ed 2019\u20132020 P\u0159edseda: Pavel K\u0159\u00ed\u017eka \u010cestn\u00fd p\u0159edseda: Milo\u0161 Zach M\u00edstop\u0159edsedkyn\u011b: Dana Cline Pokladn\u00edk, redakce: Jan Mikul\u00e1\u0161t\u00edk Redak\u010dn\u00ed t\u00fdm: Marta Jamborov\u00e1, Romana Zemanov\u00e1 Vedouc\u00ed turistick\u00e9ho klubu: Zuzana a Pavel K\u0159\u00ed\u017eka Administr\u00e1to\u0159i Facebooku a MailChimpu: Blanka Olivov\u00e1, Pavel K\u0159\u00ed\u017eka Sport: Jan Jarol\u00edm D\u011btsk\u00e9 aktivity: Radka Vrecenkov\u00e1 Revizor \u00fa\u010dt\u016f: Jan Jarol\u00edm<\/p>\n","protected":false},"author":2,"featured_media":0,"parent":15,"menu_order":0,"comment_status":"closed","ping_status":"closed","template":"","meta":{"footnotes":""},"class_list":["post-211","page","type-page","status-publish","hentry","branch-vancouver"],"_links":{"self":[{"href":"https:\/\/www.cssk.ca\/cs\/wp-json\/wp\/v2\/pages\/211","targetHints":{"allow":["GET"]}}],"collection":[{"href":"https:\/\/www.cssk.ca\/cs\/wp-json\/wp\/v2\/pages"}],"about":[{"href":"https:\/\/www.cssk.ca\/cs\/wp-json\/wp\/v2\/types\/page"}],"author":[{"embeddable":true,"href":"https:\/\/www.cssk.ca\/cs\/wp-json\/wp\/v2\/users\/2"}],"replies":[{"embeddable":true,"href":"https:\/\/www.cssk.ca\/cs\/wp-json\/wp\/v2\/comments?post=211"}],"version-history":[{"count":1,"href":"https:\/\/www.cssk.ca\/cs\/wp-json\/wp\/v2\/pages\/211\/revisions"}],"predecessor-version":[{"id":212,"href":"https:\/\/www.cssk.ca\/cs\/wp-json\/wp\/v2\/pages\/211\/revisions\/212"}],"up":[{"embeddable":true,"href":"https:\/\/www.cssk.ca\/cs\/wp-json\/wp\/v2\/pages\/15"}],"wp:attachment":[{"href":"https:\/\/www.cssk.ca\/cs\/wp-json\/wp\/v2\/media?parent=211"}],"curies":[{"name":"wp","href":"https:\/\/api.w.org\/{rel}","templated":true}]}}