{"id":204,"date":"2025-03-22T16:24:51","date_gmt":"2025-03-22T20:24:51","guid":{"rendered":"https:\/\/www.cssk.ca\/new\/?page_id=204"},"modified":"2026-02-09T14:46:18","modified_gmt":"2026-02-09T19:46:18","slug":"toronto-board","status":"publish","type":"page","link":"https:\/\/www.cssk.ca\/cs\/our-community\/toronto-board\/","title":{"rendered":"V\u00fdbor"},"content":{"rendered":"<h2 data-start=\"92\" data-end=\"135\">V\u00fdbor CSAC Toronto pro obdob\u00ed 2019\u20132020<\/h2>\n<ul>\n<li data-start=\"137\" data-end=\"279\"><strong data-start=\"137\" data-end=\"152\">P\u0159edsedkyn\u011b<\/strong>: Mark\u00e9ta Slep\u010d\u00edkov\u00e1<\/li>\n<li data-start=\"137\" data-end=\"279\"><strong data-start=\"175\" data-end=\"192\">M\u00edstop\u0159edseda<\/strong>: Petr Kohout<\/li>\n<li data-start=\"137\" data-end=\"279\"><strong data-start=\"208\" data-end=\"221\">Tajemnice<\/strong>: Barbara Sherriffov\u00e1<\/li>\n<li data-start=\"137\" data-end=\"279\"><strong data-start=\"245\" data-end=\"258\" data-is-only-node=\"\">Pokladn\u00edk<\/strong>: Martin Jelinowicz<\/li>\n<\/ul>\n<h3 data-start=\"281\" data-end=\"360\">\u010clenov\u00e9 v\u00fdboru<\/h3>\n<ul>\n<li data-start=\"281\" data-end=\"360\">Pavla Dolej\u0161<\/li>\n<li data-start=\"281\" data-end=\"360\">Zdenka Osko<\/li>\n<li data-start=\"281\" data-end=\"360\">V\u011bra Ripplov\u00e1<\/li>\n<li data-start=\"281\" data-end=\"360\">Olga Turokov\u00e1<\/li>\n<\/ul>\n","protected":false},"excerpt":{"rendered":"<p>V\u00fdbor CSAC Toronto pro obdob\u00ed 2019\u20132020 P\u0159edsedkyn\u011b: Mark\u00e9ta Slep\u010d\u00edkov\u00e1 M\u00edstop\u0159edseda: Petr Kohout Tajemnice: Barbara Sherriffov\u00e1 Pokladn\u00edk: Martin Jelinowicz \u010clenov\u00e9 v\u00fdboru Pavla Dolej\u0161 Zdenka Osko V\u011bra Ripplov\u00e1 Olga Turokov\u00e1<\/p>\n","protected":false},"author":2,"featured_media":0,"parent":15,"menu_order":0,"comment_status":"closed","ping_status":"closed","template":"","meta":{"footnotes":""},"class_list":["post-204","page","type-page","status-publish","hentry","branch-toronto"],"_links":{"self":[{"href":"https:\/\/www.cssk.ca\/cs\/wp-json\/wp\/v2\/pages\/204","targetHints":{"allow":["GET"]}}],"collection":[{"href":"https:\/\/www.cssk.ca\/cs\/wp-json\/wp\/v2\/pages"}],"about":[{"href":"https:\/\/www.cssk.ca\/cs\/wp-json\/wp\/v2\/types\/page"}],"author":[{"embeddable":true,"href":"https:\/\/www.cssk.ca\/cs\/wp-json\/wp\/v2\/users\/2"}],"replies":[{"embeddable":true,"href":"https:\/\/www.cssk.ca\/cs\/wp-json\/wp\/v2\/comments?post=204"}],"version-history":[{"count":2,"href":"https:\/\/www.cssk.ca\/cs\/wp-json\/wp\/v2\/pages\/204\/revisions"}],"predecessor-version":[{"id":501,"href":"https:\/\/www.cssk.ca\/cs\/wp-json\/wp\/v2\/pages\/204\/revisions\/501"}],"up":[{"embeddable":true,"href":"https:\/\/www.cssk.ca\/cs\/wp-json\/wp\/v2\/pages\/15"}],"wp:attachment":[{"href":"https:\/\/www.cssk.ca\/cs\/wp-json\/wp\/v2\/media?parent=204"}],"curies":[{"name":"wp","href":"https:\/\/api.w.org\/{rel}","templated":true}]}}