{"id":202,"date":"2025-03-22T16:23:11","date_gmt":"2025-03-22T20:23:11","guid":{"rendered":"https:\/\/www.cssk.ca\/new\/?page_id=202"},"modified":"2025-03-22T16:23:11","modified_gmt":"2025-03-22T20:23:11","slug":"toronto-history","status":"publish","type":"page","link":"https:\/\/www.cssk.ca\/cs\/our-community\/toronto-history\/","title":{"rendered":"History"},"content":{"rendered":"\n<p><strong>Prvn\u00ed spolky v Torontu<\/strong><\/p>\n\n\n\n<p>V obdob\u00ed a\u017e do prvn\u00ed sv\u011btov\u00e9 v\u00e1lky se v Torontu a okol\u00ed nach\u00e1zel jen mal\u00fd po\u010det krajan\u016f, kte\u0159\u00ed v\u011bt\u0161inou o sob\u011b tak\u00e9 nev\u011bd\u011bli. Teprve po v\u00e1lce, v dvac\u00e1t\u00fdch letech minul\u00e9ho stolet\u00ed, kdy\u017e do Kanady p\u0159ich\u00e1zel v\u011bt\u0161\u00ed po\u010det p\u0159ist\u011bhovalc\u016f z \u010ceskoslovenska, zpo\u010d\u00e1tku hlavn\u011b Slov\u00e1k\u016f, usazovali se mnoz\u00ed v Torontu. Prvn\u00edm torontsk\u00fdm krajansk\u00fdm spolkem byla odbo\u010dka montrealsk\u00e9ho \u010ceskoslovensk\u00e9ho podp\u016frn\u00e9ho spolku, kter\u00e1 p\u0159i sv\u00e9m ustaven\u00ed v kv\u011btnu 1927 m\u011bla 36 \u010dlen\u016f. Dva m\u011bs\u00edce na to, 7. srpna 1927, uspo\u0159\u00e1dala odbo\u010dka tak\u00e9 prvn\u00ed krajanskou z\u00e1bavu v Polsk\u00e9 hale, na n\u00ed\u017e se dostavilo 250 krajan\u016f, s v\u00fdjimkou \u010dty\u0159 \u017een sam\u00ed mu\u017ei, proto\u017ee man\u017eelky p\u0159ich\u00e1zely za sv\u00fdmi mu\u017ei a\u017e po n\u011bkolika m\u011bs\u00edc\u00edch. Kdy\u017e v\u0161ak spolek uspo\u0159\u00e1dal ve stejn\u00e9 hale na konci roku 1927 Silvestrovskou z\u00e1bavu, bylo p\u0159\u00edtomno ji\u017e 35 \u017een. Do konce roku 1927 byly v Torontu tak\u00e9 zalo\u017eeny t\u0159i dal\u0161\u00ed spolky, odbo\u010dky slovensk\u00fdch krajansk\u00fdch spolk\u016f v Americe: Slovensk\u00e1 liga, Prv\u00e1 slovensk\u00e1 katolick\u00e1 jednota a Slovensk\u00fd katolick\u00fd Sokol. Na za\u010d\u00e1tku roku 1928, 7. \u00fanora, se v Torontu tak\u00e9 konalo prvn\u00ed krajansk\u00e9 divadeln\u00ed p\u0159edstaven\u00ed po\u0159\u00e1dan\u00e9 \u010ceskoslovensk\u00fdm podp\u016frn\u00fdm spolkem, a b\u011bhem roku byly ustaveny dal\u0161\u00ed spolky: \u0158ecko katolick\u00e1 jednota, Pensylv\u00e1nsk\u00e1 slovensk\u00e1 katolick\u00e1 jednota, Slovensk\u00fd d\u011blnick\u00fd spolek, kter\u00fd tak\u00e9 zah\u00e1jil vyd\u00e1v\u00e1n\u00ed prvn\u00edho krajansk\u00e9ho \u010dasopisu \u201cRobotnick\u00e9 slovo\u201d. Prvn\u00edm ve\u0159ejn\u00fdm podnikem torontsk\u00fdch krajan\u016f byla oslava des\u00e1t\u00e9ho v\u00fdro\u010d\u00ed vzniku \u010ceskoslovensk\u00e9 republiky 28. \u0159\u00edjna 1928, po\u0159\u00e1dan\u00e1 \u010ceskoslovensk\u00fdm podp\u016frn\u00fdm spolkem, Slovensk\u00fdm d\u011blnick\u00fdm spolkem a Slovenskou ligou, p\u0159i n\u00ed\u017e se na 300 krajan\u016f z\u00fa\u010dastnilo pr\u016fvodu k pomn\u00edku Nezn\u00e1m\u00e9ho voj\u00edna p\u0159ed torontskou radnic\u00ed k n\u011bmu\u017e polo\u017eili v\u011bnec. Pr\u016fvod vzbudil zna\u010dnou pozornost a torontsk\u00e9 noviny v\u011bnovali n\u011bkolik \u010dlank\u016f oslav\u011b, torontsk\u00fdm krajan\u016fm a \u010ceskoslovensk\u00e9 republice.<\/p>\n","protected":false},"excerpt":{"rendered":"<p>Prvn\u00ed spolky v Torontu V obdob\u00ed a\u017e do prvn\u00ed sv\u011btov\u00e9 v\u00e1lky se v Torontu a okol\u00ed nach\u00e1zel jen mal\u00fd po\u010det krajan\u016f, kte\u0159\u00ed v\u011bt\u0161inou o sob\u011b tak\u00e9 nev\u011bd\u011bli. Teprve po v\u00e1lce, v dvac\u00e1t\u00fdch letech minul\u00e9ho stolet\u00ed, kdy\u017e do Kanady p\u0159ich\u00e1zel v\u011bt\u0161\u00ed po\u010det p\u0159ist\u011bhovalc\u016f z \u010ceskoslovenska, zpo\u010d\u00e1tku hlavn\u011b Slov\u00e1k\u016f, usazovali se mnoz\u00ed v Torontu. Prvn\u00edm torontsk\u00fdm krajansk\u00fdm [&hellip;]<\/p>\n","protected":false},"author":2,"featured_media":0,"parent":15,"menu_order":0,"comment_status":"closed","ping_status":"closed","template":"","meta":{"footnotes":""},"class_list":["post-202","page","type-page","status-publish","hentry","branch-toronto"],"_links":{"self":[{"href":"https:\/\/www.cssk.ca\/cs\/wp-json\/wp\/v2\/pages\/202","targetHints":{"allow":["GET"]}}],"collection":[{"href":"https:\/\/www.cssk.ca\/cs\/wp-json\/wp\/v2\/pages"}],"about":[{"href":"https:\/\/www.cssk.ca\/cs\/wp-json\/wp\/v2\/types\/page"}],"author":[{"embeddable":true,"href":"https:\/\/www.cssk.ca\/cs\/wp-json\/wp\/v2\/users\/2"}],"replies":[{"embeddable":true,"href":"https:\/\/www.cssk.ca\/cs\/wp-json\/wp\/v2\/comments?post=202"}],"version-history":[{"count":1,"href":"https:\/\/www.cssk.ca\/cs\/wp-json\/wp\/v2\/pages\/202\/revisions"}],"predecessor-version":[{"id":203,"href":"https:\/\/www.cssk.ca\/cs\/wp-json\/wp\/v2\/pages\/202\/revisions\/203"}],"up":[{"embeddable":true,"href":"https:\/\/www.cssk.ca\/cs\/wp-json\/wp\/v2\/pages\/15"}],"wp:attachment":[{"href":"https:\/\/www.cssk.ca\/cs\/wp-json\/wp\/v2\/media?parent=202"}],"curies":[{"name":"wp","href":"https:\/\/api.w.org\/{rel}","templated":true}]}}