{"id":197,"date":"2025-03-22T16:18:35","date_gmt":"2025-03-22T20:18:35","guid":{"rendered":"https:\/\/www.cssk.ca\/new\/?page_id=197"},"modified":"2026-03-25T17:01:57","modified_gmt":"2026-03-25T21:01:57","slug":"montreal-board","status":"publish","type":"page","link":"https:\/\/www.cssk.ca\/cs\/our-community\/montreal-board\/","title":{"rendered":"V\u00fdbor"},"content":{"rendered":"<h2 data-start=\"93\" data-end=\"137\">V\u00fdbor CSAC Montreal pro obdob\u00ed 2022\u20132023<\/h2>\n<ul>\n<li data-start=\"139\" data-end=\"496\"><strong data-start=\"139\" data-end=\"154\">P\u0159edsedkyn\u011b<\/strong>: Andrea Larocque<\/li>\n<li data-start=\"139\" data-end=\"496\"><strong data-start=\"174\" data-end=\"191\">M\u00edstop\u0159edseda<\/strong>: Ludv\u00edk Martin\u016f<\/li>\n<li data-start=\"139\" data-end=\"496\"><strong data-start=\"210\" data-end=\"222\">Tajemn\u00edk<\/strong>: Anton\u00edn Matou\u0161ek<\/li>\n<li data-start=\"139\" data-end=\"496\"><strong data-start=\"243\" data-end=\"257\">Pokladnice<\/strong>: Kate\u0159ina Kwasniakov\u00e1<\/li>\n<li data-start=\"139\" data-end=\"496\"><strong data-start=\"282\" data-end=\"299\">Registr\u00e1torka<\/strong>: Alena Martin\u016f<\/li>\n<li data-start=\"139\" data-end=\"496\"><strong data-start=\"317\" data-end=\"343\">Referentka pro seniory<\/strong>: Iva Radokov\u00e1<\/li>\n<li data-start=\"139\" data-end=\"496\"><strong data-start=\"360\" data-end=\"383\">Referentka pro tisk<\/strong>: Alena Martin\u016f<\/li>\n<li data-start=\"139\" data-end=\"496\"><strong data-start=\"401\" data-end=\"432\">Referentka pro \u010deskou \u0161kolu<\/strong>: Krist\u00fdna Pol\u00e1\u010dkov\u00e1<\/li>\n<li data-start=\"139\" data-end=\"496\"><strong data-start=\"455\" data-end=\"479\">Referentka pro bazar<\/strong>: Alice Havlov\u00e1<\/li>\n<li data-start=\"139\" data-end=\"496\"><strong data-start=\"498\" data-end=\"515\">Revizo\u0159i \u00fa\u010dt\u016f<\/strong>: Vesna Alin\u010de, Jitka Kirchnerov\u00e1<\/li>\n<li data-start=\"139\" data-end=\"496\"><strong data-start=\"552\" data-end=\"597\">\u010cestn\u00ed \u010dlenov\u00e9 v\u00fdboru (zvoleni do\u017eivotn\u011b)<\/strong>: M\u00ed\u0161a Fuchsov\u00e1, Ema Ko\u0161ack\u00e1<\/li>\n<\/ul>\n","protected":false},"excerpt":{"rendered":"<p>V\u00fdbor CSAC Montreal pro obdob\u00ed 2022\u20132023 P\u0159edsedkyn\u011b: Andrea Larocque M\u00edstop\u0159edseda: Ludv\u00edk Martin\u016f Tajemn\u00edk: Anton\u00edn Matou\u0161ek Pokladnice: Kate\u0159ina Kwasniakov\u00e1 Registr\u00e1torka: Alena Martin\u016f Referentka pro seniory: Iva Radokov\u00e1 Referentka pro tisk: Alena Martin\u016f Referentka pro \u010deskou \u0161kolu: Krist\u00fdna Pol\u00e1\u010dkov\u00e1 Referentka pro bazar: Alice Havlov\u00e1 Revizo\u0159i \u00fa\u010dt\u016f: Vesna Alin\u010de, Jitka Kirchnerov\u00e1 \u010cestn\u00ed \u010dlenov\u00e9 v\u00fdboru (zvoleni do\u017eivotn\u011b): M\u00ed\u0161a Fuchsov\u00e1, [&hellip;]<\/p>\n","protected":false},"author":2,"featured_media":0,"parent":15,"menu_order":0,"comment_status":"closed","ping_status":"closed","template":"","meta":{"footnotes":""},"class_list":["post-197","page","type-page","status-publish","hentry","branch-montreal"],"_links":{"self":[{"href":"https:\/\/www.cssk.ca\/cs\/wp-json\/wp\/v2\/pages\/197","targetHints":{"allow":["GET"]}}],"collection":[{"href":"https:\/\/www.cssk.ca\/cs\/wp-json\/wp\/v2\/pages"}],"about":[{"href":"https:\/\/www.cssk.ca\/cs\/wp-json\/wp\/v2\/types\/page"}],"author":[{"embeddable":true,"href":"https:\/\/www.cssk.ca\/cs\/wp-json\/wp\/v2\/users\/2"}],"replies":[{"embeddable":true,"href":"https:\/\/www.cssk.ca\/cs\/wp-json\/wp\/v2\/comments?post=197"}],"version-history":[{"count":8,"href":"https:\/\/www.cssk.ca\/cs\/wp-json\/wp\/v2\/pages\/197\/revisions"}],"predecessor-version":[{"id":672,"href":"https:\/\/www.cssk.ca\/cs\/wp-json\/wp\/v2\/pages\/197\/revisions\/672"}],"up":[{"embeddable":true,"href":"https:\/\/www.cssk.ca\/cs\/wp-json\/wp\/v2\/pages\/15"}],"wp:attachment":[{"href":"https:\/\/www.cssk.ca\/cs\/wp-json\/wp\/v2\/media?parent=197"}],"curies":[{"name":"wp","href":"https:\/\/api.w.org\/{rel}","templated":true}]}}