{"id":190,"date":"2025-03-22T16:08:48","date_gmt":"2025-03-22T20:08:48","guid":{"rendered":"https:\/\/www.cssk.ca\/new\/?page_id=190"},"modified":"2026-04-13T01:46:51","modified_gmt":"2026-04-13T05:46:51","slug":"edmonton-board","status":"publish","type":"page","link":"https:\/\/www.cssk.ca\/cs\/our-community\/edmonton-board\/","title":{"rendered":"V\u00fdbor"},"content":{"rendered":"<h2 data-start=\"68\" data-end=\"91\">V\u00fdbor CSAC Edmonton<\/h2>\n<ul>\n<li data-start=\"93\" data-end=\"268\"><strong data-start=\"93\" data-end=\"105\">P\u0159edseda<\/strong>: Petr \u0160\u00edpek<\/li>\n<li data-start=\"93\" data-end=\"268\"><strong data-start=\"120\" data-end=\"140\">M\u00edstop\u0159edsedkyn\u011b<\/strong>: Joe Stastny<\/li>\n<li data-start=\"93\" data-end=\"268\"><strong data-start=\"163\" data-end=\"177\">Pokladnice<\/strong>: Tatiana Bere\u0161<\/li>\n<li data-start=\"93\" data-end=\"268\"><strong data-start=\"195\" data-end=\"208\">Tajemnice<\/strong>: Michaela Blahutov\u00e1<\/li>\n<li data-start=\"93\" data-end=\"268\"><strong data-start=\"231\" data-end=\"249\">Vedouc\u00ed kasina<\/strong>: Petr&nbsp;\u0160\u00edpek<\/li>\n<li><strong>Registr\u00e1tor<\/strong>: Mick Kohut<\/li>\n<\/ul>\n","protected":false},"excerpt":{"rendered":"<p>V\u00fdbor CSAC Edmonton P\u0159edseda: Petr \u0160\u00edpek M\u00edstop\u0159edsedkyn\u011b: Joe Stastny Pokladnice: Tatiana Bere\u0161 Tajemnice: Michaela Blahutov\u00e1 Vedouc\u00ed kasina: Petr&nbsp;\u0160\u00edpek Registr\u00e1tor: Mick Kohut<\/p>\n","protected":false},"author":2,"featured_media":0,"parent":15,"menu_order":0,"comment_status":"closed","ping_status":"closed","template":"","meta":{"footnotes":""},"class_list":["post-190","page","type-page","status-publish","hentry","branch-edmonton"],"_links":{"self":[{"href":"https:\/\/www.cssk.ca\/cs\/wp-json\/wp\/v2\/pages\/190","targetHints":{"allow":["GET"]}}],"collection":[{"href":"https:\/\/www.cssk.ca\/cs\/wp-json\/wp\/v2\/pages"}],"about":[{"href":"https:\/\/www.cssk.ca\/cs\/wp-json\/wp\/v2\/types\/page"}],"author":[{"embeddable":true,"href":"https:\/\/www.cssk.ca\/cs\/wp-json\/wp\/v2\/users\/2"}],"replies":[{"embeddable":true,"href":"https:\/\/www.cssk.ca\/cs\/wp-json\/wp\/v2\/comments?post=190"}],"version-history":[{"count":3,"href":"https:\/\/www.cssk.ca\/cs\/wp-json\/wp\/v2\/pages\/190\/revisions"}],"predecessor-version":[{"id":487,"href":"https:\/\/www.cssk.ca\/cs\/wp-json\/wp\/v2\/pages\/190\/revisions\/487"}],"up":[{"embeddable":true,"href":"https:\/\/www.cssk.ca\/cs\/wp-json\/wp\/v2\/pages\/15"}],"wp:attachment":[{"href":"https:\/\/www.cssk.ca\/cs\/wp-json\/wp\/v2\/media?parent=190"}],"curies":[{"name":"wp","href":"https:\/\/api.w.org\/{rel}","templated":true}]}}