{"id":183,"date":"2025-03-22T15:19:36","date_gmt":"2025-03-22T19:19:36","guid":{"rendered":"https:\/\/www.cssk.ca\/new\/?page_id=183"},"modified":"2025-03-22T15:19:36","modified_gmt":"2025-03-22T19:19:36","slug":"calgary-board","status":"publish","type":"page","link":"https:\/\/www.cssk.ca\/cs\/our-community\/calgary-board\/","title":{"rendered":"V\u00fdbor"},"content":{"rendered":"<h2 data-start=\"91\" data-end=\"134\"><strong data-start=\"91\" data-end=\"134\">V\u00fdbor CSAC Calgary pro obdob\u00ed 2021\u20132022<\/strong><\/h2>\n<ul>\n<li data-start=\"136\" data-end=\"355\"><strong data-start=\"136\" data-end=\"148\">P\u0159edseda<\/strong>: V\u00e1clav Just<\/li>\n<li data-start=\"136\" data-end=\"355\"><strong data-start=\"164\" data-end=\"184\">M\u00edstop\u0159edsedkyn\u011b<\/strong>: Bo\u017eena Kellnerov\u00e1<\/li>\n<li data-start=\"136\" data-end=\"355\"><strong data-start=\"206\" data-end=\"220\">Pokladnice<\/strong>: Draha Nevesel\u00e1<\/li>\n<li data-start=\"136\" data-end=\"355\"><strong data-start=\"239\" data-end=\"250\">Kultura<\/strong>: Pavel Hebelka<\/li>\n<li data-start=\"136\" data-end=\"355\"><strong data-start=\"268\" data-end=\"300\">\u0160\u00e9fredaktor \u010dasopisu pobo\u010dky<\/strong>: Michal Kellner<\/li>\n<li data-start=\"136\" data-end=\"355\"><strong data-start=\"319\" data-end=\"338\">B\u00fdval\u00fd p\u0159edseda<\/strong>: Pavel Hebelka<\/li>\n<\/ul>\n<h3>\u010clenov\u00e9 v\u00fdboru<\/h3>\n<ul>\n<li>Vladim\u00edr Ma\u0161ata<\/li>\n<li>Ivan Nevesel\u00fd<\/li>\n<\/ul>\n<h3><strong data-start=\"413\" data-end=\"430\">Revizo\u0159i \u00fa\u010dt\u016f<br \/>\n<\/strong><\/h3>\n<ul>\n<li>Eva Rojek<\/li>\n<li>Michael Rojek<\/li>\n<\/ul>\n","protected":false},"excerpt":{"rendered":"<p>V\u00fdbor CSAC Calgary pro obdob\u00ed 2021\u20132022 P\u0159edseda: V\u00e1clav Just M\u00edstop\u0159edsedkyn\u011b: Bo\u017eena Kellnerov\u00e1 Pokladnice: Draha Nevesel\u00e1 Kultura: Pavel Hebelka \u0160\u00e9fredaktor \u010dasopisu pobo\u010dky: Michal Kellner B\u00fdval\u00fd p\u0159edseda: Pavel Hebelka \u010clenov\u00e9 v\u00fdboru Vladim\u00edr Ma\u0161ata Ivan Nevesel\u00fd Revizo\u0159i \u00fa\u010dt\u016f Eva Rojek Michael Rojek<\/p>\n","protected":false},"author":1,"featured_media":0,"parent":15,"menu_order":0,"comment_status":"closed","ping_status":"closed","template":"","meta":{"footnotes":""},"class_list":["post-183","page","type-page","status-publish","hentry","branch-calgary"],"_links":{"self":[{"href":"https:\/\/www.cssk.ca\/cs\/wp-json\/wp\/v2\/pages\/183","targetHints":{"allow":["GET"]}}],"collection":[{"href":"https:\/\/www.cssk.ca\/cs\/wp-json\/wp\/v2\/pages"}],"about":[{"href":"https:\/\/www.cssk.ca\/cs\/wp-json\/wp\/v2\/types\/page"}],"author":[{"embeddable":true,"href":"https:\/\/www.cssk.ca\/cs\/wp-json\/wp\/v2\/users\/1"}],"replies":[{"embeddable":true,"href":"https:\/\/www.cssk.ca\/cs\/wp-json\/wp\/v2\/comments?post=183"}],"version-history":[{"count":1,"href":"https:\/\/www.cssk.ca\/cs\/wp-json\/wp\/v2\/pages\/183\/revisions"}],"predecessor-version":[{"id":184,"href":"https:\/\/www.cssk.ca\/cs\/wp-json\/wp\/v2\/pages\/183\/revisions\/184"}],"up":[{"embeddable":true,"href":"https:\/\/www.cssk.ca\/cs\/wp-json\/wp\/v2\/pages\/15"}],"wp:attachment":[{"href":"https:\/\/www.cssk.ca\/cs\/wp-json\/wp\/v2\/media?parent=183"}],"curies":[{"name":"wp","href":"https:\/\/api.w.org\/{rel}","templated":true}]}}