{"id":176,"date":"2025-03-22T15:08:19","date_gmt":"2025-03-22T19:08:19","guid":{"rendered":"https:\/\/www.cssk.ca\/new\/?page_id=176"},"modified":"2026-01-11T15:24:16","modified_gmt":"2026-01-11T20:24:16","slug":"ottawa-board","status":"publish","type":"page","link":"https:\/\/www.cssk.ca\/cs\/our-community\/ottawa-board\/","title":{"rendered":"V\u00fdbor"},"content":{"rendered":"<h2 class=\"wp-block-heading\">V\u00fdbor pobo\u010dky \u010cSSK Ottawa pro obdob\u00ed 2019 \u2014 2020<\/h2>\r\n<!-- \/wp:post-content -->\r\n\r\n<!-- wp:list -->\r\n<ul class=\"wp-block-list\">\r\n \t<li style=\"list-style-type: none;\">\r\n<ul class=\"wp-block-list\"><!-- wp:list-item -->\r\n \t<li><strong>P\u0159edseda<\/strong>&nbsp;: David Bene\u0161<\/li>\r\n<\/ul>\r\n<\/li>\r\n<\/ul>\r\n<!-- \/wp:list-item -->\r\n\r\n<!-- wp:list-item -->\r\n<ul class=\"wp-block-list\">\r\n \t<li style=\"list-style-type: none;\">\r\n<ul class=\"wp-block-list\">\r\n \t<li><strong>Pokladn\u00edk:<\/strong>&nbsp;Helena Flack<\/li>\r\n<\/ul>\r\n<\/li>\r\n<\/ul>\r\n<!-- \/wp:list-item -->\r\n\r\n<!-- wp:list-item -->\r\n<ul class=\"wp-block-list\">\r\n \t<li style=\"list-style-type: none;\">\r\n<ul class=\"wp-block-list\">\r\n \t<li><strong>Tajemnice:<\/strong> Lenka Mikulov\u00e1<\/li>\r\n<\/ul>\r\n<\/li>\r\n<\/ul>\r\n<!-- \/wp:list-item -->\r\n\r\n<!-- wp:list-item -->\r\n<ul class=\"wp-block-list\">\r\n \t<li style=\"list-style-type: none;\">\r\n<ul class=\"wp-block-list\">\r\n \t<li><strong>Revizo\u0159i \u00fa\u010dt\u016f:<\/strong> Ji\u0159\u00ed Krupka, Renata Wachowiak-Smol\u00edkov\u00e1<\/li>\r\n<\/ul>\r\n<\/li>\r\n<\/ul>\r\n<!-- \/wp:list-item -->\r\n\r\n<!-- \/wp:list -->\r\n\r\n<!-- wp:heading {\"level\":3} -->\r\n<h3 class=\"wp-block-heading\">\u010clenov\u00e9 v\u00fdboru<\/h3>\r\n<!-- \/wp:heading -->\r\n\r\n<!-- wp:list -->\r\n<ul class=\"wp-block-list\">\r\n \t<li style=\"list-style-type: none;\">\r\n<ul class=\"wp-block-list\"><!-- wp:list-item -->\r\n \t<li>Michal Hallen<\/li>\r\n<\/ul>\r\n<\/li>\r\n<\/ul>\r\n<!-- \/wp:list-item -->\r\n\r\n<!-- wp:list-item -->\r\n<ul class=\"wp-block-list\">\r\n \t<li style=\"list-style-type: none;\">\r\n<ul class=\"wp-block-list\">\r\n \t<li>Milo\u0161 \u0160uchma<\/li>\r\n<\/ul>\r\n<\/li>\r\n<\/ul><!-- \/wp:list-item -->","protected":false},"excerpt":{"rendered":"<p>V\u00fdbor pobo\u010dky \u010cSSK Ottawa pro obdob\u00ed 2019 \u2014 2020 P\u0159edseda&nbsp;: David Bene\u0161 Pokladn\u00edk:&nbsp;Helena Flack Tajemnice: Lenka Mikulov\u00e1 Revizo\u0159i \u00fa\u010dt\u016f: Ji\u0159\u00ed Krupka, Renata Wachowiak-Smol\u00edkov\u00e1 \u010clenov\u00e9 v\u00fdboru Michal Hallen Milo\u0161 \u0160uchma<\/p>\n","protected":false},"author":1,"featured_media":0,"parent":15,"menu_order":0,"comment_status":"closed","ping_status":"closed","template":"","meta":{"footnotes":""},"class_list":["post-176","page","type-page","status-publish","hentry","branch-ottawa"],"_links":{"self":[{"href":"https:\/\/www.cssk.ca\/cs\/wp-json\/wp\/v2\/pages\/176","targetHints":{"allow":["GET"]}}],"collection":[{"href":"https:\/\/www.cssk.ca\/cs\/wp-json\/wp\/v2\/pages"}],"about":[{"href":"https:\/\/www.cssk.ca\/cs\/wp-json\/wp\/v2\/types\/page"}],"author":[{"embeddable":true,"href":"https:\/\/www.cssk.ca\/cs\/wp-json\/wp\/v2\/users\/1"}],"replies":[{"embeddable":true,"href":"https:\/\/www.cssk.ca\/cs\/wp-json\/wp\/v2\/comments?post=176"}],"version-history":[{"count":4,"href":"https:\/\/www.cssk.ca\/cs\/wp-json\/wp\/v2\/pages\/176\/revisions"}],"predecessor-version":[{"id":474,"href":"https:\/\/www.cssk.ca\/cs\/wp-json\/wp\/v2\/pages\/176\/revisions\/474"}],"up":[{"embeddable":true,"href":"https:\/\/www.cssk.ca\/cs\/wp-json\/wp\/v2\/pages\/15"}],"wp:attachment":[{"href":"https:\/\/www.cssk.ca\/cs\/wp-json\/wp\/v2\/media?parent=176"}],"curies":[{"name":"wp","href":"https:\/\/api.w.org\/{rel}","templated":true}]}}