{"id":168,"date":"2025-03-22T14:24:09","date_gmt":"2025-03-22T18:24:09","guid":{"rendered":"https:\/\/www.cssk.ca\/new\/?page_id=168"},"modified":"2025-03-23T21:31:38","modified_gmt":"2025-03-24T01:31:38","slug":"useful-information","status":"publish","type":"page","link":"https:\/\/www.cssk.ca\/cs\/our-community\/useful-information\/","title":{"rendered":"U\u017eite\u010dn\u00e9 informace"},"content":{"rendered":"\r\n<ul class=\"wp-block-list\">\r\n \t<li><a href=\"http:\/\/www.svu2000.org\/\" data-type=\"link\" data-id=\"http:\/\/www.svu2000.org\/\">Spole\u010dnost pro v\u011bdy a um\u011bn\u00ed (SVU) \u2014 worldwide <\/a><\/li>\r\n \r\n \t<li><a href=\"http:\/\/www.onlinetv1.com\/\" data-type=\"link\" data-id=\"http:\/\/www.onlinetv1.com\/\">\u010cesk\u00e1 a slovensk\u00e1 krajansk\u00e1 televize z Chicaga<\/a><\/li>\r\n \r\n \t<li><a href=\"http:\/\/www.masaryktown.ca\/\" data-type=\"link\" data-id=\"http:\/\/www.masaryktown.ca\/\">Masaryk Memorial Institute \u2014 Toronto<\/a><\/li>\r\n \r\n \t<li><a href=\"http:\/\/www.divadlozarohem.ca\/\" data-type=\"link\" data-id=\"http:\/\/www.divadlozarohem.ca\/\">Divadlo Za rohem \u2014 Vancouver<\/a><\/li>\r\n \r\n \t<li><a href=\"https:\/\/www.czech-books.com\/\" data-type=\"link\" data-id=\"https:\/\/www.czech-books.com\/\">\u010cesk\u00e9 knihy, CD a DVD<\/a><\/li>\r\n \r\n \t<li><a href=\"http:\/\/www.abscr.cz\/\" data-type=\"link\" data-id=\"http:\/\/www.abscr.cz\/\">Archiv bezpe\u010dnostn\u00edch slo\u017eek<\/a><\/li>\r\n \r\n \t<li><a href=\"https:\/\/www.memoryandconscience.eu\/\" data-type=\"link\" data-id=\"https:\/\/www.memoryandconscience.eu\/\">Platforma evropsk\u00e9 pam\u011bti a sv\u011bdom\u00ed<\/a><\/li>\r\n \r\n \t<li><a href=\"http:\/\/www.ustrcr.cz\/\" data-type=\"link\" data-id=\"http:\/\/www.ustrcr.cz\/\">\u00dastav pro studium totalitn\u00edch re\u017eim\u016f<\/a><\/li>\r\n \r\n \t<li><a href=\"http:\/\/www.uszz.sk\/\" data-type=\"link\" data-id=\"http:\/\/www.uszz.sk\/\">\u00darad pre Slov\u00e1kov \u017eij\u00facich v zahrani\u010d\u00ed<\/a><\/li>\r\n<\/ul>\r\n &nbsp;\r\n\r\n","protected":false},"excerpt":{"rendered":"<p>Spole\u010dnost pro v\u011bdy a um\u011bn\u00ed (SVU) \u2014 worldwide \u010cesk\u00e1 a slovensk\u00e1 krajansk\u00e1 televize z Chicaga Masaryk Memorial Institute \u2014 Toronto Divadlo Za rohem \u2014 Vancouver \u010cesk\u00e9 knihy, CD a DVD Archiv bezpe\u010dnostn\u00edch slo\u017eek Platforma evropsk\u00e9 pam\u011bti a sv\u011bdom\u00ed \u00dastav pro studium totalitn\u00edch re\u017eim\u016f \u00darad pre Slov\u00e1kov \u017eij\u00facich v zahrani\u010d\u00ed &nbsp;<\/p>\n","protected":false},"author":1,"featured_media":0,"parent":15,"menu_order":0,"comment_status":"closed","ping_status":"closed","template":"","meta":{"footnotes":""},"class_list":["post-168","page","type-page","status-publish","hentry"],"_links":{"self":[{"href":"https:\/\/www.cssk.ca\/cs\/wp-json\/wp\/v2\/pages\/168","targetHints":{"allow":["GET"]}}],"collection":[{"href":"https:\/\/www.cssk.ca\/cs\/wp-json\/wp\/v2\/pages"}],"about":[{"href":"https:\/\/www.cssk.ca\/cs\/wp-json\/wp\/v2\/types\/page"}],"author":[{"embeddable":true,"href":"https:\/\/www.cssk.ca\/cs\/wp-json\/wp\/v2\/users\/1"}],"replies":[{"embeddable":true,"href":"https:\/\/www.cssk.ca\/cs\/wp-json\/wp\/v2\/comments?post=168"}],"version-history":[{"count":6,"href":"https:\/\/www.cssk.ca\/cs\/wp-json\/wp\/v2\/pages\/168\/revisions"}],"predecessor-version":[{"id":234,"href":"https:\/\/www.cssk.ca\/cs\/wp-json\/wp\/v2\/pages\/168\/revisions\/234"}],"up":[{"embeddable":true,"href":"https:\/\/www.cssk.ca\/cs\/wp-json\/wp\/v2\/pages\/15"}],"wp:attachment":[{"href":"https:\/\/www.cssk.ca\/cs\/wp-json\/wp\/v2\/media?parent=168"}],"curies":[{"name":"wp","href":"https:\/\/api.w.org\/{rel}","templated":true}]}}