{"id":166,"date":"2025-03-22T13:41:35","date_gmt":"2025-03-22T17:41:35","guid":{"rendered":"https:\/\/www.cssk.ca\/new\/?page_id=166"},"modified":"2026-03-20T04:05:58","modified_gmt":"2026-03-20T08:05:58","slug":"ottawa-history","status":"publish","type":"page","link":"https:\/\/www.cssk.ca\/cs\/our-community\/founding-and-activities-of-the-ottawa-chapter\/","title":{"rendered":"Historie"},"content":{"rendered":"<h2>Zalo\u017een\u00ed a \u010dinnost pobo\u010dky Ottawa<\/h2>\n<p><em>(autentick\u00fd text z knihy \u201cPam\u00e1tn\u00edk \u010deskoslovensk\u00e9 Kanady\u201d, uspo\u0159\u00e1dali auto\u0159i Ing. Karel Buzek, Lidmila Wauthierov\u00e1, Alica Haasov\u00e1 k 25. v\u00fdro\u010d\u00ed \u010cSR, Toronto, \u0159\u00edjen 1943)<\/em><\/p>\n<p>Ottawsk\u00e1 odbo\u010dka \u010csl.N.S. \u2014 \u010d\u00eds. 89 \u2014 byla zalo\u017eena z podn\u011btu ministra Dra Franti\u0161ka Pavl\u00e1ska dne 22. listopadu 1942. Sch\u016fze se z\u00fa\u010dastnilo 36 \u010cechoslov\u00e1k\u016f \u010ds. p\u016fvodu. Za \u010destn\u00e9ho p\u0159edsedu byl zvolen ministr Dr. Franti\u0161ek Pavl\u00e1sek. Za \u010dleny v\u00fdboru byli zvoleni: P\u0159edseda J. Kurtin, m\u00edstop\u0159edseda J. \u0160imurda Holan, pokladn\u00edk M. Stretavsk\u00fd, jednatelka Dr. L. Hitschmannov\u00e1, zapisovatel M. \u0160ipo\u0161, kontrolo\u0159i F. Svoboda, P. Ivano a poradn\u00ed funkcion\u00e1\u0159i V. Ruda a J. Mil\u010d\u00e1k. V uv\u00edtac\u00edm proslovu \u010destn\u00fd p\u0159edseda Dr. Pavl\u00e1sek nar\u00fdsoval hlavn\u00ed \u00fakoly \u010csl. N. S. v Kanad\u011b a ka\u017ed\u00e9ho jeho \u010dlena: podporovati \u010deskoslovensk\u00fd odboj a v\u00e1le\u010dn\u00e9 \u00fasil\u00ed Kanady v\u0161emi na\u0161imi hmotn\u00fdmi i mor\u00e1ln\u00edmi silami. O zalo\u017een\u00ed odbo\u010dky v Ottaw\u011b byly v Citizen, Journal i Le Droit uve\u0159ejn\u011bny ob\u0161\u00edrn\u00e9 zpr\u00e1vy.<\/p>\n<p>Odbo\u010dka se dala ihned do pr\u00e1ce. Jej\u00edm c\u00edlem jest propagace lep\u0161\u00ed znalosti na\u0161\u00ed Republiky a hmotn\u00fd v\u00fdt\u011b\u017eek pro \u010ds. \u010cerven\u00fd K\u0159\u00ed\u017e v Lond\u00fdn\u011b. Prvn\u00ed \u00fa\u010del byl s velik\u00fdm \u00fasp\u011bchem dosa\u017een ve dvou filmov\u00fdch p\u0159edstaven\u00edch v National Film Board dne 6. a 11. ledna 1943, kde byly prom\u00edtnuty filmy: \u201cThe Czechs our Allies\u201d, \u201cThe Rape of Czechoslovakia\u201d, jako\u017e i t\u0159i \u010desk\u00e9 \u017eurn\u00e1ly z Lond\u00fdna, ukazuj\u00edc\u00ed \u010ds. odboj v Anglii. P\u0159epln\u011bn\u00fd s\u00e1l, jako\u017e i nad\u0161en\u00e9 kritiky v ottawsk\u00e9m tisku op\u011bt zd\u016fraznily, jak velik\u00fd jest z\u00e1jem a pochopen\u00ed pro \u010ceskoslovensko v Kanad\u011b.<\/p>\n<p>Dne 31. ledna 1943 odbo\u010dka uspo\u0159\u00e1dala v Capitol Theatre prvn\u00ed ve\u0159ejnou manifestaci ve prosp\u011bch \u201cCanadian Aid to Russia Fund\u201d pod z\u00e1\u0161titou J. E. Gener\u00e1ln\u00edho Guvern\u00e9ra a Jej\u00ed Kr\u00e1lovsk\u00e9 V\u00fdsosti Princezny Alice. Byl to v\u00fdznamn\u00fd \u00fasp\u011bch finan\u010dn\u00ed i mor\u00e1ln\u00ed, jeliko\u017e p\u0159i\u0161lo p\u0159es 2200 osob a nad\u0161en\u00ed bylo up\u0159\u00edmn\u00e9. Na programu byl proslov ministra Dr. F. Pavl\u00e1ska, \u010ds. hudba i zp\u011bv, jako\u017e i \u010deskoslovensk\u00e9 a rusk\u00e9 filmy. \u010cist\u00fd v\u00fdnos byl $628,23. Dne 14. \u00fanora konal se druh\u00fd manifesta\u010dn\u00ed podnik na\u0161\u00ed odbo\u010dky, tentokr\u00e1te ve prosp\u011bch Kanadsk\u00e9ho a \u010ceskoslovensk\u00e9ho \u010cerven\u00e9ho K\u0159\u00ed\u017ee. Pro nep\u0159\u00edzniv\u00e9 po\u010das\u00ed n\u00e1v\u0161t\u011bva nebyla tak velk\u00e1, jak se doufalo, a v\u00fdnos byl $86. Akce pro \u010cs. \u010cerven\u00fd K\u0159\u00ed\u017e v\u0161ak pokra\u010duje a dodnes jsme torontsk\u00e9mu \u00fast\u0159ed\u00ed celkem odvedli $208.<\/p>\n<p>D\u016fle\u017eit\u00fd p\u0159\u00edsp\u011bvek na podporu \u010cs. \u010cerven\u00e9ho K\u0159\u00ed\u017ee p\u0159in\u00e1\u0161\u00ed \u010ds. socha\u0159ka, p\u00ed H. Stonard-Sachsov\u00e1, je\u017e pod z\u00e1\u0161titou na\u0161\u00ed odbo\u010dky pracuje nyn\u00ed v Ottaw\u011b a cel\u00fd v\u00fdt\u011b\u017eek sv\u00e9 pr\u00e1ce v\u011bnuje \u010cs. \u010cerven\u00e9mu K\u0159\u00ed\u017ei v Lond\u00fdn\u011b. Doposud jej\u00ed akce vynesla $200, kter\u00e9 byly pouk\u00e1z\u00e1ny \u00fast\u0159ed\u00ed v Toront\u011b. Pr\u00e1ce p\u00ed Stonard-Sachsov\u00e9 nen\u00ed skon\u010dena a slibuje dal\u0161\u00ed p\u0159\u00edzniv\u00e9 finan\u010dn\u00ed i propaga\u010dn\u00ed v\u00fdsledky.<\/p>\n<p>Dne 6. b\u0159ezna ottawsk\u00e1 odbo\u010dka oslavila narozeniny Presidenta-Osvoboditele, T. G. Masaryka. Slavnostn\u00ed projev m\u011bl ministr Dr. F. Pavl\u00e1sek. \u010clenka odbo\u010dky H. Popperov\u00e1 p\u0159ednesla \u010ds. b\u00e1sn\u011b a byly hr\u00e1ny \u010ds. n\u00e1rodn\u00ed p\u00edsn\u011b. \u010clenstvo pak vyslechlo projev Presidenta-Osvoboditele k 10. v\u00fdro\u010d\u00ed \u010ceskoslovensk\u00e9 republiky, zachovan\u00fd na gramofonov\u00e9 desce.<\/p>\n<p>Pro jednoho z bratr\u016f, kter\u00fd utrp\u011bl t\u011b\u017ek\u00fd \u00faraz, na\u0161e odbo\u010dka vybrala mezi \u010dlenstvem $22. Odbo\u010dka uspo\u0159\u00e1dala oslavu Gen. M. R. \u0160tef\u00e1nika, na n\u00ed\u017e byl slavnostn\u00edm \u0159e\u010dn\u00edkem p\u0159edseda \u010cs. N. S., br. \u0160tefan Rudinsk\u00fd. Zam\u00fd\u0161l\u00edme tak\u00e9 vyp\u016fj\u010diti si ze Spojen\u00fdch St\u00e1t\u016f obrazy \u010ds. mistr\u016f a otev\u0159\u00edti jejich v\u00fdstavu v Ottaw\u011b v r\u00e1mci oslav 28. \u0159\u00edjna.<\/p>\n<p>Od 3. do 8. kv\u011btna byl v Ottaw\u011b prom\u00edt\u00e1n film \u201cHangmen also die\u201d pod z\u00e1\u0161titou N\u00e1rodn\u00edho Sdru\u017een\u00ed. Na premi\u00e9ru bylo pozv\u00e1no 80 \u010dlen\u016f vl\u00e1dy a diplomatick\u00e9ho sboru. Dne 13. kv\u011btna se poprv\u00e9 se\u0161el \u017eensk\u00fd odbor a radil se o p\u0159\u00edprav\u00e1ch na baz\u00e1r, kter\u00fd bude uspo\u0159\u00e1d\u00e1n v prvn\u00edch prosincov\u00fdch dnech v Ottaw\u011b. \u010cist\u00fd zisk je ur\u010den pro \u201cV\u00e1le\u010dnou pomoc \u010cSR\u201d. Sb\u00edrku na tuto akci ji\u017e odbo\u010dka zah\u00e1jila a za 6 dn\u00ed sebrala $100.<\/p>\n<p>Dne 18. kv\u011btna odbo\u010dka pozvala sv\u00e9 kanadsk\u00e9 p\u0159\u00e1tele do \u201c<span class=\"caps\">YMCA<\/span>\u201d a uk\u00e1zala jim film o sokolsk\u00e9m sletu a sn\u00edmky o \u010ceskoslovensku. Pan J. Kash a Dr. F. Stein p\u0159edvedli Dvo\u0159\u00e1kovu hudbu. M\u00edstnosti byly vyzdobeny \u010deskoslovensk\u00fdmi plak\u00e1ty a rozd\u00e1valy se let\u00e1ky o na\u0161em odboji.<\/p>\n<p>Dne 5. \u010dervna odbo\u010dka hostila v <span class=\"caps\">YMCE<\/span> deleg\u00e1ty \u0161ir\u0161\u00edho v\u00fdkonn\u00e9ho v\u00fdboru \u010csl. N. S., kte\u0159\u00ed se se\u0161li v Ottaw\u011b p\u0159i n\u00e1v\u0161t\u011bv\u011b presidenta Dr. Edvarda Bene\u0161e.<\/p>\n<p>Dr. Lotta Hitschmannov\u00e1<\/p>\n<p>P.S.<br \/>\nLotta Hitschmanov\u00e1 zalo\u017eila a byla po 36 let v \u010dele kanadsk\u00e9 nejstar\u0161\u00ed podp\u016frn\u00e9 a rozvojov\u00e9 zahrani\u010dn\u00ed agentury, the Unitarian Service Committee of Canada (nyn\u00ed <span class=\"caps\">USC<\/span> Canada), kter\u00e1 pomohla tis\u00edc\u016fm d\u011bt\u00ed z Evropy po 2. sv\u011btov\u00e9 v\u00e1lce, a kter\u00e1 roz\u0161\u00ed\u0159ila svoji \u010dinnost do zem\u00ed Asie, Afriky a St\u0159edn\u00edho v\u00fdchodu. V\u00edce o t\u00e9to pozoruhodn\u00e9 \u017een\u011b \u010dt\u011bte \u201cLotta: the Unitarian Service Committee story\u201d, autor Clyde Sanger, prvn\u00ed vyd\u00e1n\u00ed v roce 1986, Stoddart Publishing Co., Limited.<\/p>\n","protected":false},"excerpt":{"rendered":"<p>Zalo\u017een\u00ed a \u010dinnost pobo\u010dky Ottawa (autentick\u00fd text z knihy \u201cPam\u00e1tn\u00edk \u010deskoslovensk\u00e9 Kanady\u201d, uspo\u0159\u00e1dali auto\u0159i Ing. Karel Buzek, Lidmila Wauthierov\u00e1, Alica Haasov\u00e1 k 25. v\u00fdro\u010d\u00ed \u010cSR, Toronto, \u0159\u00edjen 1943) Ottawsk\u00e1 odbo\u010dka \u010csl.N.S. \u2014 \u010d\u00eds. 89 \u2014 byla zalo\u017eena z podn\u011btu ministra Dra Franti\u0161ka Pavl\u00e1ska dne 22. listopadu 1942. Sch\u016fze se z\u00fa\u010dastnilo 36 \u010cechoslov\u00e1k\u016f \u010ds. p\u016fvodu. Za [&hellip;]<\/p>\n","protected":false},"author":1,"featured_media":0,"parent":15,"menu_order":0,"comment_status":"closed","ping_status":"closed","template":"","meta":{"footnotes":""},"class_list":["post-166","page","type-page","status-publish","hentry","branch-ottawa"],"_links":{"self":[{"href":"https:\/\/www.cssk.ca\/cs\/wp-json\/wp\/v2\/pages\/166","targetHints":{"allow":["GET"]}}],"collection":[{"href":"https:\/\/www.cssk.ca\/cs\/wp-json\/wp\/v2\/pages"}],"about":[{"href":"https:\/\/www.cssk.ca\/cs\/wp-json\/wp\/v2\/types\/page"}],"author":[{"embeddable":true,"href":"https:\/\/www.cssk.ca\/cs\/wp-json\/wp\/v2\/users\/1"}],"replies":[{"embeddable":true,"href":"https:\/\/www.cssk.ca\/cs\/wp-json\/wp\/v2\/comments?post=166"}],"version-history":[{"count":4,"href":"https:\/\/www.cssk.ca\/cs\/wp-json\/wp\/v2\/pages\/166\/revisions"}],"predecessor-version":[{"id":568,"href":"https:\/\/www.cssk.ca\/cs\/wp-json\/wp\/v2\/pages\/166\/revisions\/568"}],"up":[{"embeddable":true,"href":"https:\/\/www.cssk.ca\/cs\/wp-json\/wp\/v2\/pages\/15"}],"wp:attachment":[{"href":"https:\/\/www.cssk.ca\/cs\/wp-json\/wp\/v2\/media?parent=166"}],"curies":[{"name":"wp","href":"https:\/\/api.w.org\/{rel}","templated":true}]}}