{"id":154,"date":"2025-03-16T17:32:45","date_gmt":"2025-03-16T21:32:45","guid":{"rendered":"https:\/\/www.cssk.ca\/new\/?page_id=154"},"modified":"2025-03-16T20:21:43","modified_gmt":"2025-03-17T00:21:43","slug":"join-us","status":"publish","type":"page","link":"https:\/\/www.cssk.ca\/cs\/join-us\/","title":{"rendered":"P\u0159idejte se k n\u00e1m"},"content":{"rendered":"<p><span style=\"font-weight: 400;\">Sta\u0148te se \u010dlenem \u010cesk\u00e9ho a slovensk\u00e9ho sdru\u017een\u00ed v Kanad\u011b (\u010cSSK) a podpo\u0159te na\u0161i krajanskou komunitu nap\u0159\u00ed\u010d celou Kanadou! \u010cSSK spojuje \u010cechy a Slov\u00e1ky \u017eij\u00edc\u00ed v Kanad\u011b a pom\u00e1h\u00e1 uchov\u00e1vat na\u0161e jazykov\u00e9, kulturn\u00ed a historick\u00e9 d\u011bdictv\u00ed. D\u00edky \u010dlenstv\u00ed z\u00edsk\u00e1te p\u0159\u00edstup k pestr\u00fdm kulturn\u00edm, spole\u010densk\u00fdm a vzd\u011bl\u00e1vac\u00edm aktivit\u00e1m, kter\u00e9 propojuj\u00ed krajany bez ohledu na to, kde v Kanad\u011b \u017eij\u00ed.<\/span><\/p>\n<p><span style=\"font-weight: 400;\">Organizace se tak\u00e9 aktivn\u011b pod\u00edl\u00ed na podpo\u0159e nov\u011b p\u0159\u00edchoz\u00edch, posilov\u00e1n\u00ed komunitn\u00edch vazeb a udr\u017eov\u00e1n\u00ed kontakt\u016f s domovinou. P\u0159ipojte se k n\u00e1m a sta\u0148te se sou\u010d\u00e1st\u00ed t\u00e9to dynamick\u00e9 a p\u0159\u00e1telsk\u00e9 komunity!<\/span><\/p>\n","protected":false},"excerpt":{"rendered":"<p>Sta\u0148te se \u010dlenem \u010cesk\u00e9ho a slovensk\u00e9ho sdru\u017een\u00ed v Kanad\u011b (\u010cSSK) a podpo\u0159te na\u0161i krajanskou komunitu nap\u0159\u00ed\u010d celou Kanadou! \u010cSSK spojuje \u010cechy a Slov\u00e1ky \u017eij\u00edc\u00ed v Kanad\u011b a pom\u00e1h\u00e1 uchov\u00e1vat na\u0161e jazykov\u00e9, kulturn\u00ed a historick\u00e9 d\u011bdictv\u00ed. D\u00edky \u010dlenstv\u00ed z\u00edsk\u00e1te p\u0159\u00edstup k pestr\u00fdm kulturn\u00edm, spole\u010densk\u00fdm a vzd\u011bl\u00e1vac\u00edm aktivit\u00e1m, kter\u00e9 propojuj\u00ed krajany bez ohledu na to, kde v [&hellip;]<\/p>\n","protected":false},"author":2,"featured_media":0,"parent":0,"menu_order":0,"comment_status":"closed","ping_status":"closed","template":"join-us.php","meta":{"footnotes":""},"class_list":["post-154","page","type-page","status-publish","hentry"],"_links":{"self":[{"href":"https:\/\/www.cssk.ca\/cs\/wp-json\/wp\/v2\/pages\/154","targetHints":{"allow":["GET"]}}],"collection":[{"href":"https:\/\/www.cssk.ca\/cs\/wp-json\/wp\/v2\/pages"}],"about":[{"href":"https:\/\/www.cssk.ca\/cs\/wp-json\/wp\/v2\/types\/page"}],"author":[{"embeddable":true,"href":"https:\/\/www.cssk.ca\/cs\/wp-json\/wp\/v2\/users\/2"}],"replies":[{"embeddable":true,"href":"https:\/\/www.cssk.ca\/cs\/wp-json\/wp\/v2\/comments?post=154"}],"version-history":[{"count":2,"href":"https:\/\/www.cssk.ca\/cs\/wp-json\/wp\/v2\/pages\/154\/revisions"}],"predecessor-version":[{"id":160,"href":"https:\/\/www.cssk.ca\/cs\/wp-json\/wp\/v2\/pages\/154\/revisions\/160"}],"wp:attachment":[{"href":"https:\/\/www.cssk.ca\/cs\/wp-json\/wp\/v2\/media?parent=154"}],"curies":[{"name":"wp","href":"https:\/\/api.w.org\/{rel}","templated":true}]}}