{"id":15,"date":"2025-02-23T03:29:23","date_gmt":"2025-02-23T03:29:23","guid":{"rendered":"https:\/\/cssk.lndo.site\/?page_id=15"},"modified":"2025-11-02T15:04:15","modified_gmt":"2025-11-02T20:04:15","slug":"our-community","status":"publish","type":"page","link":"https:\/\/www.cssk.ca\/cs\/our-community\/","title":{"rendered":"Na\u0161e komunita"},"content":{"rendered":"<p><span style=\"font-weight: 400;\">\u010cesk\u00e9 a slovensk\u00e9 sdru\u017een\u00ed v Kanad\u011b (\u010cSSK) bylo zalo\u017eeno v roce 1939 s c\u00edlem sjednotit \u010desk\u00e9 a slovensk\u00e9 krajany v Kanad\u011b a podpo\u0159it osvobozen\u00ed \u010ceskoslovenska b\u011bhem druh\u00e9 sv\u011btov\u00e9 v\u00e1lky. Po celou svou existenci st\u00e1lo na stran\u011b demokracie, pom\u00e1halo exulant\u016fm, organizovalo kulturn\u00ed a spole\u010densk\u00e9 aktivity a podporovalo vlasteneck\u00e9 iniciativy. Po roce 1989 se aktivn\u011b pod\u00edlelo na sb\u00edrk\u00e1ch pro \u010ceskou republiku a Slovensko, jednalo s \u00fa\u0159ady o krajansk\u00fdch ot\u00e1zk\u00e1ch a pom\u00e1halo budovat nov\u00e9 vazby mezi domovinou a komunitou v Kanad\u011b.<\/span><\/p>\n<p><span style=\"font-weight: 400;\">Dnes \u010cSSK spojuje krajany po cel\u00e9 Kanad\u011b a pokra\u010duje v podpo\u0159e \u010desk\u00e9 a slovensk\u00e9 kultury a tradic.<\/span><\/p>\n","protected":false},"excerpt":{"rendered":"<p>\u010cesk\u00e9 a slovensk\u00e9 sdru\u017een\u00ed v Kanad\u011b (\u010cSSK) bylo zalo\u017eeno v roce 1939 s c\u00edlem sjednotit \u010desk\u00e9 a slovensk\u00e9 krajany v Kanad\u011b a podpo\u0159it osvobozen\u00ed \u010ceskoslovenska b\u011bhem druh\u00e9 sv\u011btov\u00e9 v\u00e1lky. Po celou svou existenci st\u00e1lo na stran\u011b demokracie, pom\u00e1halo exulant\u016fm, organizovalo kulturn\u00ed a spole\u010densk\u00e9 aktivity a podporovalo vlasteneck\u00e9 iniciativy. Po roce 1989 se aktivn\u011b pod\u00edlelo na [&hellip;]<\/p>\n","protected":false},"author":1,"featured_media":0,"parent":0,"menu_order":0,"comment_status":"closed","ping_status":"closed","template":"our-community.php","meta":{"footnotes":""},"class_list":["post-15","page","type-page","status-publish","hentry"],"_links":{"self":[{"href":"https:\/\/www.cssk.ca\/cs\/wp-json\/wp\/v2\/pages\/15","targetHints":{"allow":["GET"]}}],"collection":[{"href":"https:\/\/www.cssk.ca\/cs\/wp-json\/wp\/v2\/pages"}],"about":[{"href":"https:\/\/www.cssk.ca\/cs\/wp-json\/wp\/v2\/types\/page"}],"author":[{"embeddable":true,"href":"https:\/\/www.cssk.ca\/cs\/wp-json\/wp\/v2\/users\/1"}],"replies":[{"embeddable":true,"href":"https:\/\/www.cssk.ca\/cs\/wp-json\/wp\/v2\/comments?post=15"}],"version-history":[{"count":12,"href":"https:\/\/www.cssk.ca\/cs\/wp-json\/wp\/v2\/pages\/15\/revisions"}],"predecessor-version":[{"id":388,"href":"https:\/\/www.cssk.ca\/cs\/wp-json\/wp\/v2\/pages\/15\/revisions\/388"}],"wp:attachment":[{"href":"https:\/\/www.cssk.ca\/cs\/wp-json\/wp\/v2\/media?parent=15"}],"curies":[{"name":"wp","href":"https:\/\/api.w.org\/{rel}","templated":true}]}}