{"id":11,"date":"2025-02-23T03:28:18","date_gmt":"2025-02-23T03:28:18","guid":{"rendered":"https:\/\/cssk.lndo.site\/?page_id=11"},"modified":"2026-01-31T16:42:15","modified_gmt":"2026-01-31T21:42:15","slug":"main-page","status":"publish","type":"page","link":"https:\/\/www.cssk.ca\/cs\/","title":{"rendered":"Jsme \u010cesk\u00e9 a slovensk\u00e9 sdru\u017een\u00ed v Kanad\u011b"},"content":{"rendered":"\r\n<h2 class=\"wp-block-heading\">N\u00e1rodn\u00ed organizace zam\u011b\u0159en\u00e1 na sdru\u017eov\u00e1n\u00ed Kana\u010fan\u016f \u010desk\u00e9ho a&nbsp;slovensk\u00e9ho p\u016fvodu.<\/h2>\r\n \r\n<p>Podporujeme zachov\u00e1n\u00ed kultury, zapojen\u00ed komunity a&nbsp;propagaci \u010desk\u00fdch a&nbsp;slovensk\u00fdch tradic po cel\u00e9 Kanad\u011b. Prost\u0159ednictv\u00edm r\u016fzn\u00fdch akc\u00ed a&nbsp;iniciativ sdru\u017een\u00ed podporuje kulturn\u00ed a&nbsp;soci\u00e1ln\u00ed z\u00e1jmy sv\u00fdch \u010dlen\u016f.<\/p>\r\n","protected":false},"excerpt":{"rendered":"<p>N\u00e1rodn\u00ed organizace zam\u011b\u0159en\u00e1 na sdru\u017eov\u00e1n\u00ed Kana\u010fan\u016f \u010desk\u00e9ho a&nbsp;slovensk\u00e9ho p\u016fvodu. Podporujeme zachov\u00e1n\u00ed kultury, zapojen\u00ed komunity a&nbsp;propagaci \u010desk\u00fdch a&nbsp;slovensk\u00fdch tradic po cel\u00e9 Kanad\u011b. Prost\u0159ednictv\u00edm r\u016fzn\u00fdch akc\u00ed a&nbsp;iniciativ sdru\u017een\u00ed podporuje kulturn\u00ed a&nbsp;soci\u00e1ln\u00ed z\u00e1jmy sv\u00fdch \u010dlen\u016f.<\/p>\n","protected":false},"author":1,"featured_media":0,"parent":0,"menu_order":0,"comment_status":"closed","ping_status":"closed","template":"home.php","meta":{"footnotes":""},"class_list":["post-11","page","type-page","status-publish","hentry"],"_links":{"self":[{"href":"https:\/\/www.cssk.ca\/cs\/wp-json\/wp\/v2\/pages\/11","targetHints":{"allow":["GET"]}}],"collection":[{"href":"https:\/\/www.cssk.ca\/cs\/wp-json\/wp\/v2\/pages"}],"about":[{"href":"https:\/\/www.cssk.ca\/cs\/wp-json\/wp\/v2\/types\/page"}],"author":[{"embeddable":true,"href":"https:\/\/www.cssk.ca\/cs\/wp-json\/wp\/v2\/users\/1"}],"replies":[{"embeddable":true,"href":"https:\/\/www.cssk.ca\/cs\/wp-json\/wp\/v2\/comments?post=11"}],"version-history":[{"count":4,"href":"https:\/\/www.cssk.ca\/cs\/wp-json\/wp\/v2\/pages\/11\/revisions"}],"predecessor-version":[{"id":488,"href":"https:\/\/www.cssk.ca\/cs\/wp-json\/wp\/v2\/pages\/11\/revisions\/488"}],"wp:attachment":[{"href":"https:\/\/www.cssk.ca\/cs\/wp-json\/wp\/v2\/media?parent=11"}],"curies":[{"name":"wp","href":"https:\/\/api.w.org\/{rel}","templated":true}]}}